{"id":1568,"date":"2014-04-15T13:23:08","date_gmt":"2014-04-15T11:23:08","guid":{"rendered":"https:\/\/www.dosimetria.com\/?page_id=1568"},"modified":"2014-04-15T13:24:23","modified_gmt":"2014-04-15T11:24:23","slug":"peticio-de-pressupost","status":"publish","type":"page","link":"https:\/\/www.dosimetria.com\/ca\/peticio-de-pressupost\/","title":{"rendered":"Petici\u00f3 de pressupost"},"content":{"rendered":"<p>Empleneu els camps adjunts per a l&#8217;elaboraci\u00f3 del pressupost del servei (camps obligatoris*). El departament de clients es posar\u00e0 en contacte en cas que calgui m\u00e9s informaci\u00f3 per a l&#8217;elaboraci\u00f3 del pressupost.<!--?xml:namespace prefix = \"o\" ns = \"urn:schemas-microsoft-com:office:office\" \/--><\/p>\n","protected":false},"excerpt":{"rendered":"<p>Empleneu els camps adjunts per a l&#8217;elaboraci\u00f3 del pressupost del servei (camps obligatoris*). El departament de clients es posar\u00e0 en contacte en cas que calgui m\u00e9s informaci\u00f3 per a l&#8217;elaboraci\u00f3 del pressupost.<\/p>\n","protected":false},"author":22,"featured_media":0,"parent":0,"menu_order":0,"comment_status":"closed","ping_status":"open","template":"","meta":{"_acf_changed":false,"footnotes":""},"class_list":["post-1568","page","type-page","status-publish","hentry"],"acf":[],"_links":{"self":[{"href":"https:\/\/www.dosimetria.com\/ca\/wp-json\/wp\/v2\/pages\/1568"}],"collection":[{"href":"https:\/\/www.dosimetria.com\/ca\/wp-json\/wp\/v2\/pages"}],"about":[{"href":"https:\/\/www.dosimetria.com\/ca\/wp-json\/wp\/v2\/types\/page"}],"author":[{"embeddable":true,"href":"https:\/\/www.dosimetria.com\/ca\/wp-json\/wp\/v2\/users\/22"}],"replies":[{"embeddable":true,"href":"https:\/\/www.dosimetria.com\/ca\/wp-json\/wp\/v2\/comments?post=1568"}],"version-history":[{"count":0,"href":"https:\/\/www.dosimetria.com\/ca\/wp-json\/wp\/v2\/pages\/1568\/revisions"}],"wp:attachment":[{"href":"https:\/\/www.dosimetria.com\/ca\/wp-json\/wp\/v2\/media?parent=1568"}],"curies":[{"name":"wp","href":"https:\/\/api.w.org\/{rel}","templated":true}]}}