{"id":1952,"date":"2012-10-25T09:40:35","date_gmt":"2012-10-25T09:40:35","guid":{"rendered":"https:\/\/www.dosimetria.com\/konpainiak\/"},"modified":"2024-10-03T12:36:13","modified_gmt":"2024-10-03T10:36:13","slug":"empresa","status":"publish","type":"page","link":"https:\/\/www.dosimetria.com\/ca\/empresa\/","title":{"rendered":"Empresa"},"content":{"rendered":"<p><strong>centro de dosimetr\u00eda<\/strong>\u00a0es va fundar l&#8217;any 1981 amb la finalitat d&#8217;oferir el Servei de Dosimetria Personal (SDP) en les \u00e0rees sanit\u00e0ria, cient\u00edfica i industrial i controlar els professionals exposats a radiacions ionitzants.<\/p>\n<p>La <strong>missi\u00f3 del centre de dosimetria<\/strong> \u00e9s oferir el SDP satisfent les necessitats dels clients, complint tant amb els requisits especificats en el Reglament sobre protecci\u00f3 de la salut contra els riscos derivats de l&#8217;exposici\u00f3 a les radiacions ionitzants, Reial decret 1029\/2022, de 20 de desembre, com amb les directrius definides pel Consell de Seguretat Nuclear.<\/p>\n<p>L&#8217;empresa, en els m\u00e9s de 30 anys d&#8217;experi\u00e8ncia acumulada, ha mantingut la seva <strong>estrat\u00e8gia<\/strong>\u00a0d&#8217;<strong>especialitzaci\u00f3<\/strong>\u00a0en l&#8217;<strong>SDP<\/strong>\u00a0i ha fomentat la millora cont\u00ednua en l&#8217;\u00e0rea de la dosimetria personal. Els principals <strong>valors<\/strong>\u00a0de l&#8217;empresa s\u00f3n assegurar la <strong>qualitat dels seus assaigs<\/strong>, respectar el medi ambient i intentar col\u00b7laborar, en la mesura que pugui, en el desenvolupament del sector de la protecci\u00f3 radiol\u00f2gica i contribuir, en general, amb el seu entorn social.<\/p>\n<p style=\"text-align: justify;\">\n","protected":false},"excerpt":{"rendered":"<p>centro de dosimetr\u00eda\u00a0es va fundar l&#8217;any 1981 amb la finalitat d&#8217;oferir el Servei de Dosimetria Personal (SDP) en les \u00e0rees sanit\u00e0ria, cient\u00edfica i industrial i controlar els professionals exposats a radiacions ionitzants. La missi\u00f3 del centre de dosimetria \u00e9s oferir el SDP satisfent les necessitats dels clients, complint tant amb els requisits especificats en el [&hellip;]<\/p>\n","protected":false},"author":22,"featured_media":0,"parent":0,"menu_order":1,"comment_status":"closed","ping_status":"closed","template":"page-imagensuperior.php","meta":{"_acf_changed":false,"footnotes":""},"class_list":["post-1952","page","type-page","status-publish","hentry"],"acf":[],"_links":{"self":[{"href":"https:\/\/www.dosimetria.com\/ca\/wp-json\/wp\/v2\/pages\/1952"}],"collection":[{"href":"https:\/\/www.dosimetria.com\/ca\/wp-json\/wp\/v2\/pages"}],"about":[{"href":"https:\/\/www.dosimetria.com\/ca\/wp-json\/wp\/v2\/types\/page"}],"author":[{"embeddable":true,"href":"https:\/\/www.dosimetria.com\/ca\/wp-json\/wp\/v2\/users\/22"}],"replies":[{"embeddable":true,"href":"https:\/\/www.dosimetria.com\/ca\/wp-json\/wp\/v2\/comments?post=1952"}],"version-history":[{"count":2,"href":"https:\/\/www.dosimetria.com\/ca\/wp-json\/wp\/v2\/pages\/1952\/revisions"}],"predecessor-version":[{"id":9210,"href":"https:\/\/www.dosimetria.com\/ca\/wp-json\/wp\/v2\/pages\/1952\/revisions\/9210"}],"wp:attachment":[{"href":"https:\/\/www.dosimetria.com\/ca\/wp-json\/wp\/v2\/media?parent=1952"}],"curies":[{"name":"wp","href":"https:\/\/api.w.org\/{rel}","templated":true}]}}