{"id":1984,"date":"2012-12-11T09:31:41","date_gmt":"2012-12-11T09:31:41","guid":{"rendered":"https:\/\/www.dosimetria.com\/dosimetria\/dosimetria-individual\/"},"modified":"2016-06-27T12:30:00","modified_gmt":"2016-06-27T10:30:00","slug":"dosimetria-individual","status":"publish","type":"page","link":"https:\/\/www.dosimetria.com\/ca\/dosimetria\/dosimetria-individual\/","title":{"rendered":"Dosimetria individual"},"content":{"rendered":"<p>Dins d&#8217;aquest terme, hi englobem l&#8217;estimaci\u00f3 de la dosi equivalent, profunda i superficial, que rep un treballador professionalment exposat, obtinguda mitjan\u00e7ant la lectura del dos\u00edmetre assignat i que duu la persona durant tota la seva jornada laboral.<\/p>\n<p>Els diferents tipus de dos\u00edmetres individuals, classificats segons la seva col\u00b7locaci\u00f3, s\u00f3n:<\/p>\n<ul>\n<li><em>Dos\u00edmetres de cos sencer<\/em><\/li>\n<li>Dos\u00edmetres d&#8217;extremitats (canell i anell)<\/li>\n<li>Dos\u00edmetres espec\u00edfics per al mesurament a altres zones o situacions especials<\/li>\n<\/ul>\n<p>El servei que s&#8217;ofereix \u00e9s mensual. Els dos\u00edmetres assignats estan degudament etiquetats i inclouen les dades de l&#8217;usuari i un codi de barres \u00fanic, que en permet la tra\u00e7abilitat.<\/p>\n<p><!--?xml:namespace prefix = \"o\" ns = \"urn:schemas-microsoft-com:office:office\" \/--><\/p>\n","protected":false},"excerpt":{"rendered":"<p>Dins d&#8217;aquest terme, hi englobem l&#8217;estimaci\u00f3 de la dosi equivalent, profunda i superficial, que rep un treballador professionalment exposat, obtinguda mitjan\u00e7ant la lectura del dos\u00edmetre assignat i que duu la persona durant tota la seva jornada laboral. Els diferents tipus de dos\u00edmetres individuals, classificats segons la seva col\u00b7locaci\u00f3, s\u00f3n: Dos\u00edmetres de cos sencer Dos\u00edmetres d&#8217;extremitats [&hellip;]<\/p>\n","protected":false},"author":22,"featured_media":0,"parent":1971,"menu_order":1,"comment_status":"closed","ping_status":"open","template":"page-imagensuperior.php","meta":{"_acf_changed":false,"footnotes":""},"class_list":["post-1984","page","type-page","status-publish","hentry"],"acf":[],"_links":{"self":[{"href":"https:\/\/www.dosimetria.com\/ca\/wp-json\/wp\/v2\/pages\/1984"}],"collection":[{"href":"https:\/\/www.dosimetria.com\/ca\/wp-json\/wp\/v2\/pages"}],"about":[{"href":"https:\/\/www.dosimetria.com\/ca\/wp-json\/wp\/v2\/types\/page"}],"author":[{"embeddable":true,"href":"https:\/\/www.dosimetria.com\/ca\/wp-json\/wp\/v2\/users\/22"}],"replies":[{"embeddable":true,"href":"https:\/\/www.dosimetria.com\/ca\/wp-json\/wp\/v2\/comments?post=1984"}],"version-history":[{"count":0,"href":"https:\/\/www.dosimetria.com\/ca\/wp-json\/wp\/v2\/pages\/1984\/revisions"}],"up":[{"embeddable":true,"href":"https:\/\/www.dosimetria.com\/ca\/wp-json\/wp\/v2\/pages\/1971"}],"wp:attachment":[{"href":"https:\/\/www.dosimetria.com\/ca\/wp-json\/wp\/v2\/media?parent=1984"}],"curies":[{"name":"wp","href":"https:\/\/api.w.org\/{rel}","templated":true}]}}