{"id":1997,"date":"2012-11-06T10:24:59","date_gmt":"2012-11-06T10:24:59","guid":{"rendered":"https:\/\/www.dosimetria.com\/service\/"},"modified":"2016-06-27T11:50:45","modified_gmt":"2016-06-27T09:50:45","slug":"servicios-sdp","status":"publish","type":"page","link":"https:\/\/www.dosimetria.com\/ca\/servicios-sdp\/","title":{"rendered":"Servei"},"content":{"rendered":"<p>La contractaci\u00f3 de l&#8217;SDP inclou com a prestacions b\u00e0siques: l&#8217;assignaci\u00f3, la distribuci\u00f3 i l&#8217;an\u00e0lisi dels dos\u00edmetres; l&#8217;elaboraci\u00f3 i l&#8217;enviament d&#8217;informes dosim\u00e8trics; la comunicaci\u00f3 de dosis als organismes reguladors.<\/p>\n<p>Com a especialista en SDP, <strong>centro de dosimetr\u00eda<\/strong> fomenta la millora cont\u00ednua en cadascuna de les facetes del servei i desenvolupa prestacions addicionals i eines &#8220;ad hoc&#8221; <em>(*1)<\/em> d&#8217;acord amb les necessitats espec\u00edfiques de cada sector i client.<\/p>\n<p>En el fullet de &#8220;Benvinguda &#8211; SDP&#8221; es resumeix el servei i les seves condicions d&#8217;\u00fas. (Qu\u00e8 \u00e9s un servei de dosimetria? Qu\u00e8 \u00e9s un dos\u00edmetre? Quan i com portar els dos\u00edmetres?, Com es mesuren les dosis?, etc.)<\/p>\n<p><em>\u00a0(*1) <\/em><strong><em>Ad hoc<\/em><\/strong><em> \u00e9s una locuci\u00f3 llatina que significa literalment \u00abper a aix\u00f2\u00bb. Generalment es refereix a una soluci\u00f3 elaborada espec\u00edficament per a un problema o finalitat precisa i, per tant, no \u00e9s generalitzable ni utilitzable per a altres prop\u00f2sits.<\/em><\/p>\n","protected":false},"excerpt":{"rendered":"<p>La contractaci\u00f3 de l&#8217;SDP inclou com a prestacions b\u00e0siques: l&#8217;assignaci\u00f3, la distribuci\u00f3 i l&#8217;an\u00e0lisi dels dos\u00edmetres; l&#8217;elaboraci\u00f3 i l&#8217;enviament d&#8217;informes dosim\u00e8trics; la comunicaci\u00f3 de dosis als organismes reguladors. Com a especialista en SDP, centro de dosimetr\u00eda fomenta la millora cont\u00ednua en cadascuna de les facetes del servei i desenvolupa prestacions addicionals i eines &#8220;ad hoc&#8221; [&hellip;]<\/p>\n","protected":false},"author":22,"featured_media":0,"parent":0,"menu_order":3,"comment_status":"closed","ping_status":"closed","template":"page-imagensuperior.php","meta":{"_acf_changed":false,"footnotes":""},"class_list":["post-1997","page","type-page","status-publish","hentry"],"acf":[],"_links":{"self":[{"href":"https:\/\/www.dosimetria.com\/ca\/wp-json\/wp\/v2\/pages\/1997"}],"collection":[{"href":"https:\/\/www.dosimetria.com\/ca\/wp-json\/wp\/v2\/pages"}],"about":[{"href":"https:\/\/www.dosimetria.com\/ca\/wp-json\/wp\/v2\/types\/page"}],"author":[{"embeddable":true,"href":"https:\/\/www.dosimetria.com\/ca\/wp-json\/wp\/v2\/users\/22"}],"replies":[{"embeddable":true,"href":"https:\/\/www.dosimetria.com\/ca\/wp-json\/wp\/v2\/comments?post=1997"}],"version-history":[{"count":0,"href":"https:\/\/www.dosimetria.com\/ca\/wp-json\/wp\/v2\/pages\/1997\/revisions"}],"wp:attachment":[{"href":"https:\/\/www.dosimetria.com\/ca\/wp-json\/wp\/v2\/media?parent=1997"}],"curies":[{"name":"wp","href":"https:\/\/api.w.org\/{rel}","templated":true}]}}