{"id":2014,"date":"2012-11-06T10:25:39","date_gmt":"2012-11-06T10:25:39","guid":{"rendered":"https:\/\/www.dosimetria.com\/calidad\/"},"modified":"2016-06-27T11:59:20","modified_gmt":"2016-06-27T09:59:20","slug":"calidad","status":"publish","type":"page","link":"https:\/\/www.dosimetria.com\/ca\/calidad\/","title":{"rendered":"Qualitat"},"content":{"rendered":"<p>&nbsp;<\/p>\n<p>La missi\u00f3 de <strong>centro de dosimetr\u00eda<\/strong> \u00e9s oferir el servei de dosimetria personal per tal de satisfer les necessitats dels seus clients, alhora que aplica valors que demostrin el seu comprom\u00eds amb l&#8217;entorn i valora l&#8217;impacte en la comunitat, el medi ambient i les persones implicades.<\/p>\n<p>Per complir aquestes expectatives, la visi\u00f3 de <strong>centro de dosimetr\u00eda <\/strong>\u00e9s assegurar la qualitat del servei mitjan\u00e7ant una gesti\u00f3 basada en els plantejaments seg\u00fcents:<\/p>\n<ul>\n<li>Sistema integral de gesti\u00f3 de qualitat, medi ambient i seguretat.<\/li>\n<li>Orientaci\u00f3 al client, identificant necessitats estandarditzades i espec\u00edfiques.<\/li>\n<li>Aplicaci\u00f3 de gesti\u00f3 per processos per assegurar la millora cont\u00ednua.<\/li>\n<li>Seguiment del servei mitjan\u00e7ant l&#8217;aplicaci\u00f3 d&#8217;un quadre de mesuradors, tant en els aspectes de servei, qualitat, etc.<\/li>\n<\/ul>\n","protected":false},"excerpt":{"rendered":"<p>&nbsp; La missi\u00f3 de centro de dosimetr\u00eda \u00e9s oferir el servei de dosimetria personal per tal de satisfer les necessitats dels seus clients, alhora que aplica valors que demostrin el seu comprom\u00eds amb l&#8217;entorn i valora l&#8217;impacte en la comunitat, el medi ambient i les persones implicades. Per complir aquestes expectatives, la visi\u00f3 de centro [&hellip;]<\/p>\n","protected":false},"author":22,"featured_media":0,"parent":0,"menu_order":5,"comment_status":"closed","ping_status":"open","template":"page-imagensuperior.php","meta":{"_acf_changed":false,"footnotes":""},"class_list":["post-2014","page","type-page","status-publish","hentry"],"acf":[],"_links":{"self":[{"href":"https:\/\/www.dosimetria.com\/ca\/wp-json\/wp\/v2\/pages\/2014"}],"collection":[{"href":"https:\/\/www.dosimetria.com\/ca\/wp-json\/wp\/v2\/pages"}],"about":[{"href":"https:\/\/www.dosimetria.com\/ca\/wp-json\/wp\/v2\/types\/page"}],"author":[{"embeddable":true,"href":"https:\/\/www.dosimetria.com\/ca\/wp-json\/wp\/v2\/users\/22"}],"replies":[{"embeddable":true,"href":"https:\/\/www.dosimetria.com\/ca\/wp-json\/wp\/v2\/comments?post=2014"}],"version-history":[{"count":0,"href":"https:\/\/www.dosimetria.com\/ca\/wp-json\/wp\/v2\/pages\/2014\/revisions"}],"wp:attachment":[{"href":"https:\/\/www.dosimetria.com\/ca\/wp-json\/wp\/v2\/media?parent=2014"}],"curies":[{"name":"wp","href":"https:\/\/api.w.org\/{rel}","templated":true}]}}