{"id":2022,"date":"2012-11-06T10:26:18","date_gmt":"2012-11-06T10:26:18","guid":{"rendered":"https:\/\/www.dosimetria.com\/biblioteca\/"},"modified":"2016-06-27T12:00:49","modified_gmt":"2016-06-27T10:00:49","slug":"biblioteca","status":"publish","type":"page","link":"https:\/\/www.dosimetria.com\/ca\/biblioteca\/","title":{"rendered":"Biblioteca"},"content":{"rendered":"<p>En aquesta secci\u00f3 es pret\u00e9n aportar al lector informaci\u00f3 relativa a documentaci\u00f3 del sector, normativa i llocs d&#8217;inter\u00e8s relacionats amb l&#8217;activitat del <strong>centro de dosimetr\u00eda<\/strong>.<\/p>\n<p>&nbsp;<\/p>\n","protected":false},"excerpt":{"rendered":"<p>En aquesta secci\u00f3 es pret\u00e9n aportar al lector informaci\u00f3 relativa a documentaci\u00f3 del sector, normativa i llocs d&#8217;inter\u00e8s relacionats amb l&#8217;activitat del centro de dosimetr\u00eda. &nbsp;<\/p>\n","protected":false},"author":22,"featured_media":0,"parent":0,"menu_order":6,"comment_status":"closed","ping_status":"closed","template":"page-imagensuperior.php","meta":{"_acf_changed":false,"footnotes":""},"class_list":["post-2022","page","type-page","status-publish","hentry"],"acf":[],"_links":{"self":[{"href":"https:\/\/www.dosimetria.com\/ca\/wp-json\/wp\/v2\/pages\/2022"}],"collection":[{"href":"https:\/\/www.dosimetria.com\/ca\/wp-json\/wp\/v2\/pages"}],"about":[{"href":"https:\/\/www.dosimetria.com\/ca\/wp-json\/wp\/v2\/types\/page"}],"author":[{"embeddable":true,"href":"https:\/\/www.dosimetria.com\/ca\/wp-json\/wp\/v2\/users\/22"}],"replies":[{"embeddable":true,"href":"https:\/\/www.dosimetria.com\/ca\/wp-json\/wp\/v2\/comments?post=2022"}],"version-history":[{"count":0,"href":"https:\/\/www.dosimetria.com\/ca\/wp-json\/wp\/v2\/pages\/2022\/revisions"}],"wp:attachment":[{"href":"https:\/\/www.dosimetria.com\/ca\/wp-json\/wp\/v2\/media?parent=2022"}],"curies":[{"name":"wp","href":"https:\/\/api.w.org\/{rel}","templated":true}]}}