{"id":2049,"date":"2012-12-11T09:32:22","date_gmt":"2012-12-11T09:32:22","guid":{"rendered":"https:\/\/www.dosimetria.com\/dosimetria\/dosimetria-ocupacional\/"},"modified":"2017-05-11T18:14:57","modified_gmt":"2017-05-11T16:14:57","slug":"dosimetria-ocupacional","status":"publish","type":"page","link":"https:\/\/www.dosimetria.com\/ca\/dosimetria\/dosimetria-ocupacional\/","title":{"rendered":"Dosimetria ocupacional"},"content":{"rendered":"<p>&nbsp;<\/p>\n<p>Aquest tipus de dosimetria s&#8217;utilitza per mesurar les dosis en un entorn i segons la seva aplicaci\u00f3 podem utilitzar:<\/p>\n<ul>\n<li><strong>Dosimetria d&#8217;\u00e0rea<\/strong>: S&#8217;utilitza per mesurar les dosis en una \u00e0rea concreta. Tanmateix, a nivells pr\u00e0ctics, i sempre que el responsable de protecci\u00f3 radiol\u00f2gica ho determini, es pot utilitzar per a l&#8217;estimaci\u00f3 de dosis equivalents personals.<\/li>\n<li><strong>Dosimetria ambiental<\/strong>: Aqu\u00ed es pret\u00e9n mesurar l&#8217;impacte de les radiacions en el medi ambient o en un entorn determinat.<\/li>\n<li><strong>Dosimetria de lloc de treball<\/strong>: Una altra forma d&#8217;estimaci\u00f3 de les dosis equivalents rebudes pels treballadors consisteix a assignar un dos\u00edmetre a un lloc de treball.\u00a0Per tant, aquest dos\u00edmetre el porten tots els operadors que comparteixin una s\u00e8rie de funcions i tasques, assignades al lloc de treball.<\/li>\n<\/ul>\n<p style=\"text-align: justify;\">\n","protected":false},"excerpt":{"rendered":"<p>&nbsp; Aquest tipus de dosimetria s&#8217;utilitza per mesurar les dosis en un entorn i segons la seva aplicaci\u00f3 podem utilitzar: Dosimetria d&#8217;\u00e0rea: S&#8217;utilitza per mesurar les dosis en una \u00e0rea concreta. Tanmateix, a nivells pr\u00e0ctics, i sempre que el responsable de protecci\u00f3 radiol\u00f2gica ho determini, es pot utilitzar per a l&#8217;estimaci\u00f3 de dosis equivalents personals. [&hellip;]<\/p>\n","protected":false},"author":22,"featured_media":0,"parent":1971,"menu_order":2,"comment_status":"closed","ping_status":"open","template":"page-imagensuperior.php","meta":{"_acf_changed":false,"footnotes":""},"class_list":["post-2049","page","type-page","status-publish","hentry"],"acf":[],"_links":{"self":[{"href":"https:\/\/www.dosimetria.com\/ca\/wp-json\/wp\/v2\/pages\/2049"}],"collection":[{"href":"https:\/\/www.dosimetria.com\/ca\/wp-json\/wp\/v2\/pages"}],"about":[{"href":"https:\/\/www.dosimetria.com\/ca\/wp-json\/wp\/v2\/types\/page"}],"author":[{"embeddable":true,"href":"https:\/\/www.dosimetria.com\/ca\/wp-json\/wp\/v2\/users\/22"}],"replies":[{"embeddable":true,"href":"https:\/\/www.dosimetria.com\/ca\/wp-json\/wp\/v2\/comments?post=2049"}],"version-history":[{"count":0,"href":"https:\/\/www.dosimetria.com\/ca\/wp-json\/wp\/v2\/pages\/2049\/revisions"}],"up":[{"embeddable":true,"href":"https:\/\/www.dosimetria.com\/ca\/wp-json\/wp\/v2\/pages\/1971"}],"wp:attachment":[{"href":"https:\/\/www.dosimetria.com\/ca\/wp-json\/wp\/v2\/media?parent=2049"}],"curies":[{"name":"wp","href":"https:\/\/api.w.org\/{rel}","templated":true}]}}