{"id":2057,"date":"2012-12-11T09:32:49","date_gmt":"2012-12-11T09:32:49","guid":{"rendered":"https:\/\/www.dosimetria.com\/dosimetria\/dosimetria-a-medida\/"},"modified":"2014-09-25T14:26:34","modified_gmt":"2014-09-25T12:26:34","slug":"dosimetria-a-medida","status":"publish","type":"page","link":"https:\/\/www.dosimetria.com\/ca\/dosimetria\/dosimetria-a-medida\/","title":{"rendered":"Dosimetria a mida"},"content":{"rendered":"<p>Des dels seus inicis, <strong>centro de dosimetr\u00eda <\/strong>ha estat una empresa pionera en el camp de la dosimetria, tant a escala nacional com internacional, i ha col\u00b7laborat amb organitzacions, empreses i clients del sector, en el desenvolupament de la dosimetria com a tal. \u00c9s per aix\u00f2 que, a m\u00e9s de la millora cont\u00ednua en el Servei de Dosimetria Personal, ha invertit els seus esfor\u00e7os a definir i participar en altres aplicacions addicionals.<\/p>\n<p>En aquest apartat es mostren algunes de les aplicacions que han tingut \u00e8xit i que s&#8217;apliquen actualment de manera puntual, sobretot, en la recerca o en la implantaci\u00f3 de millores en empreses del sector sanitari.<\/p>\n<p>&nbsp;<\/p>\n<p>&nbsp;<\/p>\n","protected":false},"excerpt":{"rendered":"<p>Des dels seus inicis, centro de dosimetr\u00eda ha estat una empresa pionera en el camp de la dosimetria, tant a escala nacional com internacional, i ha col\u00b7laborat amb organitzacions, empreses i clients del sector, en el desenvolupament de la dosimetria com a tal. \u00c9s per aix\u00f2 que, a m\u00e9s de la millora cont\u00ednua en el [&hellip;]<\/p>\n","protected":false},"author":22,"featured_media":0,"parent":1971,"menu_order":3,"comment_status":"closed","ping_status":"open","template":"","meta":{"_acf_changed":false,"footnotes":""},"class_list":["post-2057","page","type-page","status-publish","hentry"],"acf":[],"_links":{"self":[{"href":"https:\/\/www.dosimetria.com\/ca\/wp-json\/wp\/v2\/pages\/2057"}],"collection":[{"href":"https:\/\/www.dosimetria.com\/ca\/wp-json\/wp\/v2\/pages"}],"about":[{"href":"https:\/\/www.dosimetria.com\/ca\/wp-json\/wp\/v2\/types\/page"}],"author":[{"embeddable":true,"href":"https:\/\/www.dosimetria.com\/ca\/wp-json\/wp\/v2\/users\/22"}],"replies":[{"embeddable":true,"href":"https:\/\/www.dosimetria.com\/ca\/wp-json\/wp\/v2\/comments?post=2057"}],"version-history":[{"count":0,"href":"https:\/\/www.dosimetria.com\/ca\/wp-json\/wp\/v2\/pages\/2057\/revisions"}],"up":[{"embeddable":true,"href":"https:\/\/www.dosimetria.com\/ca\/wp-json\/wp\/v2\/pages\/1971"}],"wp:attachment":[{"href":"https:\/\/www.dosimetria.com\/ca\/wp-json\/wp\/v2\/media?parent=2057"}],"curies":[{"name":"wp","href":"https:\/\/api.w.org\/{rel}","templated":true}]}}