{"id":2066,"date":"2012-10-25T11:32:11","date_gmt":"2012-10-25T11:32:11","guid":{"rendered":"https:\/\/www.dosimetria.com\/dosimetria\/dosimetria-individual\/cuerpo-entero\/"},"modified":"2016-10-26T11:38:19","modified_gmt":"2016-10-26T09:38:19","slug":"cuerpo-entero","status":"publish","type":"page","link":"https:\/\/www.dosimetria.com\/ca\/dosimetria\/dosimetria-individual\/cuerpo-entero\/","title":{"rendered":"Cos sencer"},"content":{"rendered":"<p>El control dosim\u00e8tric habitual es fa mitjan\u00e7ant els dos\u00edmetres individuals denominats de cos sencer, calibrats en dosi equivalent personal superficial H<sub>P<\/sub>(0.07) i profunda H<sub>P<\/sub>(10).<\/p>\n<ul>\n<li>Van protegits per una caixa de policarbonat transparent i amb una pin\u00e7a per a la col\u00b7locaci\u00f3 correcta del dos\u00edmetre.<\/li>\n<li>S\u00f3n de color blau i groc. El de color blau s&#8217;utilitza durant els mesos parells i el de color groc, durant el mesos senars.<\/li>\n<\/ul>\n<p>Normes b\u00e0siques d&#8217;\u00fas:<\/p>\n<ul>\n<li>El dos\u00edmetre \u00e9s personal i intransferible.<\/li>\n<li>S&#8217;ha de portar durant tota la jornada laboral i no s&#8217;ha de treure fora del centre de treball.<\/li>\n<li>Ha d&#8217;anar penjat al tors i amb la cara anterior visible, on consta el nom de l&#8217;usuari.<\/li>\n<li>S&#8217;ha de col\u00b7locar per sota de qualsevol protecci\u00f3 que s&#8217;utilitzi, com per exemple un davantal de plom.<\/li>\n<\/ul>\n<p style=\"text-align: justify;\">\n","protected":false},"excerpt":{"rendered":"<p>El control dosim\u00e8tric habitual es fa mitjan\u00e7ant els dos\u00edmetres individuals denominats de cos sencer, calibrats en dosi equivalent personal superficial HP(0.07) i profunda HP(10). Van protegits per una caixa de policarbonat transparent i amb una pin\u00e7a per a la col\u00b7locaci\u00f3 correcta del dos\u00edmetre. S\u00f3n de color blau i groc. El de color blau s&#8217;utilitza durant [&hellip;]<\/p>\n","protected":false},"author":22,"featured_media":0,"parent":1984,"menu_order":1,"comment_status":"closed","ping_status":"closed","template":"page-imagensuperior.php","meta":{"_acf_changed":false,"footnotes":""},"class_list":["post-2066","page","type-page","status-publish","hentry"],"acf":[],"_links":{"self":[{"href":"https:\/\/www.dosimetria.com\/ca\/wp-json\/wp\/v2\/pages\/2066"}],"collection":[{"href":"https:\/\/www.dosimetria.com\/ca\/wp-json\/wp\/v2\/pages"}],"about":[{"href":"https:\/\/www.dosimetria.com\/ca\/wp-json\/wp\/v2\/types\/page"}],"author":[{"embeddable":true,"href":"https:\/\/www.dosimetria.com\/ca\/wp-json\/wp\/v2\/users\/22"}],"replies":[{"embeddable":true,"href":"https:\/\/www.dosimetria.com\/ca\/wp-json\/wp\/v2\/comments?post=2066"}],"version-history":[{"count":0,"href":"https:\/\/www.dosimetria.com\/ca\/wp-json\/wp\/v2\/pages\/2066\/revisions"}],"up":[{"embeddable":true,"href":"https:\/\/www.dosimetria.com\/ca\/wp-json\/wp\/v2\/pages\/1984"}],"wp:attachment":[{"href":"https:\/\/www.dosimetria.com\/ca\/wp-json\/wp\/v2\/media?parent=2066"}],"curies":[{"name":"wp","href":"https:\/\/api.w.org\/{rel}","templated":true}]}}