{"id":2074,"date":"2012-10-25T11:34:48","date_gmt":"2012-10-25T11:34:48","guid":{"rendered":"https:\/\/www.dosimetria.com\/dosimetria\/dosimetria-individual\/muneca\/"},"modified":"2016-06-27T11:29:26","modified_gmt":"2016-06-27T09:29:26","slug":"extremidades-muneca","status":"publish","type":"page","link":"https:\/\/www.dosimetria.com\/ca\/dosimetria\/dosimetria-individual\/extremidades-muneca\/","title":{"rendered":"Canell"},"content":{"rendered":"<p>En el cas de persones que, pel seu tipus de feina, necessitin l&#8217;avaluaci\u00f3 de la dosi equivalent a les extremitats, poden utilitzar dos\u00edmetres de canell, addicionalment al dos\u00edmetre de cos sencer.<\/p>\n<ul>\n<li>Tenen la mateixa configuraci\u00f3 que el dos\u00edmetre de cos sencer i s&#8217;envien a l&#8217;usuari identificats de la mateixa manera que aquests.<\/li>\n<li>Van protegits per una caixa de policarbonat transparent i amb una corretja per col\u00b7locar-lo com si fos un rellotge.<\/li>\n<li>Sempre s\u00f3n de color blanc. El color blau i groc dels mesos parells i senars s&#8217;aprecia a la placa interior.<\/li>\n<\/ul>\n<p>Normes b\u00e0siques d&#8217;\u00fas:<\/p>\n<ul>\n<li>El dos\u00edmetre \u00e9s personal i intransferible.<\/li>\n<li>S&#8217;ha de portar durant tota la jornada laboral i no s&#8217;ha de treure fora del centre de treball.<\/li>\n<li>S&#8217;ha de col\u00b7locar per sota de qualsevol protecci\u00f3 que s&#8217;utilitzi i a l&#8217;extremitat de l&#8217;usuari, l&#8217;esquerra o la dreta, que estigui m\u00e9s exposada a la radiaci\u00f3, en funci\u00f3 del seu tipus i procediments de treball.<\/li>\n<\/ul>\n<p>Aquest tipus de dos\u00edmetre es recomana per al seu \u00fas en radiodiagn\u00f2stic, radioter\u00e0pia i intervencionisme.<\/p>\n<p style=\"text-align: justify;\">\n","protected":false},"excerpt":{"rendered":"<p>En el cas de persones que, pel seu tipus de feina, necessitin l&#8217;avaluaci\u00f3 de la dosi equivalent a les extremitats, poden utilitzar dos\u00edmetres de canell, addicionalment al dos\u00edmetre de cos sencer. Tenen la mateixa configuraci\u00f3 que el dos\u00edmetre de cos sencer i s&#8217;envien a l&#8217;usuari identificats de la mateixa manera que aquests. Van protegits per [&hellip;]<\/p>\n","protected":false},"author":22,"featured_media":0,"parent":1984,"menu_order":2,"comment_status":"closed","ping_status":"closed","template":"page-imagensuperior.php","meta":{"_acf_changed":false,"footnotes":""},"class_list":["post-2074","page","type-page","status-publish","hentry"],"acf":[],"_links":{"self":[{"href":"https:\/\/www.dosimetria.com\/ca\/wp-json\/wp\/v2\/pages\/2074"}],"collection":[{"href":"https:\/\/www.dosimetria.com\/ca\/wp-json\/wp\/v2\/pages"}],"about":[{"href":"https:\/\/www.dosimetria.com\/ca\/wp-json\/wp\/v2\/types\/page"}],"author":[{"embeddable":true,"href":"https:\/\/www.dosimetria.com\/ca\/wp-json\/wp\/v2\/users\/22"}],"replies":[{"embeddable":true,"href":"https:\/\/www.dosimetria.com\/ca\/wp-json\/wp\/v2\/comments?post=2074"}],"version-history":[{"count":0,"href":"https:\/\/www.dosimetria.com\/ca\/wp-json\/wp\/v2\/pages\/2074\/revisions"}],"up":[{"embeddable":true,"href":"https:\/\/www.dosimetria.com\/ca\/wp-json\/wp\/v2\/pages\/1984"}],"wp:attachment":[{"href":"https:\/\/www.dosimetria.com\/ca\/wp-json\/wp\/v2\/media?parent=2074"}],"curies":[{"name":"wp","href":"https:\/\/api.w.org\/{rel}","templated":true}]}}