{"id":2084,"date":"2013-01-22T07:09:50","date_gmt":"2013-01-22T07:09:50","guid":{"rendered":"https:\/\/www.dosimetria.com\/dosimetria\/dosimetria-individual\/cristalino\/"},"modified":"2023-02-07T11:26:23","modified_gmt":"2023-02-07T10:26:23","slug":"cristalino","status":"publish","type":"page","link":"https:\/\/www.dosimetria.com\/ca\/dosimetria\/dosimetria-individual\/cristalino\/","title":{"rendered":"Cristal\u2022l\u00ed"},"content":{"rendered":"\n<p>En el cas de persones que pel seu tipus de feina necessitin de l&#8217;avaluaci\u00f3 de la dosi equivalent en el cristal\u00b7l\u00ed, poden utilitzar per a l&#8217;estimaci\u00f3 d&#8217;aquesta dosi el dos\u00edmetre espec\u00edfic de cristal\u00b7l\u00ed desenvolupat i fabricat per cd, calibrat en termes de Hp(3) i amb resposta verificada a la intercomparaci\u00f3 EURADOS IC2019exteye.<\/p>\n\n\n\n<p>Destaquem les seg\u00fcents caracter\u00edstiques funcionals:<\/p>\n\n\n\n<ul class=\"wp-block-list\"><li>D&#8217; un sol \u00fas, per eliminar la contaminaci\u00f3 radioactiva i incrementar la higiene.<\/li><li>Estanc, la capsula que allotja els detectors est\u00e0 soldada mitjan\u00e7ant ultrasons.<\/li><li>La seva forma plana i superf\u00edcie facilita una \u00e0mplia identificaci\u00f3 (usuari, mes d&#8217;\u00fas i departament) que es realitza mitjan\u00e7ant gravat l\u00e0ser.<\/li><li>Ergonomia i flexibilitat, amb diverses alternatives per a la seva col\u00b7locaci\u00f3 (cinta, gorra, ulleres).<\/li><li>De color blau els mesos parells i grocs els senars.<\/li><\/ul>\n","protected":false},"excerpt":{"rendered":"<p>En el cas de persones que pel seu tipus de feina necessitin de l&#8217;avaluaci\u00f3 de la dosi equivalent en el cristal\u00b7l\u00ed, poden utilitzar per a l&#8217;estimaci\u00f3 d&#8217;aquesta dosi el dos\u00edmetre espec\u00edfic de cristal\u00b7l\u00ed desenvolupat i fabricat per cd, calibrat en termes de Hp(3) i amb resposta verificada a la intercomparaci\u00f3 EURADOS IC2019exteye. Destaquem les seg\u00fcents [&hellip;]<\/p>\n","protected":false},"author":22,"featured_media":0,"parent":1984,"menu_order":4,"comment_status":"closed","ping_status":"open","template":"page-imagensuperior.php","meta":{"_acf_changed":false,"footnotes":""},"class_list":["post-2084","page","type-page","status-publish","hentry"],"acf":[],"_links":{"self":[{"href":"https:\/\/www.dosimetria.com\/ca\/wp-json\/wp\/v2\/pages\/2084"}],"collection":[{"href":"https:\/\/www.dosimetria.com\/ca\/wp-json\/wp\/v2\/pages"}],"about":[{"href":"https:\/\/www.dosimetria.com\/ca\/wp-json\/wp\/v2\/types\/page"}],"author":[{"embeddable":true,"href":"https:\/\/www.dosimetria.com\/ca\/wp-json\/wp\/v2\/users\/22"}],"replies":[{"embeddable":true,"href":"https:\/\/www.dosimetria.com\/ca\/wp-json\/wp\/v2\/comments?post=2084"}],"version-history":[{"count":1,"href":"https:\/\/www.dosimetria.com\/ca\/wp-json\/wp\/v2\/pages\/2084\/revisions"}],"predecessor-version":[{"id":8253,"href":"https:\/\/www.dosimetria.com\/ca\/wp-json\/wp\/v2\/pages\/2084\/revisions\/8253"}],"up":[{"embeddable":true,"href":"https:\/\/www.dosimetria.com\/ca\/wp-json\/wp\/v2\/pages\/1984"}],"wp:attachment":[{"href":"https:\/\/www.dosimetria.com\/ca\/wp-json\/wp\/v2\/media?parent=2084"}],"curies":[{"name":"wp","href":"https:\/\/api.w.org\/{rel}","templated":true}]}}