{"id":2092,"date":"2013-01-22T07:10:13","date_gmt":"2013-01-22T07:10:13","guid":{"rendered":"https:\/\/www.dosimetria.com\/dosimetria\/dosimetria-individual\/anillo\/"},"modified":"2023-02-07T11:14:25","modified_gmt":"2023-02-07T10:14:25","slug":"extremidades-anillo","status":"publish","type":"page","link":"https:\/\/www.dosimetria.com\/ca\/dosimetria\/dosimetria-individual\/extremidades-anillo\/","title":{"rendered":"Anell"},"content":{"rendered":"\n<p>En el cas de persones que pel seu tipus de feina necessitin de l&#8217; avaluaci\u00f3 de la dosi equivalent a les mans, poden utilitzar dos\u00edmetres d&#8217; anell, desenvolupats i fabricats per cd, calibrats en termes de Hp(0.07).<\/p>\n\n\n\n<p>Destaquem les seg\u00fcents caracter\u00edstiques funcionals:<\/p>\n\n\n\n<ul class=\"wp-block-list\"><li>D&#8217; un sol \u00fas, per eliminar la contaminaci\u00f3 radioactiva i incrementar la higiene.<\/li><li>Estanc, la capsula que allotja els detectors est\u00e0 soldada mitjan\u00e7ant ultrasons.<\/li><li>La seva forma plana i superf\u00edcie facilita una \u00e0mplia identificaci\u00f3 (usuari, mes d&#8217;\u00fas i departament) que es realitza mitjan\u00e7ant gravat laser.<\/li><li>Ergonomia i flexibilitat d&#8217; ajust.<\/li><li>De color blau els mesos parells i grocs els senars.<\/li><\/ul>\n\n\n\n<p><\/p>\n\n\n\n<p>Normes b\u00e0siques d&#8217;\u00fas:<\/p>\n\n\n\n<ul class=\"wp-block-list\"><li>El dos\u00edmetre \u00e9s personal i intransferible.<\/li><li>S&#8217;ha de portar durant tota la jornada laboral i no s&#8217;ha de treure fora del centre de treball.<\/li><li>S&#8217;ha de col\u00b7locar per sota de qualsevol protecci\u00f3 que s&#8217;utilitzi, per exemple, guants de plom, i a la m\u00e0 que estigui m\u00e9s exposada a la radiaci\u00f3, en funci\u00f3 del seu tipus i procediments de treball.<\/li><\/ul>\n\n\n\n<p>Un mateix usuari pot utilitzar m\u00e9s d&#8217;un dos\u00edmetre d&#8217;anell i col\u00b7locar-ne un a cada m\u00e0. En aquest cas, el dos\u00edmetre de la m\u00e0 dreta s&#8217;identifica amb un adhesiu groc addicional.<\/p>\n\n\n\n<p>Aquest tipus de dos\u00edmetre \u00e9s especialment adequat en Medicina Nuclear i en Radiofarm\u00e0cia.<\/p>\n\n\n\n<p>&nbsp;<\/p>\n","protected":false},"excerpt":{"rendered":"<p>En el cas de persones que pel seu tipus de feina necessitin de l&#8217; avaluaci\u00f3 de la dosi equivalent a les mans, poden utilitzar dos\u00edmetres d&#8217; anell, desenvolupats i fabricats per cd, calibrats en termes de Hp(0.07). Destaquem les seg\u00fcents caracter\u00edstiques funcionals: D&#8217; un sol \u00fas, per eliminar la contaminaci\u00f3 radioactiva i incrementar la higiene. [&hellip;]<\/p>\n","protected":false},"author":22,"featured_media":0,"parent":1984,"menu_order":3,"comment_status":"closed","ping_status":"open","template":"page-imagensuperior.php","meta":{"_acf_changed":false,"footnotes":""},"class_list":["post-2092","page","type-page","status-publish","hentry"],"acf":[],"_links":{"self":[{"href":"https:\/\/www.dosimetria.com\/ca\/wp-json\/wp\/v2\/pages\/2092"}],"collection":[{"href":"https:\/\/www.dosimetria.com\/ca\/wp-json\/wp\/v2\/pages"}],"about":[{"href":"https:\/\/www.dosimetria.com\/ca\/wp-json\/wp\/v2\/types\/page"}],"author":[{"embeddable":true,"href":"https:\/\/www.dosimetria.com\/ca\/wp-json\/wp\/v2\/users\/22"}],"replies":[{"embeddable":true,"href":"https:\/\/www.dosimetria.com\/ca\/wp-json\/wp\/v2\/comments?post=2092"}],"version-history":[{"count":4,"href":"https:\/\/www.dosimetria.com\/ca\/wp-json\/wp\/v2\/pages\/2092\/revisions"}],"predecessor-version":[{"id":8261,"href":"https:\/\/www.dosimetria.com\/ca\/wp-json\/wp\/v2\/pages\/2092\/revisions\/8261"}],"up":[{"embeddable":true,"href":"https:\/\/www.dosimetria.com\/ca\/wp-json\/wp\/v2\/pages\/1984"}],"wp:attachment":[{"href":"https:\/\/www.dosimetria.com\/ca\/wp-json\/wp\/v2\/media?parent=2092"}],"curies":[{"name":"wp","href":"https:\/\/api.w.org\/{rel}","templated":true}]}}