{"id":2100,"date":"2013-01-22T07:10:43","date_gmt":"2013-01-22T06:10:43","guid":{"rendered":"https:\/\/www.dosimetria.com\/dosimetria\/dosimetria-individual\/abdomen\/"},"modified":"2016-06-27T11:33:30","modified_gmt":"2016-06-27T09:33:30","slug":"abdomen","status":"publish","type":"page","link":"https:\/\/www.dosimetria.com\/ca\/dosimetria\/dosimetria-individual\/abdomen\/","title":{"rendered":"Abdomen"},"content":{"rendered":"<p>Dos\u00edmetres utilitzats durant l&#8217;embar\u00e0s que s&#8217;ubiquen a l&#8217;abdomen amb la finalitat d&#8217;estimar la dosi absorbida pel fetus.<\/p>\n<ul>\n<li>Tenen la mateixa configuraci\u00f3 que els dos\u00edmetres de cos sencer i s&#8217;envien a l&#8217;usuari identificats de la mateixa manera que aquests.<\/li>\n<li>Sempre s\u00f3n de color verd. El color blau i groc dels mesos parells i senars s&#8217;aprecia a la placa interior.<\/li>\n<li>Van protegits per una caixa de policarbonat transparent i amb una pin\u00e7a per a la col\u00b7locaci\u00f3 correcta del dos\u00edmetre.<\/li>\n<\/ul>\n<p>Normes b\u00e0siques d&#8217;\u00fas:<\/p>\n<ul>\n<li>S&#8217;han de col\u00b7locar a l&#8217;abdomen i per sota de qualsevol protecci\u00f3 que s&#8217;utilitzi.<\/li>\n<\/ul>\n","protected":false},"excerpt":{"rendered":"<p>Dos\u00edmetres utilitzats durant l&#8217;embar\u00e0s que s&#8217;ubiquen a l&#8217;abdomen amb la finalitat d&#8217;estimar la dosi absorbida pel fetus. Tenen la mateixa configuraci\u00f3 que els dos\u00edmetres de cos sencer i s&#8217;envien a l&#8217;usuari identificats de la mateixa manera que aquests. Sempre s\u00f3n de color verd. El color blau i groc dels mesos parells i senars s&#8217;aprecia a [&hellip;]<\/p>\n","protected":false},"author":22,"featured_media":0,"parent":1984,"menu_order":6,"comment_status":"closed","ping_status":"closed","template":"page-imagensuperior.php","meta":{"_acf_changed":false,"footnotes":""},"class_list":["post-2100","page","type-page","status-publish","hentry"],"acf":[],"_links":{"self":[{"href":"https:\/\/www.dosimetria.com\/ca\/wp-json\/wp\/v2\/pages\/2100"}],"collection":[{"href":"https:\/\/www.dosimetria.com\/ca\/wp-json\/wp\/v2\/pages"}],"about":[{"href":"https:\/\/www.dosimetria.com\/ca\/wp-json\/wp\/v2\/types\/page"}],"author":[{"embeddable":true,"href":"https:\/\/www.dosimetria.com\/ca\/wp-json\/wp\/v2\/users\/22"}],"replies":[{"embeddable":true,"href":"https:\/\/www.dosimetria.com\/ca\/wp-json\/wp\/v2\/comments?post=2100"}],"version-history":[{"count":0,"href":"https:\/\/www.dosimetria.com\/ca\/wp-json\/wp\/v2\/pages\/2100\/revisions"}],"up":[{"embeddable":true,"href":"https:\/\/www.dosimetria.com\/ca\/wp-json\/wp\/v2\/pages\/1984"}],"wp:attachment":[{"href":"https:\/\/www.dosimetria.com\/ca\/wp-json\/wp\/v2\/media?parent=2100"}],"curies":[{"name":"wp","href":"https:\/\/api.w.org\/{rel}","templated":true}]}}