{"id":2108,"date":"2013-01-22T07:11:07","date_gmt":"2013-01-22T07:11:07","guid":{"rendered":"https:\/\/www.dosimetria.com\/dosimetria\/dosimetria-individual\/suplente\/"},"modified":"2014-09-25T15:59:29","modified_gmt":"2014-09-25T13:59:29","slug":"suplente","status":"publish","type":"page","link":"https:\/\/www.dosimetria.com\/ca\/dosimetria\/dosimetria-individual\/suplente\/","title":{"rendered":"Suplent"},"content":{"rendered":"<p>Per a la determinaci\u00f3 de la dosi del personal eventual, els dos\u00edmetres de supl\u00e8ncia s\u00f3n dos\u00edmetres NO nominals, de manera que l&#8217;assignaci\u00f3 de dosi la fa el responsable de protecci\u00f3 radiol\u00f2gica de la instal\u00b7laci\u00f3.<\/p>\n<ul>\n<li>En cas que es vulgui que la dosi registrada quedi consignada en una fitxa dosim\u00e8trica a nom del treballador, s&#8217;haur\u00e0 de donar d&#8217;alta l&#8217;usuari.<\/li>\n<li>Aquests dos\u00edmetres s&#8217;envien amb la mateixa periodicitat que els dos\u00edmetres nominals i no els poden utilitzar diverses persones durant el mateix mes.<\/li>\n<li>Es poden sol\u00b7licitar totes les configuracions descrites anteriorment com a dos\u00edmetre de supl\u00e8ncia: cos sencer, canell i anell.<\/li>\n<\/ul>\n","protected":false},"excerpt":{"rendered":"<p>Per a la determinaci\u00f3 de la dosi del personal eventual, els dos\u00edmetres de supl\u00e8ncia s\u00f3n dos\u00edmetres NO nominals, de manera que l&#8217;assignaci\u00f3 de dosi la fa el responsable de protecci\u00f3 radiol\u00f2gica de la instal\u00b7laci\u00f3. En cas que es vulgui que la dosi registrada quedi consignada en una fitxa dosim\u00e8trica a nom del treballador, s&#8217;haur\u00e0 de [&hellip;]<\/p>\n","protected":false},"author":22,"featured_media":0,"parent":1984,"menu_order":7,"comment_status":"closed","ping_status":"open","template":"page-imagensuperior.php","meta":{"_acf_changed":false,"footnotes":""},"class_list":["post-2108","page","type-page","status-publish","hentry"],"acf":[],"_links":{"self":[{"href":"https:\/\/www.dosimetria.com\/ca\/wp-json\/wp\/v2\/pages\/2108"}],"collection":[{"href":"https:\/\/www.dosimetria.com\/ca\/wp-json\/wp\/v2\/pages"}],"about":[{"href":"https:\/\/www.dosimetria.com\/ca\/wp-json\/wp\/v2\/types\/page"}],"author":[{"embeddable":true,"href":"https:\/\/www.dosimetria.com\/ca\/wp-json\/wp\/v2\/users\/22"}],"replies":[{"embeddable":true,"href":"https:\/\/www.dosimetria.com\/ca\/wp-json\/wp\/v2\/comments?post=2108"}],"version-history":[{"count":0,"href":"https:\/\/www.dosimetria.com\/ca\/wp-json\/wp\/v2\/pages\/2108\/revisions"}],"up":[{"embeddable":true,"href":"https:\/\/www.dosimetria.com\/ca\/wp-json\/wp\/v2\/pages\/1984"}],"wp:attachment":[{"href":"https:\/\/www.dosimetria.com\/ca\/wp-json\/wp\/v2\/media?parent=2108"}],"curies":[{"name":"wp","href":"https:\/\/api.w.org\/{rel}","templated":true}]}}