{"id":2124,"date":"2012-11-06T11:35:28","date_gmt":"2012-11-06T11:35:28","guid":{"rendered":"https:\/\/www.dosimetria.com\/dosimetria\/dosimetria-ocupacional\/medio-ambiente\/"},"modified":"2016-06-27T11:41:06","modified_gmt":"2016-06-27T09:41:06","slug":"medio-ambiente","status":"publish","type":"page","link":"https:\/\/www.dosimetria.com\/ca\/dosimetria\/dosimetria-ocupacional\/medio-ambiente\/","title":{"rendered":"Medi ambient"},"content":{"rendered":"<p>Aquests dos\u00edmetres estan calibrats en dosi equivalent ambiental H<sup>*<\/sup>(10). Actualment disposem de 2 configuracions per fer aquesta estimaci\u00f3 de dosi:<\/p>\n<ul>\n<li>Dos\u00edmetres ambientals per a exterior: El disseny en forma d&#8217;esfera d&#8217;aquest tipus de dos\u00edmetres els fa especialment adequats per a la determinaci\u00f3 de la dosi a l&#8217;exterior d&#8217;instal\u00b7lacions.<\/li>\n<li>Dos\u00edmetres ambientals per a interior: D&#8217;aplicaci\u00f3 en el mesurament de dosi ambiental a l&#8217;interior d&#8217;instal\u00b7lacions.<\/li>\n<\/ul>\n","protected":false},"excerpt":{"rendered":"<p>Aquests dos\u00edmetres estan calibrats en dosi equivalent ambiental H*(10). Actualment disposem de 2 configuracions per fer aquesta estimaci\u00f3 de dosi: Dos\u00edmetres ambientals per a exterior: El disseny en forma d&#8217;esfera d&#8217;aquest tipus de dos\u00edmetres els fa especialment adequats per a la determinaci\u00f3 de la dosi a l&#8217;exterior d&#8217;instal\u00b7lacions. Dos\u00edmetres ambientals per a interior: D&#8217;aplicaci\u00f3 en [&hellip;]<\/p>\n","protected":false},"author":22,"featured_media":0,"parent":2049,"menu_order":2,"comment_status":"closed","ping_status":"closed","template":"page-imagensuperior.php","meta":{"_acf_changed":false,"footnotes":""},"class_list":["post-2124","page","type-page","status-publish","hentry"],"acf":[],"_links":{"self":[{"href":"https:\/\/www.dosimetria.com\/ca\/wp-json\/wp\/v2\/pages\/2124"}],"collection":[{"href":"https:\/\/www.dosimetria.com\/ca\/wp-json\/wp\/v2\/pages"}],"about":[{"href":"https:\/\/www.dosimetria.com\/ca\/wp-json\/wp\/v2\/types\/page"}],"author":[{"embeddable":true,"href":"https:\/\/www.dosimetria.com\/ca\/wp-json\/wp\/v2\/users\/22"}],"replies":[{"embeddable":true,"href":"https:\/\/www.dosimetria.com\/ca\/wp-json\/wp\/v2\/comments?post=2124"}],"version-history":[{"count":0,"href":"https:\/\/www.dosimetria.com\/ca\/wp-json\/wp\/v2\/pages\/2124\/revisions"}],"up":[{"embeddable":true,"href":"https:\/\/www.dosimetria.com\/ca\/wp-json\/wp\/v2\/pages\/2049"}],"wp:attachment":[{"href":"https:\/\/www.dosimetria.com\/ca\/wp-json\/wp\/v2\/media?parent=2124"}],"curies":[{"name":"wp","href":"https:\/\/api.w.org\/{rel}","templated":true}]}}