{"id":2133,"date":"2013-01-22T07:12:48","date_gmt":"2013-01-22T07:12:48","guid":{"rendered":"https:\/\/www.dosimetria.com\/dosimetria\/dosimetria-ocupacional\/puesto-de-trabajo\/"},"modified":"2014-09-25T16:14:03","modified_gmt":"2014-09-25T14:14:03","slug":"puesto-de-trabajo","status":"publish","type":"page","link":"https:\/\/www.dosimetria.com\/ca\/dosimetria\/dosimetria-ocupacional\/puesto-de-trabajo\/","title":{"rendered":"Lloc de treball"},"content":{"rendered":"<p>Els dos\u00edmetres de lloc de treball estan calibrats en dosi equivalent personal superficial H<sub>P<\/sub>(0.07) i profunda H<sub>P<\/sub>(10), tenen la mateixa configuraci\u00f3 que el dos\u00edmetre de cos sencer i segueixen el mateix proc\u00e9s que aquests.<\/p>\n<p>Normes b\u00e0siques d&#8217;\u00fas:<\/p>\n<ul>\n<li>Els ha d&#8217;utilitzar tot el personal que comparteixi una s\u00e8rie de funcions i tasques assignades al lloc de treball i que es vulgui controlar mitjan\u00e7ant aquests dos\u00edmetres.<\/li>\n<\/ul>\n<p>\u00c9s una dosimetria poc utilitzada i nom\u00e9s es recomana si:<\/p>\n<ul>\n<li>\u00a0L&#8217;empresa t\u00e9 un t\u00e8cnic de protecci\u00f3 radiol\u00f2gica capacitat per definir la conveni\u00e8ncia d&#8217;aquesta dosimetria i que, un cop em\u00e8s el resultat, tingui la capacitat de distribuir la dosi equivalent final en funci\u00f3 de la c\u00e0rrega de treball de cada operador.<\/li>\n<li>Igual que la dosimetria d&#8217;\u00e0rea, el seu \u00fas est\u00e0 condicionat al fet que les dosis equivalents registrades siguin inferiors al nivell de registre.<\/li>\n<\/ul>\n<p>&nbsp;<\/p>\n","protected":false},"excerpt":{"rendered":"<p>Els dos\u00edmetres de lloc de treball estan calibrats en dosi equivalent personal superficial HP(0.07) i profunda HP(10), tenen la mateixa configuraci\u00f3 que el dos\u00edmetre de cos sencer i segueixen el mateix proc\u00e9s que aquests. Normes b\u00e0siques d&#8217;\u00fas: Els ha d&#8217;utilitzar tot el personal que comparteixi una s\u00e8rie de funcions i tasques assignades al lloc de [&hellip;]<\/p>\n","protected":false},"author":22,"featured_media":0,"parent":2049,"menu_order":3,"comment_status":"closed","ping_status":"open","template":"","meta":{"_acf_changed":false,"footnotes":""},"class_list":["post-2133","page","type-page","status-publish","hentry"],"acf":[],"_links":{"self":[{"href":"https:\/\/www.dosimetria.com\/ca\/wp-json\/wp\/v2\/pages\/2133"}],"collection":[{"href":"https:\/\/www.dosimetria.com\/ca\/wp-json\/wp\/v2\/pages"}],"about":[{"href":"https:\/\/www.dosimetria.com\/ca\/wp-json\/wp\/v2\/types\/page"}],"author":[{"embeddable":true,"href":"https:\/\/www.dosimetria.com\/ca\/wp-json\/wp\/v2\/users\/22"}],"replies":[{"embeddable":true,"href":"https:\/\/www.dosimetria.com\/ca\/wp-json\/wp\/v2\/comments?post=2133"}],"version-history":[{"count":0,"href":"https:\/\/www.dosimetria.com\/ca\/wp-json\/wp\/v2\/pages\/2133\/revisions"}],"up":[{"embeddable":true,"href":"https:\/\/www.dosimetria.com\/ca\/wp-json\/wp\/v2\/pages\/2049"}],"wp:attachment":[{"href":"https:\/\/www.dosimetria.com\/ca\/wp-json\/wp\/v2\/media?parent=2133"}],"curies":[{"name":"wp","href":"https:\/\/api.w.org\/{rel}","templated":true}]}}