{"id":2141,"date":"2013-01-22T07:13:45","date_gmt":"2013-01-22T07:13:45","guid":{"rendered":"https:\/\/www.dosimetria.com\/dosimetria\/dosimetria-a-medida\/pruebas\/"},"modified":"2014-09-25T16:20:15","modified_gmt":"2014-09-25T14:20:15","slug":"pruebas","status":"publish","type":"page","link":"https:\/\/www.dosimetria.com\/ca\/dosimetria\/dosimetria-a-medida\/pruebas\/","title":{"rendered":"Proves"},"content":{"rendered":"<p>La dosimetria de proves s&#8217;utilitza per determinar dosis equivalents a partir de les quals no es deduir\u00e0 cap dosi assignable a un treballador.<\/p>\n<ul>\n<li>Els dos\u00edmetres estan calibrats en dosi equivalent personal superficial H<sub>P<\/sub>(0.07) i profunda H<sub>P<\/sub>(10).<\/li>\n<li>Tenen la mateixa configuraci\u00f3 que el dos\u00edmetre de cos sencer i segueixen el mateix proc\u00e9s que aquest.<\/li>\n<li>S&#8217;envien identificats mitjan\u00e7ant un codi de barres a la part posterior del dos\u00edmetre, i a l&#8217;etiqueta de la cara anterior, hi consta la paraula &#8220;PROVA&#8221; i el nom que el responsable hagi indicat.<\/li>\n<\/ul>\n","protected":false},"excerpt":{"rendered":"<p>La dosimetria de proves s&#8217;utilitza per determinar dosis equivalents a partir de les quals no es deduir\u00e0 cap dosi assignable a un treballador. Els dos\u00edmetres estan calibrats en dosi equivalent personal superficial HP(0.07) i profunda HP(10). Tenen la mateixa configuraci\u00f3 que el dos\u00edmetre de cos sencer i segueixen el mateix proc\u00e9s que aquest. S&#8217;envien identificats [&hellip;]<\/p>\n","protected":false},"author":22,"featured_media":0,"parent":2057,"menu_order":1,"comment_status":"closed","ping_status":"open","template":"","meta":{"_acf_changed":false,"footnotes":""},"class_list":["post-2141","page","type-page","status-publish","hentry"],"acf":[],"_links":{"self":[{"href":"https:\/\/www.dosimetria.com\/ca\/wp-json\/wp\/v2\/pages\/2141"}],"collection":[{"href":"https:\/\/www.dosimetria.com\/ca\/wp-json\/wp\/v2\/pages"}],"about":[{"href":"https:\/\/www.dosimetria.com\/ca\/wp-json\/wp\/v2\/types\/page"}],"author":[{"embeddable":true,"href":"https:\/\/www.dosimetria.com\/ca\/wp-json\/wp\/v2\/users\/22"}],"replies":[{"embeddable":true,"href":"https:\/\/www.dosimetria.com\/ca\/wp-json\/wp\/v2\/comments?post=2141"}],"version-history":[{"count":0,"href":"https:\/\/www.dosimetria.com\/ca\/wp-json\/wp\/v2\/pages\/2141\/revisions"}],"up":[{"embeddable":true,"href":"https:\/\/www.dosimetria.com\/ca\/wp-json\/wp\/v2\/pages\/2057"}],"wp:attachment":[{"href":"https:\/\/www.dosimetria.com\/ca\/wp-json\/wp\/v2\/media?parent=2141"}],"curies":[{"name":"wp","href":"https:\/\/api.w.org\/{rel}","templated":true}]}}