{"id":2158,"date":"2013-01-22T07:14:36","date_gmt":"2013-01-22T07:14:36","guid":{"rendered":"https:\/\/www.dosimetria.com\/dosimetria\/dosimetria-a-medida\/verificacion-de-tecnicas\/"},"modified":"2016-06-27T11:46:50","modified_gmt":"2016-06-27T09:46:50","slug":"verificacion-de-tenicas","status":"publish","type":"page","link":"https:\/\/www.dosimetria.com\/ca\/dosimetria\/dosimetria-a-medida\/verificacion-de-tenicas\/","title":{"rendered":"Verificaci\u00f3 de t\u00e8cniques"},"content":{"rendered":"<p><strong>centro de dosimetr\u00eda<\/strong> ha participat en diferents projectes de col\u00b7laboraci\u00f3 amb hospitals per proporcionar mitjan\u00e7ant dosimetria per termoluminesc\u00e8ncia solucions per a la determinaci\u00f3 de dosis en aplicacions diverses. Aix\u00f2 s&#8217;acostuma a fer en la posada a punt de noves t\u00e8cniques radiol\u00f2giques i\/o radioter\u00e0piques, en qu\u00e8 s&#8217;utilitzen tamb\u00e9 dos\u00edmetres especials per fer estudis que permetin dur a terme la verificaci\u00f3 de la dosi absorbida amb la variaci\u00f3 dels par\u00e0metres utilitzats en la t\u00e8cnica.<\/p>\n<ul>\n<li>Verificaci\u00f3 de posada en marxa de t\u00e8cniques de radioter\u00e0pia.<\/li>\n<li>Dosimetria TLD &#8220;IN VIVO&#8221; per a la verificaci\u00f3 de la dosi en tractaments d&#8217;irradiaci\u00f3 corporal total.<\/li>\n<\/ul>\n","protected":false},"excerpt":{"rendered":"<p>centro de dosimetr\u00eda ha participat en diferents projectes de col\u00b7laboraci\u00f3 amb hospitals per proporcionar mitjan\u00e7ant dosimetria per termoluminesc\u00e8ncia solucions per a la determinaci\u00f3 de dosis en aplicacions diverses. Aix\u00f2 s&#8217;acostuma a fer en la posada a punt de noves t\u00e8cniques radiol\u00f2giques i\/o radioter\u00e0piques, en qu\u00e8 s&#8217;utilitzen tamb\u00e9 dos\u00edmetres especials per fer estudis que permetin dur [&hellip;]<\/p>\n","protected":false},"author":22,"featured_media":0,"parent":2057,"menu_order":3,"comment_status":"closed","ping_status":"open","template":"page-imagensuperior.php","meta":{"_acf_changed":false,"footnotes":""},"class_list":["post-2158","page","type-page","status-publish","hentry"],"acf":[],"_links":{"self":[{"href":"https:\/\/www.dosimetria.com\/ca\/wp-json\/wp\/v2\/pages\/2158"}],"collection":[{"href":"https:\/\/www.dosimetria.com\/ca\/wp-json\/wp\/v2\/pages"}],"about":[{"href":"https:\/\/www.dosimetria.com\/ca\/wp-json\/wp\/v2\/types\/page"}],"author":[{"embeddable":true,"href":"https:\/\/www.dosimetria.com\/ca\/wp-json\/wp\/v2\/users\/22"}],"replies":[{"embeddable":true,"href":"https:\/\/www.dosimetria.com\/ca\/wp-json\/wp\/v2\/comments?post=2158"}],"version-history":[{"count":0,"href":"https:\/\/www.dosimetria.com\/ca\/wp-json\/wp\/v2\/pages\/2158\/revisions"}],"up":[{"embeddable":true,"href":"https:\/\/www.dosimetria.com\/ca\/wp-json\/wp\/v2\/pages\/2057"}],"wp:attachment":[{"href":"https:\/\/www.dosimetria.com\/ca\/wp-json\/wp\/v2\/media?parent=2158"}],"curies":[{"name":"wp","href":"https:\/\/api.w.org\/{rel}","templated":true}]}}