{"id":2176,"date":"2012-11-06T11:30:25","date_gmt":"2012-11-06T11:30:25","guid":{"rendered":"https:\/\/www.dosimetria.com\/empresa\/datos-y-sectores\/"},"modified":"2017-06-14T13:35:55","modified_gmt":"2017-06-14T11:35:55","slug":"datos-y-sectores","status":"publish","type":"page","link":"https:\/\/www.dosimetria.com\/ca\/empresa\/datos-y-sectores\/","title":{"rendered":"Dades i sectors"},"content":{"rendered":"<p><strong>Evoluci\u00f3 i serveis prestats en l&#8217;actualitat<\/strong><\/p>\n<p>L&#8217;activitat de <strong>centro de dosimetr\u00eda<\/strong> ha anat evolucionant des dels seus or\u00edgens de manera continuada i controlada, oferint sempre un servei de m\u00e0xima qualitat. Serveis contractats actualment:<\/p>\n<ul>\n<li>7.500 empreses<\/li>\n<li>9.000 instal\u00b7lacions<\/li>\n<li>35.000 controls actius<\/li>\n<\/ul>\n<p><strong>Detall per sectors<\/strong><br \/>\n<strong>centro de dosimetr\u00eda<\/strong>\u00a0presta un servei enfocat a cada sector i tipologia de client alhora que ofereix atributs addicionals espec\u00edfics segons les necessitats. Cal destacar que actualment d\u00f3na servei a m\u00e9s de 300 empreses hospital\u00e0ries i m\u00e9s de 5.000 cl\u00edniques dentals amb la distribuci\u00f3 per usuaris seg\u00fcent.<\/p>\n<p>&nbsp;<\/p>\n<p><img loading=\"lazy\" decoding=\"async\" class=\"alignnone  wp-image-942\" title=\"DISTRIBUCION CONTROLES SECTORES\" src=\"https:\/\/www.dosimetria.com\/wp-content\/uploads\/2012\/11\/DISTRIBUCION-CONTROLES-SECTORES.png\" alt=\"\" width=\"385\" height=\"269\" srcset=\"https:\/\/www.dosimetria.com\/wp-content\/uploads\/2012\/11\/DISTRIBUCION-CONTROLES-SECTORES.png 481w, https:\/\/www.dosimetria.com\/wp-content\/uploads\/2012\/11\/DISTRIBUCION-CONTROLES-SECTORES-170x118.png 170w\" sizes=\"(max-width: 385px) 100vw, 385px\" \/><\/p>\n<p><strong>Distribuci\u00f3 per tipologia d&#8217;usuari i controls<\/strong><br \/>\nEls 35.000 controls actius es reparteixen segons els gr\u00e0fics:<\/p>\n<div style=\"text-align: justify;\"><img loading=\"lazy\" decoding=\"async\" class=\"alignnone  wp-image-952\" title=\"DISTRIBUCION TIPO USUARIO\" src=\"https:\/\/www.dosimetria.com\/wp-content\/uploads\/2012\/11\/DISTRIBUCION-TIPO-USUARIO2.png\" alt=\"\" width=\"253\" height=\"194\" srcset=\"https:\/\/www.dosimetria.com\/wp-content\/uploads\/2012\/11\/DISTRIBUCION-TIPO-USUARIO2.png 444w, https:\/\/www.dosimetria.com\/wp-content\/uploads\/2012\/11\/DISTRIBUCION-TIPO-USUARIO2-170x130.png 170w\" sizes=\"(max-width: 253px) 100vw, 253px\" \/>\u00a0\u00a0\u00a0\u00a0\u00a0 <img loading=\"lazy\" decoding=\"async\" class=\"alignnone  wp-image-953\" title=\"DISTRIBUCION TIPO CONTROL\" src=\"https:\/\/www.dosimetria.com\/wp-content\/uploads\/2012\/11\/DISTRIBUCION-TIPO-CONTROL1.png\" alt=\"\" width=\"278\" height=\"186\" srcset=\"https:\/\/www.dosimetria.com\/wp-content\/uploads\/2012\/11\/DISTRIBUCION-TIPO-CONTROL1.png 495w, https:\/\/www.dosimetria.com\/wp-content\/uploads\/2012\/11\/DISTRIBUCION-TIPO-CONTROL1-170x114.png 170w\" sizes=\"(max-width: 278px) 100vw, 278px\" \/><\/div>\n","protected":false},"excerpt":{"rendered":"<p>Evoluci\u00f3 i serveis prestats en l&#8217;actualitat L&#8217;activitat de centro de dosimetr\u00eda ha anat evolucionant des dels seus or\u00edgens de manera continuada i controlada, oferint sempre un servei de m\u00e0xima qualitat. Serveis contractats actualment: 7.500 empreses 9.000 instal\u00b7lacions 35.000 controls actius Detall per sectors centro de dosimetr\u00eda\u00a0presta un servei enfocat a cada sector i tipologia de [&hellip;]<\/p>\n","protected":false},"author":22,"featured_media":0,"parent":1952,"menu_order":2,"comment_status":"closed","ping_status":"open","template":"","meta":{"_acf_changed":false,"footnotes":""},"class_list":["post-2176","page","type-page","status-publish","hentry"],"acf":[],"_links":{"self":[{"href":"https:\/\/www.dosimetria.com\/ca\/wp-json\/wp\/v2\/pages\/2176"}],"collection":[{"href":"https:\/\/www.dosimetria.com\/ca\/wp-json\/wp\/v2\/pages"}],"about":[{"href":"https:\/\/www.dosimetria.com\/ca\/wp-json\/wp\/v2\/types\/page"}],"author":[{"embeddable":true,"href":"https:\/\/www.dosimetria.com\/ca\/wp-json\/wp\/v2\/users\/22"}],"replies":[{"embeddable":true,"href":"https:\/\/www.dosimetria.com\/ca\/wp-json\/wp\/v2\/comments?post=2176"}],"version-history":[{"count":0,"href":"https:\/\/www.dosimetria.com\/ca\/wp-json\/wp\/v2\/pages\/2176\/revisions"}],"up":[{"embeddable":true,"href":"https:\/\/www.dosimetria.com\/ca\/wp-json\/wp\/v2\/pages\/1952"}],"wp:attachment":[{"href":"https:\/\/www.dosimetria.com\/ca\/wp-json\/wp\/v2\/media?parent=2176"}],"curies":[{"name":"wp","href":"https:\/\/api.w.org\/{rel}","templated":true}]}}