{"id":2184,"date":"2012-11-06T11:30:55","date_gmt":"2012-11-06T11:30:55","guid":{"rendered":"https:\/\/www.dosimetria.com\/empresa\/estructura-e-instalaciones\/"},"modified":"2014-09-25T21:36:47","modified_gmt":"2014-09-25T19:36:47","slug":"estructura-e-instalaciones","status":"publish","type":"page","link":"https:\/\/www.dosimetria.com\/ca\/empresa\/estructura-e-instalaciones\/","title":{"rendered":"Estructura i instal\u2022lacions"},"content":{"rendered":"<ul>\n<li style=\"text-align: justify;\">PIME<\/li>\n<li style=\"text-align: justify;\">Instal\u00b7lacions:\n<ul>\n<li>Seu central a Barcelona: Laboratori<\/li>\n<li>Delegaci\u00f3 a Madrid:\u00a0 Processos de gesti\u00f3 de clients i punt de distribuci\u00f3 log\u00edstica<\/li>\n<li>Delegaci\u00f3 a Lisboa: Processos de gesti\u00f3 de clients i punt de distribuci\u00f3 log\u00edstica<\/li>\n<\/ul>\n<\/li>\n<li>Factors clau:\n<ul>\n<li style=\"text-align: justify;\">Recursos humans capacitats i qualificats en \u00e0rea t\u00e8cnica, de gesti\u00f3 i de suport<\/li>\n<li style=\"text-align: justify;\">Tecnologies i sistemes de la informaci\u00f3 (ERP i CRM)<\/li>\n<li style=\"text-align: justify;\">Equipament de laboratori certificat i calibrat segons la normativa i les exig\u00e8ncies dels fabricants<\/li>\n<li style=\"text-align: justify;\">Sistema integral de gesti\u00f3 QMS &#8211; Qualitat, Medi ambient i Seguretat implantat per al desenvolupament de l&#8217;activitat i els processos<\/li>\n<\/ul>\n<\/li>\n<\/ul>\n","protected":false},"excerpt":{"rendered":"<p>PIME Instal\u00b7lacions: Seu central a Barcelona: Laboratori Delegaci\u00f3 a Madrid:\u00a0 Processos de gesti\u00f3 de clients i punt de distribuci\u00f3 log\u00edstica Delegaci\u00f3 a Lisboa: Processos de gesti\u00f3 de clients i punt de distribuci\u00f3 log\u00edstica Factors clau: Recursos humans capacitats i qualificats en \u00e0rea t\u00e8cnica, de gesti\u00f3 i de suport Tecnologies i sistemes de la informaci\u00f3 (ERP [&hellip;]<\/p>\n","protected":false},"author":22,"featured_media":0,"parent":1952,"menu_order":3,"comment_status":"closed","ping_status":"open","template":"","meta":{"_acf_changed":false,"footnotes":""},"class_list":["post-2184","page","type-page","status-publish","hentry"],"acf":[],"_links":{"self":[{"href":"https:\/\/www.dosimetria.com\/ca\/wp-json\/wp\/v2\/pages\/2184"}],"collection":[{"href":"https:\/\/www.dosimetria.com\/ca\/wp-json\/wp\/v2\/pages"}],"about":[{"href":"https:\/\/www.dosimetria.com\/ca\/wp-json\/wp\/v2\/types\/page"}],"author":[{"embeddable":true,"href":"https:\/\/www.dosimetria.com\/ca\/wp-json\/wp\/v2\/users\/22"}],"replies":[{"embeddable":true,"href":"https:\/\/www.dosimetria.com\/ca\/wp-json\/wp\/v2\/comments?post=2184"}],"version-history":[{"count":0,"href":"https:\/\/www.dosimetria.com\/ca\/wp-json\/wp\/v2\/pages\/2184\/revisions"}],"up":[{"embeddable":true,"href":"https:\/\/www.dosimetria.com\/ca\/wp-json\/wp\/v2\/pages\/1952"}],"wp:attachment":[{"href":"https:\/\/www.dosimetria.com\/ca\/wp-json\/wp\/v2\/media?parent=2184"}],"curies":[{"name":"wp","href":"https:\/\/api.w.org\/{rel}","templated":true}]}}