{"id":2196,"date":"2012-11-06T11:31:15","date_gmt":"2012-11-06T11:31:15","guid":{"rendered":"https:\/\/www.dosimetria.com\/empresa\/organizacion\/"},"modified":"2014-09-25T21:53:37","modified_gmt":"2014-09-25T19:53:37","slug":"organizacion","status":"publish","type":"page","link":"https:\/\/www.dosimetria.com\/ca\/empresa\/organizacion\/","title":{"rendered":"Organitzaci\u00f3"},"content":{"rendered":"<p>&nbsp;<\/p>\n<p><strong>Funcions i responsabilitats<\/strong><\/p>\n<ul>\n<li><strong>Direcci\u00f3: <\/strong>Definici\u00f3 de l&#8217;estrat\u00e8gia d&#8217;empresa tant en l&#8217;\u00e0rea t\u00e8cnica (laboratori) com en les \u00e0rees de gesti\u00f3 i suport.<\/li>\n<li><strong>Comit\u00e8 QMS: <\/strong>Integrat per personal de cadascuna de les \u00e0rees, i responsable d&#8217;avaluar que l&#8217;empresa compleixi amb els criteris establerts de Qualitat, Medi ambient i Seguretat.<\/li>\n<li><strong>\u00c0rea t\u00e8cnica: <\/strong>\n<ul>\n<li>Gesti\u00f3 amb l&#8217;organisme regulador (Consell de Seguretat Nuclear)<\/li>\n<li>Assegurar la qualitat de l&#8217;assaig (lectures dosim\u00e8triques) i dels resultats (informes)<\/li>\n<li>Gesti\u00f3 i control dels processos operatius del laboratori<\/li>\n<li>Manteniment dels equips del laboratori<\/li>\n<\/ul>\n<\/li>\n<li><strong>\u00c0rees de gesti\u00f3: <\/strong>Gesti\u00f3 i seguiment dels processos operatius propis de la gesti\u00f3 del servei.\n<ul>\n<li>Gesti\u00f3 dels clients<\/li>\n<li>Distribuci\u00f3 dels dos\u00edmetres (enviaments, registre i manipulaci\u00f3 interna)<\/li>\n<li>Gesti\u00f3 de la facturaci\u00f3<\/li>\n<\/ul>\n<\/li>\n<li><strong>\u00c0rees de suport:\u00a0\u00a0<\/strong>\u00c0rees que tenen com a finalitat fomentar la millora cont\u00ednua de l&#8217;SDP i desenvolupar:\n<ul>\n<li>La implantaci\u00f3 de projectes interns i amb clients<\/li>\n<li>L&#8217;aplicaci\u00f3 de sistemes i tecnologies de la informaci\u00f3 d&#8217;\u00faltima generaci\u00f3<\/li>\n<\/ul>\n<\/li>\n<\/ul>\n","protected":false},"excerpt":{"rendered":"<p>&nbsp; Funcions i responsabilitats Direcci\u00f3: Definici\u00f3 de l&#8217;estrat\u00e8gia d&#8217;empresa tant en l&#8217;\u00e0rea t\u00e8cnica (laboratori) com en les \u00e0rees de gesti\u00f3 i suport. Comit\u00e8 QMS: Integrat per personal de cadascuna de les \u00e0rees, i responsable d&#8217;avaluar que l&#8217;empresa compleixi amb els criteris establerts de Qualitat, Medi ambient i Seguretat. \u00c0rea t\u00e8cnica: Gesti\u00f3 amb l&#8217;organisme regulador (Consell [&hellip;]<\/p>\n","protected":false},"author":22,"featured_media":0,"parent":1952,"menu_order":4,"comment_status":"closed","ping_status":"closed","template":"","meta":{"_acf_changed":false,"footnotes":""},"class_list":["post-2196","page","type-page","status-publish","hentry"],"acf":[],"_links":{"self":[{"href":"https:\/\/www.dosimetria.com\/ca\/wp-json\/wp\/v2\/pages\/2196"}],"collection":[{"href":"https:\/\/www.dosimetria.com\/ca\/wp-json\/wp\/v2\/pages"}],"about":[{"href":"https:\/\/www.dosimetria.com\/ca\/wp-json\/wp\/v2\/types\/page"}],"author":[{"embeddable":true,"href":"https:\/\/www.dosimetria.com\/ca\/wp-json\/wp\/v2\/users\/22"}],"replies":[{"embeddable":true,"href":"https:\/\/www.dosimetria.com\/ca\/wp-json\/wp\/v2\/comments?post=2196"}],"version-history":[{"count":0,"href":"https:\/\/www.dosimetria.com\/ca\/wp-json\/wp\/v2\/pages\/2196\/revisions"}],"up":[{"embeddable":true,"href":"https:\/\/www.dosimetria.com\/ca\/wp-json\/wp\/v2\/pages\/1952"}],"wp:attachment":[{"href":"https:\/\/www.dosimetria.com\/ca\/wp-json\/wp\/v2\/media?parent=2196"}],"curies":[{"name":"wp","href":"https:\/\/api.w.org\/{rel}","templated":true}]}}