{"id":2209,"date":"2012-11-06T11:31:50","date_gmt":"2012-11-06T11:31:50","guid":{"rendered":"https:\/\/www.dosimetria.com\/empresa\/colaboradores\/"},"modified":"2014-09-25T22:04:22","modified_gmt":"2014-09-25T20:04:22","slug":"colaboradores","status":"publish","type":"page","link":"https:\/\/www.dosimetria.com\/ca\/empresa\/colaboradores\/","title":{"rendered":"Col\u2022laboradors"},"content":{"rendered":"<p>La col\u00b7laboraci\u00f3 ha estat, \u00e9s i ser\u00e0 sempre una de les prioritats de <strong>centro de dosimetr\u00eda<\/strong> amb la finalitat de maximitzar la qualitat de l&#8217;SDP i, per tant, la satisfacci\u00f3 del client final. Els eixos principals sobre els quals s&#8217;han desenvolupat projectes de col\u00b7laboraci\u00f3 s\u00f3n:<\/p>\n<ul>\n<li>Organisme regulador (CSN) i altres organitzacions d&#8217;\u00e0mbit nacional i internacional<\/li>\n<li>Clients com ara hospitals, centres de recerca<\/li>\n<li>Empreses del sector que ofereixen serveis relacionats:\n<ul>\n<li>Unitats t\u00e8cniques de protecci\u00f3 radiol\u00f2gica (UTPR)<\/li>\n<li>Empreses de formaci\u00f3<\/li>\n<li>Desenvolupament de noves tecnologies<\/li>\n<\/ul>\n<\/li>\n<li>Prove\u00efdors de log\u00edstica integrants en la cadena de subministrament del servei<\/li>\n<\/ul>\n","protected":false},"excerpt":{"rendered":"<p>La col\u00b7laboraci\u00f3 ha estat, \u00e9s i ser\u00e0 sempre una de les prioritats de centro de dosimetr\u00eda amb la finalitat de maximitzar la qualitat de l&#8217;SDP i, per tant, la satisfacci\u00f3 del client final. Els eixos principals sobre els quals s&#8217;han desenvolupat projectes de col\u00b7laboraci\u00f3 s\u00f3n: Organisme regulador (CSN) i altres organitzacions d&#8217;\u00e0mbit nacional i internacional [&hellip;]<\/p>\n","protected":false},"author":22,"featured_media":0,"parent":1952,"menu_order":5,"comment_status":"closed","ping_status":"open","template":"","meta":{"_acf_changed":false,"footnotes":""},"class_list":["post-2209","page","type-page","status-publish","hentry"],"acf":[],"_links":{"self":[{"href":"https:\/\/www.dosimetria.com\/ca\/wp-json\/wp\/v2\/pages\/2209"}],"collection":[{"href":"https:\/\/www.dosimetria.com\/ca\/wp-json\/wp\/v2\/pages"}],"about":[{"href":"https:\/\/www.dosimetria.com\/ca\/wp-json\/wp\/v2\/types\/page"}],"author":[{"embeddable":true,"href":"https:\/\/www.dosimetria.com\/ca\/wp-json\/wp\/v2\/users\/22"}],"replies":[{"embeddable":true,"href":"https:\/\/www.dosimetria.com\/ca\/wp-json\/wp\/v2\/comments?post=2209"}],"version-history":[{"count":0,"href":"https:\/\/www.dosimetria.com\/ca\/wp-json\/wp\/v2\/pages\/2209\/revisions"}],"up":[{"embeddable":true,"href":"https:\/\/www.dosimetria.com\/ca\/wp-json\/wp\/v2\/pages\/1952"}],"wp:attachment":[{"href":"https:\/\/www.dosimetria.com\/ca\/wp-json\/wp\/v2\/media?parent=2209"}],"curies":[{"name":"wp","href":"https:\/\/api.w.org\/{rel}","templated":true}]}}