{"id":2218,"date":"2012-11-06T11:37:02","date_gmt":"2012-11-06T11:37:02","guid":{"rendered":"https:\/\/www.dosimetria.com\/servicios-sdp\/contratacion-servicio\/"},"modified":"2014-10-15T17:29:07","modified_gmt":"2014-10-15T15:29:07","slug":"contratacion-servicio","status":"publish","type":"page","link":"https:\/\/www.dosimetria.com\/ca\/servicios-sdp\/contratacion-servicio\/","title":{"rendered":"Contractaci\u00f3 servei"},"content":{"rendered":"<p>Fases del proc\u00e9s de contractaci\u00f3:<\/p>\n<p>1.-\u00a0 Sol\u00b7licitud de pressupost<\/p>\n<ul>\n<li>Utilitzeu el formulari web &#8220;Sol\u00b7licitud de pressupost&#8221;<\/li>\n<li>O &#8220;Envia&#8217;ns un e-mail&#8221; per tal que us contactem<\/li>\n<li>O &#8220;Contacta amb nosaltres&#8221; als tel\u00e8fons indicats<\/li>\n<\/ul>\n<p>2.-\u00a0 Proposta de servei<\/p>\n<p>Us enviarem un pressupost segons tarifes juntament amb:<\/p>\n<ul>\n<li>Documentaci\u00f3 t\u00e8cnica b\u00e0sica de presentaci\u00f3 del servei<\/li>\n<li>Formulari d&#8217;inscripci\u00f3 al servei<\/li>\n<\/ul>\n<p>3.- Activaci\u00f3 del servei i assignaci\u00f3 de dos\u00edmetres:\u00a0En cas d&#8217;inter\u00e8s en la contractaci\u00f3<\/p>\n<ul>\n<li>Envieu el formulari d&#8217;inscripci\u00f3 emplenat<\/li>\n<li>Se us contactar\u00e0 per informar-vos de l&#8217;alta i de les condicions d&#8217;\u00fas del servei<\/li>\n<li>Es procedir\u00e0 al registre d&#8217;inscripci\u00f3, assignaci\u00f3 de la dotaci\u00f3 de dos\u00edmetres i enviament als centres de treball mitjan\u00e7ant la log\u00edstica que h\u00e0giu triat<\/li>\n<\/ul>\n<p>4.- Actualitzaci\u00f3 del contracte<\/p>\n<ul>\n<li>Emissi\u00f3 del certificat d&#8217;alta en el servei<\/li>\n<li>Segons la tipologia del contractant, es preparar\u00e0 un contracte addicional al formulari d&#8217;inscripci\u00f3<\/li>\n<li>S&#8217;actualitzar\u00e0 la dotaci\u00f3 de dos\u00edmetres i les dades de l&#8217;usuari mitjan\u00e7ant les comunicacions documentades al departament de clients de les alteracions requerides pel contractant o el responsable assignat durant l&#8217;execuci\u00f3 del contracte<\/li>\n<\/ul>\n","protected":false},"excerpt":{"rendered":"<p>Fases del proc\u00e9s de contractaci\u00f3: 1.-\u00a0 Sol\u00b7licitud de pressupost Utilitzeu el formulari web &#8220;Sol\u00b7licitud de pressupost&#8221; O &#8220;Envia&#8217;ns un e-mail&#8221; per tal que us contactem O &#8220;Contacta amb nosaltres&#8221; als tel\u00e8fons indicats 2.-\u00a0 Proposta de servei Us enviarem un pressupost segons tarifes juntament amb: Documentaci\u00f3 t\u00e8cnica b\u00e0sica de presentaci\u00f3 del servei Formulari d&#8217;inscripci\u00f3 al servei [&hellip;]<\/p>\n","protected":false},"author":22,"featured_media":0,"parent":1997,"menu_order":1,"comment_status":"closed","ping_status":"open","template":"","meta":{"_acf_changed":false,"footnotes":""},"class_list":["post-2218","page","type-page","status-publish","hentry"],"acf":[],"_links":{"self":[{"href":"https:\/\/www.dosimetria.com\/ca\/wp-json\/wp\/v2\/pages\/2218"}],"collection":[{"href":"https:\/\/www.dosimetria.com\/ca\/wp-json\/wp\/v2\/pages"}],"about":[{"href":"https:\/\/www.dosimetria.com\/ca\/wp-json\/wp\/v2\/types\/page"}],"author":[{"embeddable":true,"href":"https:\/\/www.dosimetria.com\/ca\/wp-json\/wp\/v2\/users\/22"}],"replies":[{"embeddable":true,"href":"https:\/\/www.dosimetria.com\/ca\/wp-json\/wp\/v2\/comments?post=2218"}],"version-history":[{"count":0,"href":"https:\/\/www.dosimetria.com\/ca\/wp-json\/wp\/v2\/pages\/2218\/revisions"}],"up":[{"embeddable":true,"href":"https:\/\/www.dosimetria.com\/ca\/wp-json\/wp\/v2\/pages\/1997"}],"wp:attachment":[{"href":"https:\/\/www.dosimetria.com\/ca\/wp-json\/wp\/v2\/media?parent=2218"}],"curies":[{"name":"wp","href":"https:\/\/api.w.org\/{rel}","templated":true}]}}