{"id":2226,"date":"2012-11-06T11:37:45","date_gmt":"2012-11-06T11:37:45","guid":{"rendered":"https:\/\/www.dosimetria.com\/servicios-sdp\/envios-dosimetros\/"},"modified":"2016-10-26T11:19:50","modified_gmt":"2016-10-26T09:19:50","slug":"envios-dosimetros","status":"publish","type":"page","link":"https:\/\/www.dosimetria.com\/ca\/servicios-sdp\/envios-dosimetros\/","title":{"rendered":"Enviaments dos\u00edmetres"},"content":{"rendered":"<p>La <strong>log\u00edstica<\/strong> \u00e9s un proc\u00e9s fonamental en el bon funcionament del servei. Els enviaments dels dos\u00edmetres als clients i el seu retorn han de permetre&#8217;n la tra\u00e7abilitat i el seguiment. \u00c9s per aix\u00f2 que <strong>centro de dosimetr\u00eda<\/strong> treballa en estreta col\u00b7laboraci\u00f3 amb empreses de distribuci\u00f3 a escala nacional en els aspectes seg\u00fcents:<\/p>\n<ul>\n<li>Contracte anual amb empreses distribu\u00efdores<\/li>\n<li>Revisi\u00f3 anual de tarifes<\/li>\n<li>Codificaci\u00f3 dels enviaments<\/li>\n<li>Integraci\u00f3 de bases de dades que permetin el seguiment (tracking) de l&#8217;enviament i la identificaci\u00f3 del motiu de la p\u00e8rdua<\/li>\n<li>Abonament o eliminaci\u00f3 del c\u00e0rrec per p\u00e8rdua dels dos\u00edmetres, si el motiu \u00e9s ali\u00e8 al client i es compleixen les especificacions contractades.<\/li>\n<\/ul>\n<p>Possibilitat de contractar diferents<strong>\u00a0modalitats d&#8217;enviaments <\/strong>segons les necessitats del client.<\/p>\n<ul>\n<li>Correu certificat<\/li>\n<li>Missatgeria efectuada per un prove\u00efdor de <strong>centro de dosimetr\u00eda<\/strong><\/li>\n<li>Missatgeria del client<\/li>\n<li>Enviaments especials<\/li>\n<\/ul>\n<p>Els <strong>prove\u00efdors<\/strong> utilitzats per <strong>centro de dosimetr\u00eda<\/strong> s\u00f3n:<\/p>\n<ul>\n<li>CORREOS Y TELEGRAFOS S.A<\/li>\n<li>Missatgeria dins la Pen\u00ednsula Ib\u00e8rica<\/li>\n<\/ul>\n<p>L&#8217;<strong>embalatge<\/strong> utilitzat per a aquests enviaments \u00e9s un altre factor fonamental per assegurar el bon tractament dels paquets durant el transport. Per aix\u00f2,<strong> centro de dosimetr\u00eda<\/strong> proveeix diferents tipus tant de l&#8217;embalatge d&#8217;anada com del de tornada, que es diferencien segons la tipologia del client\/enviament i tots van marcats amb el s\u00edmbol de &#8220;No irradiar&#8221;.<\/p>\n<p>&nbsp;<\/p>\n","protected":false},"excerpt":{"rendered":"<p>La log\u00edstica \u00e9s un proc\u00e9s fonamental en el bon funcionament del servei. Els enviaments dels dos\u00edmetres als clients i el seu retorn han de permetre&#8217;n la tra\u00e7abilitat i el seguiment. \u00c9s per aix\u00f2 que centro de dosimetr\u00eda treballa en estreta col\u00b7laboraci\u00f3 amb empreses de distribuci\u00f3 a escala nacional en els aspectes seg\u00fcents: Contracte anual amb [&hellip;]<\/p>\n","protected":false},"author":22,"featured_media":0,"parent":1997,"menu_order":2,"comment_status":"closed","ping_status":"open","template":"page-imagensuperior.php","meta":{"_acf_changed":false,"footnotes":""},"class_list":["post-2226","page","type-page","status-publish","hentry"],"acf":[],"_links":{"self":[{"href":"https:\/\/www.dosimetria.com\/ca\/wp-json\/wp\/v2\/pages\/2226"}],"collection":[{"href":"https:\/\/www.dosimetria.com\/ca\/wp-json\/wp\/v2\/pages"}],"about":[{"href":"https:\/\/www.dosimetria.com\/ca\/wp-json\/wp\/v2\/types\/page"}],"author":[{"embeddable":true,"href":"https:\/\/www.dosimetria.com\/ca\/wp-json\/wp\/v2\/users\/22"}],"replies":[{"embeddable":true,"href":"https:\/\/www.dosimetria.com\/ca\/wp-json\/wp\/v2\/comments?post=2226"}],"version-history":[{"count":0,"href":"https:\/\/www.dosimetria.com\/ca\/wp-json\/wp\/v2\/pages\/2226\/revisions"}],"up":[{"embeddable":true,"href":"https:\/\/www.dosimetria.com\/ca\/wp-json\/wp\/v2\/pages\/1997"}],"wp:attachment":[{"href":"https:\/\/www.dosimetria.com\/ca\/wp-json\/wp\/v2\/media?parent=2226"}],"curies":[{"name":"wp","href":"https:\/\/api.w.org\/{rel}","templated":true}]}}