{"id":2237,"date":"2012-11-06T11:38:05","date_gmt":"2012-11-06T11:38:05","guid":{"rendered":"https:\/\/www.dosimetria.com\/servicios-sdp\/informes-dosimetricos\/"},"modified":"2017-06-14T13:31:50","modified_gmt":"2017-06-14T11:31:50","slug":"informes-dosimetricos","status":"publish","type":"page","link":"https:\/\/www.dosimetria.com\/ca\/servicios-sdp\/informes-dosimetricos\/","title":{"rendered":"Informes dosim\u00e8trics"},"content":{"rendered":"<p><img loading=\"lazy\" decoding=\"async\" class=\"alignnone size-full wp-image-328\" title=\"INFDOSIMETRICOS_muntatge_v2\" src=\"https:\/\/www.dosimetria.com\/wp-content\/uploads\/2012\/11\/INFDOSIMETRICOS_muntatge_v2.jpg\" alt=\"\" width=\"280\" height=\"214\" srcset=\"https:\/\/www.dosimetria.com\/wp-content\/uploads\/2012\/11\/INFDOSIMETRICOS_muntatge_v2.jpg 280w, https:\/\/www.dosimetria.com\/wp-content\/uploads\/2012\/11\/INFDOSIMETRICOS_muntatge_v2-170x129.jpg 170w\" sizes=\"(max-width: 280px) 100vw, 280px\" \/><\/p>\n<p><strong>Informe mensual<\/strong><\/p>\n<ul>\n<li>L&#8217;informe mensual de dosimetria personal cont\u00e9 les dosis equivalents rebudes per cada usuari de la instal\u00b7laci\u00f3.<\/li>\n<li>S&#8217;hi inclouen les dosis equivalents calculades, assignades i informaci\u00f3 addicional, si escau, com per exemple les &#8220;notes de valoraci\u00f3 de dosis&#8221; basades en criteris objectius respecte als l\u00edmits que estableix la legislaci\u00f3 o pel que fa a l&#8217;historial dosim\u00e8tric del treballador.<\/li>\n<\/ul>\n<p><strong>Informe anual individual<\/strong><\/p>\n<ul>\n<li>Emissi\u00f3 d&#8217;un informe anual individual per a cada treballador i control dosim\u00e8tric, en qu\u00e8 es resumeixen els resultats mensuals i les possibles incid\u00e8ncies.<\/li>\n<\/ul>\n<p><strong>Emissi\u00f3 i enviament d&#8217;informes<\/strong><\/p>\n<ul>\n<li>En general, els informes s&#8217;envien per correu ordinari.<\/li>\n<li>Addicionalment, a petici\u00f3 del client, s&#8217;hi pot accedir per internet dins l&#8217;aplicaci\u00f3 <strong>cdNET<\/strong>.<\/li>\n<\/ul>\n<ul>\n<li><strong>centro\u00a0de dosimetr\u00eda<\/strong> t\u00e9 com un dels objectius principals en la seva pol\u00edtica de respecte al medi ambient, millorar les funcionalitats d&#8217;aquesta aplicaci\u00f3 per reduir l&#8217;enviament d&#8217;informes en paper.<\/li>\n<\/ul>\n<p><strong>Comunicaci\u00f3 als organismes reguladors<\/strong><\/p>\n<p><strong>centro\u00a0de dosimetr\u00eda<\/strong> comunica les dades d&#8217;empreses, instal\u00b7lacions i dosis obtingudes dels treballadors professionalment exposats d&#8217;acord amb els requeriments que estableixen els organismes reguladors de cada pa\u00eds:<\/p>\n<p><strong>Organisme regulador a Espanya<\/strong>: Consell de Seguretat Nuclear (CSN), segons la IT de refer\u00e8ncia CSN\/IT\/SDP\/CDO\/03\/02 de 15\/04\/2003.<\/p>\n<p><strong>Organismes reguladors a Portugal<\/strong>: Institut Superior T\u00e8cnic\/Institut Tecnol\u00f2gic i Nuclear (IST\/ITN) i Direcci\u00f3 General de Salut (DGS), segons el que estableix l&#8217;article 21 del DL n\u00fam. 167\/2002 de 18\/07\/2002.<\/p>\n","protected":false},"excerpt":{"rendered":"<p>Informe mensual L&#8217;informe mensual de dosimetria personal cont\u00e9 les dosis equivalents rebudes per cada usuari de la instal\u00b7laci\u00f3. S&#8217;hi inclouen les dosis equivalents calculades, assignades i informaci\u00f3 addicional, si escau, com per exemple les &#8220;notes de valoraci\u00f3 de dosis&#8221; basades en criteris objectius respecte als l\u00edmits que estableix la legislaci\u00f3 o pel que fa a [&hellip;]<\/p>\n","protected":false},"author":22,"featured_media":0,"parent":1997,"menu_order":3,"comment_status":"closed","ping_status":"open","template":"","meta":{"_acf_changed":false,"footnotes":""},"class_list":["post-2237","page","type-page","status-publish","hentry"],"acf":[],"_links":{"self":[{"href":"https:\/\/www.dosimetria.com\/ca\/wp-json\/wp\/v2\/pages\/2237"}],"collection":[{"href":"https:\/\/www.dosimetria.com\/ca\/wp-json\/wp\/v2\/pages"}],"about":[{"href":"https:\/\/www.dosimetria.com\/ca\/wp-json\/wp\/v2\/types\/page"}],"author":[{"embeddable":true,"href":"https:\/\/www.dosimetria.com\/ca\/wp-json\/wp\/v2\/users\/22"}],"replies":[{"embeddable":true,"href":"https:\/\/www.dosimetria.com\/ca\/wp-json\/wp\/v2\/comments?post=2237"}],"version-history":[{"count":0,"href":"https:\/\/www.dosimetria.com\/ca\/wp-json\/wp\/v2\/pages\/2237\/revisions"}],"up":[{"embeddable":true,"href":"https:\/\/www.dosimetria.com\/ca\/wp-json\/wp\/v2\/pages\/1997"}],"wp:attachment":[{"href":"https:\/\/www.dosimetria.com\/ca\/wp-json\/wp\/v2\/media?parent=2237"}],"curies":[{"name":"wp","href":"https:\/\/api.w.org\/{rel}","templated":true}]}}