{"id":2247,"date":"2012-11-06T11:38:35","date_gmt":"2012-11-06T11:38:35","guid":{"rendered":"https:\/\/www.dosimetria.com\/servicios-sdp\/facturacion\/"},"modified":"2016-10-26T11:04:18","modified_gmt":"2016-10-26T09:04:18","slug":"facturacion","status":"publish","type":"page","link":"https:\/\/www.dosimetria.com\/ca\/servicios-sdp\/facturacion\/","title":{"rendered":"Facturaci\u00f3"},"content":{"rendered":"<p><strong>Tarifes del servei<\/strong><\/p>\n<ul>\n<li>El preu del servei est\u00e0 estandarditzat segons les tarifes seg\u00fcents:\n<ul>\n<li>Tarifes per a professionals i petites empreses d&#8217;1 a 10 usuaris\/controls dosim\u00e8trics per a una instal\u00b7laci\u00f3 i factura \u00fanica.<\/li>\n<li>Tarifes per a empreses amb m\u00e9s de 10 usuaris\/controls en les quals es calcula la tarifa pel nombre d&#8217;usuaris i tamb\u00e9 per la seva distribuci\u00f3.<\/li>\n<li>Tarifes especials per a serveis no continuats o temporals i altra casu\u00edstica<\/li>\n<li>S&#8217;informa tamb\u00e9 de les tarifes de missatgeria que\u00a0<strong>centro de dosimetr\u00eda<\/strong>\u00a0pot contractar per a l&#8217;enviament i\/o la recollida de la dotaci\u00f3 de dos\u00edmetres a la seva instal\u00b7laci\u00f3.<\/li>\n<\/ul>\n<\/li>\n<li>Les tarifes es comuniquen anualment als clients, per correu o internet.<\/li>\n<\/ul>\n<p style=\"text-align: justify;\"><img loading=\"lazy\" decoding=\"async\" title=\"FACTURACION-tarifas_muntatge\" src=\"\/wp-content\/uploads\/2012\/11\/FACTURACION-tarifas_muntatge.jpg\" alt=\"\" width=\"280\" height=\"214\" \/><\/p>\n<p><strong>Facturaci\u00f3 del servei<\/strong><\/p>\n<ul>\n<li>La forma de facturaci\u00f3 del servei est\u00e0 adaptada a la seva forma de prestaci\u00f3.<\/li>\n<li>S&#8217;emet una factura anual que inclou la previsi\u00f3 de serveis contractats per a l&#8217;any actual segons albar\u00e0 adjunt, i l&#8217;abonament o el c\u00e0rrec (si n&#8217;hi hagu\u00e9s) corresponent al tancament de la facturaci\u00f3 de l&#8217;any anterior. El m\u00e8tode utilitzat de previsi\u00f3-regularitzaci\u00f3 es basa en la facturaci\u00f3 dels serveis realment duts a terme. At\u00e8s que es tracta d&#8217;un servei continuat, aquest sistema cont\u00e9 les variacions que han tingut lloc al llarg de l&#8217;any ja sigui en la dotaci\u00f3 de controls dosim\u00e8trics, p\u00e8rdues per log\u00edstica, etc.<\/li>\n<li>Aquesta forma de facturaci\u00f3 permet que el proc\u00e9s de facturaci\u00f3 repercuteixi el m\u00ednim en el cost final.<\/li>\n<li>La forma de facturaci\u00f3 i les condicions de pagament es detallen en els fulls de tarifes.<\/li>\n<li>Possibilitat d&#8217;acordar condicions especials de facturaci\u00f3 i\/o pagament amb el departament d&#8217;administraci\u00f3.<\/li>\n<\/ul>\n<p style=\"text-align: justify;\"><img loading=\"lazy\" decoding=\"async\" title=\"FACTURACION-fact-alb_muntatge\" src=\"\/wp-content\/uploads\/2012\/11\/FACTURACION-fact-alb_muntatge.jpg\" alt=\"\" width=\"371\" height=\"214\" \/><\/p>\n<p>&nbsp;<\/p>\n","protected":false},"excerpt":{"rendered":"<p>Tarifes del servei El preu del servei est\u00e0 estandarditzat segons les tarifes seg\u00fcents: Tarifes per a professionals i petites empreses d&#8217;1 a 10 usuaris\/controls dosim\u00e8trics per a una instal\u00b7laci\u00f3 i factura \u00fanica. Tarifes per a empreses amb m\u00e9s de 10 usuaris\/controls en les quals es calcula la tarifa pel nombre d&#8217;usuaris i tamb\u00e9 per la [&hellip;]<\/p>\n","protected":false},"author":22,"featured_media":0,"parent":1997,"menu_order":4,"comment_status":"closed","ping_status":"open","template":"","meta":{"_acf_changed":false,"footnotes":""},"class_list":["post-2247","page","type-page","status-publish","hentry"],"acf":[],"_links":{"self":[{"href":"https:\/\/www.dosimetria.com\/ca\/wp-json\/wp\/v2\/pages\/2247"}],"collection":[{"href":"https:\/\/www.dosimetria.com\/ca\/wp-json\/wp\/v2\/pages"}],"about":[{"href":"https:\/\/www.dosimetria.com\/ca\/wp-json\/wp\/v2\/types\/page"}],"author":[{"embeddable":true,"href":"https:\/\/www.dosimetria.com\/ca\/wp-json\/wp\/v2\/users\/22"}],"replies":[{"embeddable":true,"href":"https:\/\/www.dosimetria.com\/ca\/wp-json\/wp\/v2\/comments?post=2247"}],"version-history":[{"count":0,"href":"https:\/\/www.dosimetria.com\/ca\/wp-json\/wp\/v2\/pages\/2247\/revisions"}],"up":[{"embeddable":true,"href":"https:\/\/www.dosimetria.com\/ca\/wp-json\/wp\/v2\/pages\/1997"}],"wp:attachment":[{"href":"https:\/\/www.dosimetria.com\/ca\/wp-json\/wp\/v2\/media?parent=2247"}],"curies":[{"name":"wp","href":"https:\/\/api.w.org\/{rel}","templated":true}]}}