{"id":2265,"date":"2012-11-06T11:40:30","date_gmt":"2012-11-06T11:40:30","guid":{"rendered":"https:\/\/www.dosimetria.com\/servicios-sdp\/servicios-adicionales\/"},"modified":"2014-09-29T18:12:42","modified_gmt":"2014-09-29T16:12:42","slug":"servicios-especiales","status":"publish","type":"page","link":"https:\/\/www.dosimetria.com\/ca\/servicios-sdp\/servicios-especiales\/","title":{"rendered":"Serveis addicionals"},"content":{"rendered":"<p><strong>centro de dosimetr\u00eda<\/strong> ha desenvolupat i implantat una s\u00e8rie de procediments espec\u00edfics segons la tipologia de client, tant en l&#8217;\u00e0rea t\u00e8cnica com de gesti\u00f3, que t\u00e9 la finalitat d&#8217;aportar al client un servei addicional que faciliti el bon \u00fas de la dosimetria. D&#8217;entre els procediments, en destaquen els seg\u00fcents:<\/p>\n<p><strong>Procediments \u00e0rea t\u00e8cnica<\/strong><\/p>\n<ul>\n<li>Assignaci\u00f3 espec\u00edfica de dosis per p\u00e8rdues d&#8217;informaci\u00f3 dosim\u00e8trica.<\/li>\n<li>Procediment per a irradiacions accidentals.<\/li>\n<li>Assessorament en cas de sobreexposici\u00f3 potencial.<\/li>\n<\/ul>\n<p><strong>Procediments \u00e0rea de gesti\u00f3<\/strong><\/p>\n<ul>\n<li>Albarans de lliurament i recepci\u00f3 de dos\u00edmetres<\/li>\n<li>Informe de dos\u00edmetres no rebuts<\/li>\n<li>Seguiment en temps real (tracking) de l&#8217;estat dels enviaments<\/li>\n<li>Possibilitat de contractar serveis log\u00edstics de retorn a preus competitius<\/li>\n<\/ul>\n","protected":false},"excerpt":{"rendered":"<p>centro de dosimetr\u00eda ha desenvolupat i implantat una s\u00e8rie de procediments espec\u00edfics segons la tipologia de client, tant en l&#8217;\u00e0rea t\u00e8cnica com de gesti\u00f3, que t\u00e9 la finalitat d&#8217;aportar al client un servei addicional que faciliti el bon \u00fas de la dosimetria. D&#8217;entre els procediments, en destaquen els seg\u00fcents: Procediments \u00e0rea t\u00e8cnica Assignaci\u00f3 espec\u00edfica de [&hellip;]<\/p>\n","protected":false},"author":22,"featured_media":0,"parent":1997,"menu_order":7,"comment_status":"closed","ping_status":"open","template":"","meta":{"_acf_changed":false,"footnotes":""},"class_list":["post-2265","page","type-page","status-publish","hentry"],"acf":[],"_links":{"self":[{"href":"https:\/\/www.dosimetria.com\/ca\/wp-json\/wp\/v2\/pages\/2265"}],"collection":[{"href":"https:\/\/www.dosimetria.com\/ca\/wp-json\/wp\/v2\/pages"}],"about":[{"href":"https:\/\/www.dosimetria.com\/ca\/wp-json\/wp\/v2\/types\/page"}],"author":[{"embeddable":true,"href":"https:\/\/www.dosimetria.com\/ca\/wp-json\/wp\/v2\/users\/22"}],"replies":[{"embeddable":true,"href":"https:\/\/www.dosimetria.com\/ca\/wp-json\/wp\/v2\/comments?post=2265"}],"version-history":[{"count":0,"href":"https:\/\/www.dosimetria.com\/ca\/wp-json\/wp\/v2\/pages\/2265\/revisions"}],"up":[{"embeddable":true,"href":"https:\/\/www.dosimetria.com\/ca\/wp-json\/wp\/v2\/pages\/1997"}],"wp:attachment":[{"href":"https:\/\/www.dosimetria.com\/ca\/wp-json\/wp\/v2\/media?parent=2265"}],"curies":[{"name":"wp","href":"https:\/\/api.w.org\/{rel}","templated":true}]}}