{"id":2295,"date":"2013-01-24T10:38:54","date_gmt":"2013-01-24T10:38:54","guid":{"rendered":"https:\/\/www.dosimetria.com\/biblioteca\/links-de-interes\/area-tecnica-proteccion-radiologica-dosimetria-y-otros\/"},"modified":"2014-09-29T18:30:30","modified_gmt":"2014-09-29T16:30:30","slug":"area-tecnica-proteccion-radiologica-dosimetria-y-otros","status":"publish","type":"page","link":"https:\/\/www.dosimetria.com\/ca\/biblioteca\/links-de-interes\/area-tecnica-proteccion-radiologica-dosimetria-y-otros\/","title":{"rendered":"\u00c0rea t\u00e8cnica: Protecci\u00f3 radiol\u00f2gica, dosimetria i altres"},"content":{"rendered":"<p><strong>Nacionals<\/strong><\/p>\n<p><a href=\"http:\/\/www.sepr.es\/\">www.sepr.es<\/a>. SOCIETAT ESPANYOLA DE PROTECCI\u00d3 RADIOL\u00d2GICA<\/p>\n<p><a href=\"http:\/\/www.sefm.es\/\">www.sefm.es<\/a>. SOCIETAT ESPANYOLA DE F\u00cdSICA M\u00c8DICA<\/p>\n<p>&nbsp;<\/p>\n<p><strong>Internacionals<\/strong><\/p>\n<p><a href=\"http:\/\/www.iaea.org\/\">www.iaea.org<\/a>. \u00a0 INTERNATIONAL ATOMIC ENERGY AGENCY<\/p>\n<p><a href=\"http:\/\/www.icrp.org\/\">www.icrp.org<\/a>. INTERNATIONAL COMMISSION ON RADIOLOGICAL PROTECTION<\/p>\n<p><a href=\"http:\/\/www.irpa.net\/\">www.irpa.net<\/a>. \u00a0 \u00a0 \u00a0 INTERNATIONAL RADIATION PROTECTION ASSOCIATION<\/p>\n<p><a href=\"http:\/\/www.eurados.org\/\">www.eurados.org<\/a>. \u00a0 EUROPEAN RADIATION DOSIMETRY GROUP<\/p>\n","protected":false},"excerpt":{"rendered":"<p>Nacionals www.sepr.es. SOCIETAT ESPANYOLA DE PROTECCI\u00d3 RADIOL\u00d2GICA www.sefm.es. SOCIETAT ESPANYOLA DE F\u00cdSICA M\u00c8DICA &nbsp; Internacionals www.iaea.org. \u00a0 INTERNATIONAL ATOMIC ENERGY AGENCY www.icrp.org. INTERNATIONAL COMMISSION ON RADIOLOGICAL PROTECTION www.irpa.net. \u00a0 \u00a0 \u00a0 INTERNATIONAL RADIATION PROTECTION ASSOCIATION www.eurados.org. \u00a0 EUROPEAN RADIATION DOSIMETRY GROUP<\/p>\n","protected":false},"author":22,"featured_media":0,"parent":2286,"menu_order":2,"comment_status":"closed","ping_status":"open","template":"","meta":{"_acf_changed":false,"footnotes":""},"class_list":["post-2295","page","type-page","status-publish","hentry"],"acf":[],"_links":{"self":[{"href":"https:\/\/www.dosimetria.com\/ca\/wp-json\/wp\/v2\/pages\/2295"}],"collection":[{"href":"https:\/\/www.dosimetria.com\/ca\/wp-json\/wp\/v2\/pages"}],"about":[{"href":"https:\/\/www.dosimetria.com\/ca\/wp-json\/wp\/v2\/types\/page"}],"author":[{"embeddable":true,"href":"https:\/\/www.dosimetria.com\/ca\/wp-json\/wp\/v2\/users\/22"}],"replies":[{"embeddable":true,"href":"https:\/\/www.dosimetria.com\/ca\/wp-json\/wp\/v2\/comments?post=2295"}],"version-history":[{"count":0,"href":"https:\/\/www.dosimetria.com\/ca\/wp-json\/wp\/v2\/pages\/2295\/revisions"}],"up":[{"embeddable":true,"href":"https:\/\/www.dosimetria.com\/ca\/wp-json\/wp\/v2\/pages\/2286"}],"wp:attachment":[{"href":"https:\/\/www.dosimetria.com\/ca\/wp-json\/wp\/v2\/media?parent=2295"}],"curies":[{"name":"wp","href":"https:\/\/api.w.org\/{rel}","templated":true}]}}