{"id":2330,"date":"2013-01-24T14:50:14","date_gmt":"2013-01-24T14:50:14","guid":{"rendered":"https:\/\/www.dosimetria.com\/biblioteca\/normativa\/proteccion-radiologica\/normativa-internacional\/"},"modified":"2014-09-29T18:46:37","modified_gmt":"2014-09-29T16:46:37","slug":"normativa-internacional","status":"publish","type":"page","link":"https:\/\/www.dosimetria.com\/ca\/biblioteca\/normativa\/proteccion-radiologica\/normativa-internacional\/","title":{"rendered":"Normativa Internacional"},"content":{"rendered":"<p><strong>Directiva 90\/641\/Euratom<\/strong>\u00a0relativa a la protecci\u00f3 operacional dels treballadors exteriors amb risc d&#8217;exposici\u00f3 a radiacions ionitzants per intervenci\u00f3 en zona controlada.<\/p>\n<p><strong>Directiva 96\/29\/Euratom<\/strong>\u00a0per la qual s&#8217;estableixen les normes b\u00e0siques relatives a la protecci\u00f3 sanit\u00e0ria dels treballadors i de la poblaci\u00f3 contra els riscos que resulten de les radiacions ionitzants.<\/p>\n<p><strong>Directiva 97\/43 Euratom<\/strong>\u00a0relativa a la protecci\u00f3 de la salut contra els riscos derivats de les radiacions ionitzants en exposicions m\u00e8diques.<\/p>\n","protected":false},"excerpt":{"rendered":"<p>Directiva 90\/641\/Euratom\u00a0relativa a la protecci\u00f3 operacional dels treballadors exteriors amb risc d&#8217;exposici\u00f3 a radiacions ionitzants per intervenci\u00f3 en zona controlada. Directiva 96\/29\/Euratom\u00a0per la qual s&#8217;estableixen les normes b\u00e0siques relatives a la protecci\u00f3 sanit\u00e0ria dels treballadors i de la poblaci\u00f3 contra els riscos que resulten de les radiacions ionitzants. Directiva 97\/43 Euratom\u00a0relativa a la protecci\u00f3 de [&hellip;]<\/p>\n","protected":false},"author":22,"featured_media":0,"parent":2313,"menu_order":1,"comment_status":"closed","ping_status":"open","template":"","meta":{"_acf_changed":false,"footnotes":""},"class_list":["post-2330","page","type-page","status-publish","hentry"],"acf":[],"_links":{"self":[{"href":"https:\/\/www.dosimetria.com\/ca\/wp-json\/wp\/v2\/pages\/2330"}],"collection":[{"href":"https:\/\/www.dosimetria.com\/ca\/wp-json\/wp\/v2\/pages"}],"about":[{"href":"https:\/\/www.dosimetria.com\/ca\/wp-json\/wp\/v2\/types\/page"}],"author":[{"embeddable":true,"href":"https:\/\/www.dosimetria.com\/ca\/wp-json\/wp\/v2\/users\/22"}],"replies":[{"embeddable":true,"href":"https:\/\/www.dosimetria.com\/ca\/wp-json\/wp\/v2\/comments?post=2330"}],"version-history":[{"count":0,"href":"https:\/\/www.dosimetria.com\/ca\/wp-json\/wp\/v2\/pages\/2330\/revisions"}],"up":[{"embeddable":true,"href":"https:\/\/www.dosimetria.com\/ca\/wp-json\/wp\/v2\/pages\/2313"}],"wp:attachment":[{"href":"https:\/\/www.dosimetria.com\/ca\/wp-json\/wp\/v2\/media?parent=2330"}],"curies":[{"name":"wp","href":"https:\/\/api.w.org\/{rel}","templated":true}]}}