{"id":2339,"date":"2013-01-24T14:50:43","date_gmt":"2013-01-24T14:50:43","guid":{"rendered":"https:\/\/www.dosimetria.com\/biblioteca\/normativa\/proteccion-radiologica\/normativa-nacional\/"},"modified":"2014-09-29T18:51:14","modified_gmt":"2014-09-29T16:51:14","slug":"normativa-nacional","status":"publish","type":"page","link":"https:\/\/www.dosimetria.com\/ca\/biblioteca\/normativa\/proteccion-radiologica\/normativa-nacional\/","title":{"rendered":"Normativa Nacional"},"content":{"rendered":"<p><strong>Reial decret 1132\/90<\/strong>\u00a0de 14 de setembre, pel qual s&#8217;estableixen mesures fonamentals de protecci\u00f3 radiol\u00f2gica de les persones sotmeses a ex\u00e0mens i tractaments m\u00e8dics (BOE 18\/09\/1990).<\/p>\n<p><strong>Reial decret 413\/1997<\/strong>\u00a0de 21 de mar\u00e7, sobre protecci\u00f3 operacional dels treballadors externs amb risc d&#8217;exposici\u00f3 a radiacions ionitzants per intervenci\u00f3 en zona controlada (BOE 16\/04\/1997).<\/p>\n<p><strong>Reial decret 1841\/1997<\/strong>\u00a0de 5 de desembre, pel qual s&#8217;estableixen els criteris de qualitat en medicina nuclear (BOE 19\/12\/1997).<\/p>\n<p><strong>Reial decret 1566\/1998<\/strong>\u00a0de 17 de juliol, pel qual s&#8217;estableixen els criteris de qualitat en radioter\u00e0pia (BOE 28\/08\/1998).<\/p>\n<p><strong>Reial decret 1976\/1999<\/strong>\u00a0de 23 de desembre, pel qual s&#8217;estableixen els criteris de qualitat en radiodiagn\u00f2stic (BOE 29\/12\/1999).<\/p>\n<p><strong>Reial decret 783\/2001<\/strong>\u00a0de 6 de juliol, pel qual s&#8217;aprova el Reglament sobre protecci\u00f3 sanit\u00e0ria contra radiacions ionitzants. Va entrar en vigor l&#8217;1 de gener de 2002 i va derogar el RD 53\/1992 sobre la mateixa mat\u00e8ria (BOE 26\/07\/2001).<\/p>\n<p><strong>Reial decret 815\/2001<\/strong>\u00a0de 13 de juliol, sobre justificaci\u00f3 de l&#8217;\u00fas de les radiacions ionitzants per a la protecci\u00f3 radiol\u00f2gica de les persones amb motiu d&#8217;exposicions m\u00e8diques (BOE 14\/07\/2001).<\/p>\n<p><strong>Reial decret 1439\/2010<\/strong>\u00a0de 5 de novembre, pel qual es modifica el Reglament sobre protecci\u00f3 sanit\u00e0ria contra radiacions ionitzants, aprovat pel Reial decret 783\/2001, de 6 de juliol (BOE 18\/11\/2010).<\/p>\n","protected":false},"excerpt":{"rendered":"<p>Reial decret 1132\/90\u00a0de 14 de setembre, pel qual s&#8217;estableixen mesures fonamentals de protecci\u00f3 radiol\u00f2gica de les persones sotmeses a ex\u00e0mens i tractaments m\u00e8dics (BOE 18\/09\/1990). Reial decret 413\/1997\u00a0de 21 de mar\u00e7, sobre protecci\u00f3 operacional dels treballadors externs amb risc d&#8217;exposici\u00f3 a radiacions ionitzants per intervenci\u00f3 en zona controlada (BOE 16\/04\/1997). Reial decret 1841\/1997\u00a0de 5 de [&hellip;]<\/p>\n","protected":false},"author":22,"featured_media":0,"parent":2313,"menu_order":2,"comment_status":"closed","ping_status":"open","template":"","meta":{"_acf_changed":false,"footnotes":""},"class_list":["post-2339","page","type-page","status-publish","hentry"],"acf":[],"_links":{"self":[{"href":"https:\/\/www.dosimetria.com\/ca\/wp-json\/wp\/v2\/pages\/2339"}],"collection":[{"href":"https:\/\/www.dosimetria.com\/ca\/wp-json\/wp\/v2\/pages"}],"about":[{"href":"https:\/\/www.dosimetria.com\/ca\/wp-json\/wp\/v2\/types\/page"}],"author":[{"embeddable":true,"href":"https:\/\/www.dosimetria.com\/ca\/wp-json\/wp\/v2\/users\/22"}],"replies":[{"embeddable":true,"href":"https:\/\/www.dosimetria.com\/ca\/wp-json\/wp\/v2\/comments?post=2339"}],"version-history":[{"count":0,"href":"https:\/\/www.dosimetria.com\/ca\/wp-json\/wp\/v2\/pages\/2339\/revisions"}],"up":[{"embeddable":true,"href":"https:\/\/www.dosimetria.com\/ca\/wp-json\/wp\/v2\/pages\/2313"}],"wp:attachment":[{"href":"https:\/\/www.dosimetria.com\/ca\/wp-json\/wp\/v2\/media?parent=2339"}],"curies":[{"name":"wp","href":"https:\/\/api.w.org\/{rel}","templated":true}]}}