{"id":2350,"date":"2012-11-06T11:41:13","date_gmt":"2012-11-06T11:41:13","guid":{"rendered":"https:\/\/www.dosimetria.com\/laboratorio\/procesos\/"},"modified":"2014-10-07T12:24:45","modified_gmt":"2014-10-07T10:24:45","slug":"procesos","status":"publish","type":"page","link":"https:\/\/www.dosimetria.com\/ca\/laboratorio\/procesos\/","title":{"rendered":"Processos"},"content":{"rendered":"<p>Els processos principals del servei duts a terme a l&#8217;\u00e0rea t\u00e8cnica s\u00f3n:<\/p>\n<p><strong>Disseny i fabricaci\u00f3 de dos\u00edmetres:<\/strong><\/p>\n<ul>\n<li>Posada en marxa de dos\u00edmetres nous<\/li>\n<li>Reciclatge de dos\u00edmetres<\/li>\n<li>Etiquetatge de dos\u00edmetres<\/li>\n<\/ul>\n<p><strong>Processos estrat\u00e8gics del laboratori<\/strong><\/p>\n<ul>\n<li>Gesti\u00f3 amb organismes reguladors (CSN)<\/li>\n<li>Seguiment i actualitzaci\u00f3 de normatives del sector, qualitat, etc.<\/li>\n<li>Recerca i desenvolupament continu de productes, processos i materials<\/li>\n<li>Seguiment, avaluaci\u00f3 i control del m\u00e8tode d&#8217;assaig (lectura i informes)<\/li>\n<li>Calibratges del sistema dosim\u00e8tric<\/li>\n<li>Participaci\u00f3 en intercomparacions<\/li>\n<li>Gesti\u00f3 de recursos del laboratori<\/li>\n<\/ul>\n<p><strong>Processos operatius d&#8217;assaigs dosim\u00e8trics<\/strong><\/p>\n<ul>\n<li>Lectura dels dos\u00edmetres<\/li>\n<li>Control de qualitat diari dels lectors<\/li>\n<li>Filtratge d&#8217;incid\u00e8ncies en la lectura<\/li>\n<li>C\u00e0lcul i assignaci\u00f3 de les dosis<\/li>\n<li>Control dels processos i compliment del pla diari, mensual, etc.<\/li>\n<li>Manteniment dels equips<\/li>\n<\/ul>\n<p><strong>Gesti\u00f3 dels informes: Emissi\u00f3, revisi\u00f3 i registre<\/strong><\/p>\n<ul>\n<li>Informes mensuals de dosimetria personal<\/li>\n<li>Informe individual anual de dosimetria personal<\/li>\n<li>Resum individual anual de dosimetria personal<\/li>\n<li>Tramitaci\u00f3 de sobreexposicions al CSN<\/li>\n<\/ul>\n<p><strong>Seguiment del funcionament del servei i resoluci\u00f3 d&#8217;incid\u00e8ncies<\/strong><\/p>\n<ul>\n<li>Seguiment mensual dels dos\u00edmetres no rebuts<\/li>\n<li>Tractament dels casos de p\u00e8rdua d&#8217;informaci\u00f3 dosim\u00e8trica<\/li>\n<\/ul>\n","protected":false},"excerpt":{"rendered":"<p>Els processos principals del servei duts a terme a l&#8217;\u00e0rea t\u00e8cnica s\u00f3n: Disseny i fabricaci\u00f3 de dos\u00edmetres: Posada en marxa de dos\u00edmetres nous Reciclatge de dos\u00edmetres Etiquetatge de dos\u00edmetres Processos estrat\u00e8gics del laboratori Gesti\u00f3 amb organismes reguladors (CSN) Seguiment i actualitzaci\u00f3 de normatives del sector, qualitat, etc. Recerca i desenvolupament continu de productes, processos i [&hellip;]<\/p>\n","protected":false},"author":22,"featured_media":0,"parent":2005,"menu_order":1,"comment_status":"closed","ping_status":"open","template":"","meta":{"_acf_changed":false,"footnotes":""},"class_list":["post-2350","page","type-page","status-publish","hentry"],"acf":[],"_links":{"self":[{"href":"https:\/\/www.dosimetria.com\/ca\/wp-json\/wp\/v2\/pages\/2350"}],"collection":[{"href":"https:\/\/www.dosimetria.com\/ca\/wp-json\/wp\/v2\/pages"}],"about":[{"href":"https:\/\/www.dosimetria.com\/ca\/wp-json\/wp\/v2\/types\/page"}],"author":[{"embeddable":true,"href":"https:\/\/www.dosimetria.com\/ca\/wp-json\/wp\/v2\/users\/22"}],"replies":[{"embeddable":true,"href":"https:\/\/www.dosimetria.com\/ca\/wp-json\/wp\/v2\/comments?post=2350"}],"version-history":[{"count":0,"href":"https:\/\/www.dosimetria.com\/ca\/wp-json\/wp\/v2\/pages\/2350\/revisions"}],"up":[{"embeddable":true,"href":"https:\/\/www.dosimetria.com\/ca\/wp-json\/wp\/v2\/pages\/2005"}],"wp:attachment":[{"href":"https:\/\/www.dosimetria.com\/ca\/wp-json\/wp\/v2\/media?parent=2350"}],"curies":[{"name":"wp","href":"https:\/\/api.w.org\/{rel}","templated":true}]}}