{"id":2369,"date":"2012-11-06T11:41:47","date_gmt":"2012-11-06T11:41:47","guid":{"rendered":"https:\/\/www.dosimetria.com\/laboratorio\/calibraciones-y-verificaciones\/"},"modified":"2014-10-07T12:39:54","modified_gmt":"2014-10-07T10:39:54","slug":"calibraciones-y-verificaciones","status":"publish","type":"page","link":"https:\/\/www.dosimetria.com\/ca\/laboratorio\/calibraciones-y-verificaciones\/","title":{"rendered":"Calibratges i verificacions"},"content":{"rendered":"<p>Per dur a terme el control del sistema de dosimetria i garantir el seu funcionament correcte, aquest se sotmet a verificacions internes i a un calibratge anual en un laboratori extern de refer\u00e8ncia.<\/p>\n<ul>\n<li>El proc\u00e9s de calibratge del sistema de termoluminesc\u00e8ncia es fa a trav\u00e9s de dos\u00edmetres irradiats a valors coneguts de les magnituds objecte d&#8217;assaig en un laboratori oficial de calibratge secundari, seguint els protocols que estableix la norma ISO 4037-3.<\/li>\n<li>Les verificacions di\u00e0ries consisteixen a irradiar un grup de dos\u00edmetres a l&#8217;equip irradiador i llegir-los en els diferents equips per avaluar l&#8217;estat dels lectors respecte a l&#8217;estat de refer\u00e8ncia.<\/li>\n<\/ul>\n<p>Addicionalment, cada lector t\u00e9 diferents revisions autom\u00e0tiques que provoquen l&#8217;aturada de l&#8217;equip en cas que no es compleixin les condicions de la lectura establertes.<\/p>\n","protected":false},"excerpt":{"rendered":"<p>Per dur a terme el control del sistema de dosimetria i garantir el seu funcionament correcte, aquest se sotmet a verificacions internes i a un calibratge anual en un laboratori extern de refer\u00e8ncia. El proc\u00e9s de calibratge del sistema de termoluminesc\u00e8ncia es fa a trav\u00e9s de dos\u00edmetres irradiats a valors coneguts de les magnituds objecte [&hellip;]<\/p>\n","protected":false},"author":22,"featured_media":0,"parent":2005,"menu_order":3,"comment_status":"closed","ping_status":"open","template":"","meta":{"_acf_changed":false,"footnotes":""},"class_list":["post-2369","page","type-page","status-publish","hentry"],"acf":[],"_links":{"self":[{"href":"https:\/\/www.dosimetria.com\/ca\/wp-json\/wp\/v2\/pages\/2369"}],"collection":[{"href":"https:\/\/www.dosimetria.com\/ca\/wp-json\/wp\/v2\/pages"}],"about":[{"href":"https:\/\/www.dosimetria.com\/ca\/wp-json\/wp\/v2\/types\/page"}],"author":[{"embeddable":true,"href":"https:\/\/www.dosimetria.com\/ca\/wp-json\/wp\/v2\/users\/22"}],"replies":[{"embeddable":true,"href":"https:\/\/www.dosimetria.com\/ca\/wp-json\/wp\/v2\/comments?post=2369"}],"version-history":[{"count":0,"href":"https:\/\/www.dosimetria.com\/ca\/wp-json\/wp\/v2\/pages\/2369\/revisions"}],"up":[{"embeddable":true,"href":"https:\/\/www.dosimetria.com\/ca\/wp-json\/wp\/v2\/pages\/2005"}],"wp:attachment":[{"href":"https:\/\/www.dosimetria.com\/ca\/wp-json\/wp\/v2\/media?parent=2369"}],"curies":[{"name":"wp","href":"https:\/\/api.w.org\/{rel}","templated":true}]}}