{"id":2378,"date":"2012-11-06T11:42:28","date_gmt":"2012-11-06T11:42:28","guid":{"rendered":"https:\/\/www.dosimetria.com\/laboratorio\/campanas-intercomparacion\/"},"modified":"2014-10-15T17:39:29","modified_gmt":"2014-10-15T15:39:29","slug":"campanas-intercomparacion","status":"publish","type":"page","link":"https:\/\/www.dosimetria.com\/ca\/laboratorio\/campanas-intercomparacion\/","title":{"rendered":"Campanyes intercomparaci\u00f3"},"content":{"rendered":"<p>Des de l&#8217;inici de la seva activitat, <strong>centro de dosimetr\u00eda<\/strong> ha participat, de manera volunt\u00e0ria i proactiva, en intercomparacions nacionals i internacionals.<\/p>\n<ul>\n<li>Participaci\u00f3 en totes les intercomparatives nacionals organitzades pel CSN per a dos\u00edmetres personals de cos sencer els anys 1987, 1995, 2001, 2006 i 2013, aix\u00ed com en l&#8217;organitzada per a dos\u00edmetres d&#8217;anell l&#8217;any 2008.<\/li>\n<li>Participaci\u00f3 en la intercomparaci\u00f3 organitzada per EURADOS l&#8217;any 2007 per a dosimetria d&#8217;anells.<\/li>\n<\/ul>\n<p>Els resultats obtinguts en les intercomparacions de dos\u00edmetres de cos sencer sempre han estat molt satisfactoris per a totes les energies analitzades.<\/p>\n<p style=\"text-align: justify;\">Els resultats en les intercomparacions de dos\u00edmetres d&#8217;anell han estat satisfactoris, tot i que presenten una incertesa m\u00e9s gran per a certes energies.<\/p>\n","protected":false},"excerpt":{"rendered":"<p>Des de l&#8217;inici de la seva activitat, centro de dosimetr\u00eda ha participat, de manera volunt\u00e0ria i proactiva, en intercomparacions nacionals i internacionals. Participaci\u00f3 en totes les intercomparatives nacionals organitzades pel CSN per a dos\u00edmetres personals de cos sencer els anys 1987, 1995, 2001, 2006 i 2013, aix\u00ed com en l&#8217;organitzada per a dos\u00edmetres d&#8217;anell l&#8217;any [&hellip;]<\/p>\n","protected":false},"author":22,"featured_media":0,"parent":2005,"menu_order":4,"comment_status":"closed","ping_status":"open","template":"","meta":{"_acf_changed":false,"footnotes":""},"class_list":["post-2378","page","type-page","status-publish","hentry"],"acf":[],"_links":{"self":[{"href":"https:\/\/www.dosimetria.com\/ca\/wp-json\/wp\/v2\/pages\/2378"}],"collection":[{"href":"https:\/\/www.dosimetria.com\/ca\/wp-json\/wp\/v2\/pages"}],"about":[{"href":"https:\/\/www.dosimetria.com\/ca\/wp-json\/wp\/v2\/types\/page"}],"author":[{"embeddable":true,"href":"https:\/\/www.dosimetria.com\/ca\/wp-json\/wp\/v2\/users\/22"}],"replies":[{"embeddable":true,"href":"https:\/\/www.dosimetria.com\/ca\/wp-json\/wp\/v2\/comments?post=2378"}],"version-history":[{"count":0,"href":"https:\/\/www.dosimetria.com\/ca\/wp-json\/wp\/v2\/pages\/2378\/revisions"}],"up":[{"embeddable":true,"href":"https:\/\/www.dosimetria.com\/ca\/wp-json\/wp\/v2\/pages\/2005"}],"wp:attachment":[{"href":"https:\/\/www.dosimetria.com\/ca\/wp-json\/wp\/v2\/media?parent=2378"}],"curies":[{"name":"wp","href":"https:\/\/api.w.org\/{rel}","templated":true}]}}