{"id":2388,"date":"2012-11-06T11:42:55","date_gmt":"2012-11-06T11:42:55","guid":{"rendered":"https:\/\/www.dosimetria.com\/calidad\/autorizacion-csn\/"},"modified":"2016-10-26T11:22:45","modified_gmt":"2016-10-26T09:22:45","slug":"autorizacion-csn","status":"publish","type":"page","link":"https:\/\/www.dosimetria.com\/ca\/calidad\/autorizacion-csn\/","title":{"rendered":"Autoritzaci\u00f3 CSN"},"content":{"rendered":"<p><img loading=\"lazy\" decoding=\"async\" title=\"AUT_montatje\" src=\"\/wp-content\/uploads\/2012\/11\/AUT_montatje.jpg\" alt=\"\" width=\"280\" height=\"214\" \/><\/p>\n<p>El Consell de Seguretat Nuclear (CSN) \u00e9s l&#8217;organisme regulador en l&#8217;\u00e0mbit de protecci\u00f3 radiol\u00f2gica i \u00e9s qui emet l&#8217;autoritzaci\u00f3 a les empreses que volen fer l&#8217;activitat del servei de dosimetria com a centres lectors.<\/p>\n<p>S&#8217;adjunta la documentaci\u00f3 seg\u00fcent:<\/p>\n<ul>\n<li>Autoritzaci\u00f3 de <strong>centro\u00a0de dosimetr\u00eda<\/strong> com a centre lector emesa pel CSN l&#8217;any 1985<\/li>\n<li>Autoritzaci\u00f3 emesa pel CSN l&#8217;any 2007 com a revisi\u00f3 pels canvis fets a <strong>centro de dosimetr\u00eda<\/strong><\/li>\n<li>Autoritzaci\u00f3 emesa pel CSN l&#8217;any 2012 com a revisi\u00f3 pels canvis fets a <strong>centro de dosimetr\u00eda<\/strong><\/li>\n<\/ul>\n","protected":false},"excerpt":{"rendered":"<p>El Consell de Seguretat Nuclear (CSN) \u00e9s l&#8217;organisme regulador en l&#8217;\u00e0mbit de protecci\u00f3 radiol\u00f2gica i \u00e9s qui emet l&#8217;autoritzaci\u00f3 a les empreses que volen fer l&#8217;activitat del servei de dosimetria com a centres lectors. S&#8217;adjunta la documentaci\u00f3 seg\u00fcent: Autoritzaci\u00f3 de centro\u00a0de dosimetr\u00eda com a centre lector emesa pel CSN l&#8217;any 1985 Autoritzaci\u00f3 emesa pel CSN [&hellip;]<\/p>\n","protected":false},"author":22,"featured_media":0,"parent":2014,"menu_order":1,"comment_status":"closed","ping_status":"open","template":"","meta":{"_acf_changed":false,"footnotes":""},"class_list":["post-2388","page","type-page","status-publish","hentry"],"acf":[],"_links":{"self":[{"href":"https:\/\/www.dosimetria.com\/ca\/wp-json\/wp\/v2\/pages\/2388"}],"collection":[{"href":"https:\/\/www.dosimetria.com\/ca\/wp-json\/wp\/v2\/pages"}],"about":[{"href":"https:\/\/www.dosimetria.com\/ca\/wp-json\/wp\/v2\/types\/page"}],"author":[{"embeddable":true,"href":"https:\/\/www.dosimetria.com\/ca\/wp-json\/wp\/v2\/users\/22"}],"replies":[{"embeddable":true,"href":"https:\/\/www.dosimetria.com\/ca\/wp-json\/wp\/v2\/comments?post=2388"}],"version-history":[{"count":0,"href":"https:\/\/www.dosimetria.com\/ca\/wp-json\/wp\/v2\/pages\/2388\/revisions"}],"up":[{"embeddable":true,"href":"https:\/\/www.dosimetria.com\/ca\/wp-json\/wp\/v2\/pages\/2014"}],"wp:attachment":[{"href":"https:\/\/www.dosimetria.com\/ca\/wp-json\/wp\/v2\/media?parent=2388"}],"curies":[{"name":"wp","href":"https:\/\/api.w.org\/{rel}","templated":true}]}}