{"id":2459,"date":"2013-01-24T14:51:16","date_gmt":"2013-01-24T14:51:16","guid":{"rendered":"https:\/\/www.dosimetria.com\/biblioteca\/normativa\/proteccion-radiologica\/instrucciones-csn\/"},"modified":"2014-10-07T13:45:25","modified_gmt":"2014-10-07T11:45:25","slug":"instrucciones-csn","status":"publish","type":"page","link":"https:\/\/www.dosimetria.com\/ca\/biblioteca\/normativa\/proteccion-radiologica\/instrucciones-csn\/","title":{"rendered":"Instruccions CSN"},"content":{"rendered":"<p><strong>IS-01: Document individual de seguiment radiol\u00f2gic (carnet radiol\u00f2gic)<\/strong><\/p>\n<p>Instrucci\u00f3 de 31 de maig de 2001, del Consell de Seguretat Nuclear, n\u00famero IS-01 per la qual es defineix el format i el contingut del document individual de seguiment radiol\u00f2gic (carnet radiol\u00f2gic) regulat en el Reial decret 413\/1997.<\/p>\n<p><strong>IS-04: Documents de protecci\u00f3 radiol\u00f2gica en centrals nuclears a l&#8217;efecte del seu desmantellament i clausura<\/strong><\/p>\n<p>Instrucci\u00f3 de 5 de febrer de 2003, del Consell de Seguretat Nuclear, n\u00famero IS-04, per la qual es regulen les transfer\u00e8ncies, l&#8217;arxiu i la cust\u00f2dia dels documents relatius a la protecci\u00f3 radiol\u00f2gica en centrals nuclears a l&#8217;efecte del seu desmantellament i clausura.<br \/>\nPublicada en el BOE n\u00fam. 51 de 28 de febrer de 2003.<\/p>\n<p><strong>IS-05: Valors d&#8217;exempci\u00f3 per a n\u00faclids<\/strong><\/p>\n<p>Instrucci\u00f3 de 26 de febrer de 2003, del Consell de Seguretat Nuclear, n\u00famero IS-05, per la qual es defineixen els valors d&#8217;exempci\u00f3 per a n\u00faclids segons s&#8217;estableix a les taules A i B de l&#8217;annex I del Reial decret 1836\/1999.<\/p>\n<p>Publicada en el BOE n\u00fam. 86 de 10 d&#8217;abril de 2003.<\/p>\n<p><strong>IS-08: Criteris per exigir assessorament en protecci\u00f3 radiol\u00f2gica als titulars d&#8217;IN i IR<\/strong><\/p>\n<p>Instrucci\u00f3 de 27 de juliol de 2005, del Consell de Seguretat Nuclear, n\u00famero IS-08, sobre els criteris aplicats pel CSN per exigir als titulars de les instal\u00b7lacions nuclears i radioactives, l&#8217;assessorament espec\u00edfic en protecci\u00f3 radiol\u00f2gica.<\/p>\n<p>Publicada en el BOE n\u00fam. 238 de 5 d&#8217;octubre de 2005.<\/p>\n","protected":false},"excerpt":{"rendered":"<p>IS-01: Document individual de seguiment radiol\u00f2gic (carnet radiol\u00f2gic) Instrucci\u00f3 de 31 de maig de 2001, del Consell de Seguretat Nuclear, n\u00famero IS-01 per la qual es defineix el format i el contingut del document individual de seguiment radiol\u00f2gic (carnet radiol\u00f2gic) regulat en el Reial decret 413\/1997. IS-04: Documents de protecci\u00f3 radiol\u00f2gica en centrals nuclears a [&hellip;]<\/p>\n","protected":false},"author":22,"featured_media":0,"parent":2313,"menu_order":3,"comment_status":"closed","ping_status":"open","template":"","meta":{"_acf_changed":false,"footnotes":""},"class_list":["post-2459","page","type-page","status-publish","hentry"],"acf":[],"_links":{"self":[{"href":"https:\/\/www.dosimetria.com\/ca\/wp-json\/wp\/v2\/pages\/2459"}],"collection":[{"href":"https:\/\/www.dosimetria.com\/ca\/wp-json\/wp\/v2\/pages"}],"about":[{"href":"https:\/\/www.dosimetria.com\/ca\/wp-json\/wp\/v2\/types\/page"}],"author":[{"embeddable":true,"href":"https:\/\/www.dosimetria.com\/ca\/wp-json\/wp\/v2\/users\/22"}],"replies":[{"embeddable":true,"href":"https:\/\/www.dosimetria.com\/ca\/wp-json\/wp\/v2\/comments?post=2459"}],"version-history":[{"count":0,"href":"https:\/\/www.dosimetria.com\/ca\/wp-json\/wp\/v2\/pages\/2459\/revisions"}],"up":[{"embeddable":true,"href":"https:\/\/www.dosimetria.com\/ca\/wp-json\/wp\/v2\/pages\/2313"}],"wp:attachment":[{"href":"https:\/\/www.dosimetria.com\/ca\/wp-json\/wp\/v2\/media?parent=2459"}],"curies":[{"name":"wp","href":"https:\/\/api.w.org\/{rel}","templated":true}]}}