{"id":74,"date":"2012-11-05T12:14:52","date_gmt":"2012-11-05T12:14:52","guid":{"rendered":"http:\/\/www.dosimetria.com\/?page_id=74"},"modified":"2024-10-01T12:54:46","modified_gmt":"2024-10-01T10:54:46","slug":"avis-legal","status":"publish","type":"page","link":"https:\/\/www.dosimetria.com\/ca\/avis-legal\/","title":{"rendered":"Av\u00eds Legal"},"content":{"rendered":"<p><strong>Titularitat del Lloc Web i Aplicaci\u00f3 M\u00f2bil<\/strong><br \/>\nCENTRO DE DOSIMETR\u00cdA S.L., amb domicili al Carrer Llull 51-55 5\u00e8 5\u00aa, 08005 Barcelona, Espanya, \u00e9s l&#8217;\u00fanic titular del lloc web www.dosimetria.com i de l&#8217;aplicaci\u00f3 m\u00f2bil, de tots els continguts publicats i dels signes distintius inclosos en el mateix.<\/p>\n<p><strong>Drets de Propietat Industrial i Intel\u00b7lectual<\/strong><br \/>\nEl lloc web i l&#8217;aplicaci\u00f3 m\u00f2bil, els seus continguts i els signes distintius s\u00f3n propietat exclusiva de CENTRO DE DOSIMETR\u00cdA S.L. i estan protegits per les lleis de propietat industrial i intel\u00b7lectual aplicables a nivell nacional, comunitari i internacional. Queda prohibida qualsevol forma de reproducci\u00f3, c\u00f2pia, distribuci\u00f3, comunicaci\u00f3 p\u00fablica o modificaci\u00f3 sense el previ consentiment expr\u00e9s de CENTRO DE DOSIMETR\u00cdA S.L. Les infraccions estan subjectes a les sancions establertes en el Codi Penal espanyol.<\/p>\n<p><strong>\u00das de Cookies<\/strong><br \/>\nEl nostre lloc web i l&#8217;aplicaci\u00f3 m\u00f2bil utilitzen cookies \u00fanicament per recordar l&#8217;idioma seleccionat per l&#8217;usuari durant la seva visita. Aquesta funcionalitat facilita la navegaci\u00f3 i millora l&#8217;experi\u00e8ncia de l&#8217;usuari en mantenir l&#8217;idioma de la seva prefer\u00e8ncia en futures visites.<\/p>\n<p><strong>Exempci\u00f3 de Responsabilitat<\/strong><br \/>\nCENTRO DE DOSIMETR\u00cdA S.L. no es fa responsable de l&#8217;\u00fas incorrecte que els visitants puguin fer del contingut del lloc web i de l&#8217;aplicaci\u00f3 m\u00f2bil. Aix\u00ed mateix, no garantim la precisi\u00f3, integritat o actualitzaci\u00f3 de la informaci\u00f3 publicada en el mateix.<\/p>\n<p><strong>Enlla\u00e7os a Llocs de Tercers<\/strong><br \/>\nEl lloc web i l&#8217;aplicaci\u00f3 m\u00f2bil poden contenir enlla\u00e7os a altres llocs web, els quals no estan sota el nostre control. CENTRO DE DOSIMETR\u00cdA S.L. no \u00e9s responsable del contingut dels llocs web externs accessibles a trav\u00e9s d&#8217;enlla\u00e7os. Aquests enlla\u00e7os no impliquen una recomanaci\u00f3 ni confirmen els continguts d&#8217;aquests llocs.<\/p>\n<p><strong>Acceptaci\u00f3 de les Condicions<\/strong><br \/>\nL&#8217;acc\u00e9s i \u00fas del nostre lloc web i de l&#8217;aplicaci\u00f3 m\u00f2bil implica l&#8217;acceptaci\u00f3 plena i sense reserves de totes i cadascuna de les condicions incloses en aquest Av\u00eds Legal. CENTRO DE DOSIMETR\u00cdA S.L. es reserva el dret de modificar aquestes condicions en qualsevol moment per adaptar-les a noves legislacions o pr\u00e0ctiques del sector.<\/p>\n","protected":false},"excerpt":{"rendered":"<p>Titularitat del Lloc Web i Aplicaci\u00f3 M\u00f2bil CENTRO DE DOSIMETR\u00cdA S.L., amb domicili al Carrer Llull 51-55 5\u00e8 5\u00aa, 08005 Barcelona, Espanya, \u00e9s l&#8217;\u00fanic titular del lloc web www.dosimetria.com i de l&#8217;aplicaci\u00f3 m\u00f2bil, de tots els continguts publicats i dels signes distintius inclosos en el mateix. Drets de Propietat Industrial i Intel\u00b7lectual El lloc web [&hellip;]<\/p>\n","protected":false},"author":22,"featured_media":0,"parent":0,"menu_order":9,"comment_status":"closed","ping_status":"closed","template":"","meta":{"_acf_changed":false,"footnotes":""},"class_list":["post-74","page","type-page","status-publish","hentry"],"acf":[],"_links":{"self":[{"href":"https:\/\/www.dosimetria.com\/ca\/wp-json\/wp\/v2\/pages\/74"}],"collection":[{"href":"https:\/\/www.dosimetria.com\/ca\/wp-json\/wp\/v2\/pages"}],"about":[{"href":"https:\/\/www.dosimetria.com\/ca\/wp-json\/wp\/v2\/types\/page"}],"author":[{"embeddable":true,"href":"https:\/\/www.dosimetria.com\/ca\/wp-json\/wp\/v2\/users\/22"}],"replies":[{"embeddable":true,"href":"https:\/\/www.dosimetria.com\/ca\/wp-json\/wp\/v2\/comments?post=74"}],"version-history":[{"count":2,"href":"https:\/\/www.dosimetria.com\/ca\/wp-json\/wp\/v2\/pages\/74\/revisions"}],"predecessor-version":[{"id":9188,"href":"https:\/\/www.dosimetria.com\/ca\/wp-json\/wp\/v2\/pages\/74\/revisions\/9188"}],"wp:attachment":[{"href":"https:\/\/www.dosimetria.com\/ca\/wp-json\/wp\/v2\/media?parent=74"}],"curies":[{"name":"wp","href":"https:\/\/api.w.org\/{rel}","templated":true}]}}