{"id":2236,"date":"2012-11-06T11:38:05","date_gmt":"2012-11-06T11:38:05","guid":{"rendered":"https:\/\/www.dosimetria.com\/servicios-sdp\/informes-dosimetricos\/"},"modified":"2017-06-14T13:31:43","modified_gmt":"2017-06-14T11:31:43","slug":"informes-dosimetricos","status":"publish","type":"page","link":"https:\/\/www.dosimetria.com\/eu\/servicios-sdp\/informes-dosimetricos\/","title":{"rendered":"Dosimetria-txostenak"},"content":{"rendered":"<p><img loading=\"lazy\" decoding=\"async\" class=\"alignnone size-full wp-image-328\" title=\"INFDOSIMETRICOS_muntatge_v2\" src=\"https:\/\/www.dosimetria.com\/wp-content\/uploads\/2012\/11\/INFDOSIMETRICOS_muntatge_v2.jpg\" alt=\"\" width=\"280\" height=\"214\" srcset=\"https:\/\/www.dosimetria.com\/wp-content\/uploads\/2012\/11\/INFDOSIMETRICOS_muntatge_v2.jpg 280w, https:\/\/www.dosimetria.com\/wp-content\/uploads\/2012\/11\/INFDOSIMETRICOS_muntatge_v2-170x129.jpg 170w\" sizes=\"(max-width: 280px) 100vw, 280px\" \/><\/p>\n<p><strong>Hileko txostena<\/strong><\/p>\n<ul>\n<li>Dosimetria pertsonalari buruz hilero egiten den txostenean jasotzen dira instalazioaren erabiltzaile bakoitzak jasotako dosi baliokideak.<\/li>\n<li>Txostenean biltzen dira dosi baliokide kalkulatuak, dosi esleituak eta datu osagarriak, egokia baldin bada. Adibidez, \u00abdosia balioesteko oharrak\u00bb ager daitezke: irizpide objektiboetan oinarrituta daude, legeetan ezarritako mugen arabera edo langilearen dosimetria-historiaren arabera.<\/li>\n<\/ul>\n<p><strong>Urteko txosten indibiduala<\/strong><\/p>\n<ul>\n<li>Banako txosten bat igortzen dugu urtero, langile eta dosimetria-kontrol bakoitzari buruzkoa. Bertan laburbilduta daude hileroko emaitzak eta gertakariak (gertatu baldin badira).<\/li>\n<\/ul>\n<p><strong>Txostenak igortzea eta bidaltzea<\/strong><\/p>\n<ul>\n<li>Oro har, txostenak posta arruntez bidaltzen dira.<\/li>\n<li>Horrez gain, bezeroak hala eskatzen baldin badu, <strong>cdNET<\/strong> aplikazio telematikoaren bidez kontsulta ditzake.<\/li>\n<\/ul>\n<ul>\n<li>Ingurumena zaintzeko politikari dagokionez, <strong>centro\u00a0de dosimetr\u00eda<\/strong>ren helburu nagusi bat aplikazio horren funtzionalitateak hobetzea da, paperezko txostenen bidalketa-kopurua murrizte aldera.<\/li>\n<\/ul>\n<p><strong>Komunikazioa erakunde arautzaileekin<\/strong><\/p>\n<p><strong>centro\u00a0de dosimetr\u00eda<\/strong>k enpresen, instalazioen eta esposizioaren mende dauden langileek jasotako dosien datuak jakinarazten ditu, herrialde bakoitzeko erakunde arautzaileek ezarritako eskakizunei jarraituta:<\/p>\n<p><strong>Erakunde arautzailea Espainian<\/strong>: Segurtasun Nuklearreko Kontseilua (CSN), CSN\/IT\/SDP\/CDO\/03\/02 erreferentzia-aginduaren arabera, 2003\/04\/15ekoa.<\/p>\n<p><strong>Erakunde arautzaileak Portugalen<\/strong>: IST\/ITN &#8211; Instituto Tecnol\u00f3gico e Nuclear eta Direc\u00e7\u00e3o-Geral da Sa\u00fade (DGS), 2002\/07\/18ko 167\/2002 Lege Dekretuko 21. artikuluan ezarritakoarekin bat etorrita.<\/p>\n","protected":false},"excerpt":{"rendered":"<p>Hileko txostena Dosimetria pertsonalari buruz hilero egiten den txostenean jasotzen dira instalazioaren erabiltzaile bakoitzak jasotako dosi baliokideak. Txostenean biltzen dira dosi baliokide kalkulatuak, dosi esleituak eta datu osagarriak, egokia baldin bada. Adibidez, \u00abdosia balioesteko oharrak\u00bb ager daitezke: irizpide objektiboetan oinarrituta daude, legeetan ezarritako mugen arabera edo langilearen dosimetria-historiaren arabera. Urteko txosten indibiduala Banako txosten bat [&hellip;]<\/p>\n","protected":false},"author":22,"featured_media":0,"parent":1996,"menu_order":3,"comment_status":"closed","ping_status":"open","template":"","meta":{"_acf_changed":false,"footnotes":""},"class_list":["post-2236","page","type-page","status-publish","hentry"],"acf":[],"_links":{"self":[{"href":"https:\/\/www.dosimetria.com\/eu\/wp-json\/wp\/v2\/pages\/2236"}],"collection":[{"href":"https:\/\/www.dosimetria.com\/eu\/wp-json\/wp\/v2\/pages"}],"about":[{"href":"https:\/\/www.dosimetria.com\/eu\/wp-json\/wp\/v2\/types\/page"}],"author":[{"embeddable":true,"href":"https:\/\/www.dosimetria.com\/eu\/wp-json\/wp\/v2\/users\/22"}],"replies":[{"embeddable":true,"href":"https:\/\/www.dosimetria.com\/eu\/wp-json\/wp\/v2\/comments?post=2236"}],"version-history":[{"count":0,"href":"https:\/\/www.dosimetria.com\/eu\/wp-json\/wp\/v2\/pages\/2236\/revisions"}],"up":[{"embeddable":true,"href":"https:\/\/www.dosimetria.com\/eu\/wp-json\/wp\/v2\/pages\/1996"}],"wp:attachment":[{"href":"https:\/\/www.dosimetria.com\/eu\/wp-json\/wp\/v2\/media?parent=2236"}],"curies":[{"name":"wp","href":"https:\/\/api.w.org\/{rel}","templated":true}]}}