{"id":2294,"date":"2013-01-24T10:38:54","date_gmt":"2013-01-24T10:38:54","guid":{"rendered":"https:\/\/www.dosimetria.com\/biblioteca\/links-de-interes\/area-tecnica-proteccion-radiologica-dosimetria-y-otros\/"},"modified":"2014-09-29T18:29:44","modified_gmt":"2014-09-29T16:29:44","slug":"area-tecnica-proteccion-radiologica-dosimetria-y-otros","status":"publish","type":"page","link":"https:\/\/www.dosimetria.com\/eu\/biblioteca\/links-de-interes\/area-tecnica-proteccion-radiologica-dosimetria-y-otros\/","title":{"rendered":"Arlo teknikoa: erradiologia-babesa, dosimetria eta beste batzuk"},"content":{"rendered":"<p><strong>Estatukoak<\/strong><\/p>\n<p><a href=\"http:\/\/www.sepr.es\/\">www.sepr.es<\/a> SOCIEDAD ESPA\u00d1OLA DE PROTECCION RADIOLOGICA<\/p>\n<p><a href=\"http:\/\/www.sefm.es\/\">www.sefm.es<\/a> SOCIEDAD ESPA\u00d1OLA DE F\u00cdSICA M\u00c9DICA<\/p>\n<p>&nbsp;<\/p>\n<p><strong>Nazioartekoak<\/strong><\/p>\n<p><a href=\"http:\/\/www.iaea.org\/\">www.iaea.org<\/a> \u00a0 INTERNATIONAL ATOMIC ENERGY AGENCY<\/p>\n<p><a href=\"http:\/\/www.icrp.org\/\">www.icrp.org<\/a> INTERNATIONAL COMMISSION ON RADIOLOGICAL PROTECTION<\/p>\n<p><a href=\"http:\/\/www.irpa.net\/\">www.irpa.net<\/a> INTERNATIONAL RADIATION PROTECTION ASSOCIATION<\/p>\n<p><a href=\"http:\/\/www.eurados.org\/\">www.eurados.org<\/a> \u00a0 EUROPEAN RADIATION DOSIMETRY GROUP<\/p>\n","protected":false},"excerpt":{"rendered":"<p>Estatukoak www.sepr.es SOCIEDAD ESPA\u00d1OLA DE PROTECCION RADIOLOGICA www.sefm.es SOCIEDAD ESPA\u00d1OLA DE F\u00cdSICA M\u00c9DICA &nbsp; Nazioartekoak www.iaea.org \u00a0 INTERNATIONAL ATOMIC ENERGY AGENCY www.icrp.org INTERNATIONAL COMMISSION ON RADIOLOGICAL PROTECTION www.irpa.net INTERNATIONAL RADIATION PROTECTION ASSOCIATION www.eurados.org \u00a0 EUROPEAN RADIATION DOSIMETRY GROUP<\/p>\n","protected":false},"author":22,"featured_media":0,"parent":2285,"menu_order":2,"comment_status":"closed","ping_status":"open","template":"","meta":{"_acf_changed":false,"footnotes":""},"class_list":["post-2294","page","type-page","status-publish","hentry"],"acf":[],"_links":{"self":[{"href":"https:\/\/www.dosimetria.com\/eu\/wp-json\/wp\/v2\/pages\/2294"}],"collection":[{"href":"https:\/\/www.dosimetria.com\/eu\/wp-json\/wp\/v2\/pages"}],"about":[{"href":"https:\/\/www.dosimetria.com\/eu\/wp-json\/wp\/v2\/types\/page"}],"author":[{"embeddable":true,"href":"https:\/\/www.dosimetria.com\/eu\/wp-json\/wp\/v2\/users\/22"}],"replies":[{"embeddable":true,"href":"https:\/\/www.dosimetria.com\/eu\/wp-json\/wp\/v2\/comments?post=2294"}],"version-history":[{"count":0,"href":"https:\/\/www.dosimetria.com\/eu\/wp-json\/wp\/v2\/pages\/2294\/revisions"}],"up":[{"embeddable":true,"href":"https:\/\/www.dosimetria.com\/eu\/wp-json\/wp\/v2\/pages\/2285"}],"wp:attachment":[{"href":"https:\/\/www.dosimetria.com\/eu\/wp-json\/wp\/v2\/media?parent=2294"}],"curies":[{"name":"wp","href":"https:\/\/api.w.org\/{rel}","templated":true}]}}