{"id":1613,"date":"2014-04-22T11:05:58","date_gmt":"2014-04-22T09:05:58","guid":{"rendered":"https:\/\/www.dosimetria.com\/?page_id=1613"},"modified":"2014-04-22T11:05:58","modified_gmt":"2014-04-22T09:05:58","slug":"demande-de-devis","status":"publish","type":"page","link":"https:\/\/www.dosimetria.com\/fr\/demande-de-devis\/","title":{"rendered":"Demande de devis"},"content":{"rendered":"<p>Veuillez remplir les champs ci-dessous afin que nous puissions \u00e9laborer un devis du service (champs obligatoires *).<br \/>\nLe service \u00e0 la client\u00e8le prendra contact avec vous si des informations suppl\u00e9mentaires sont n\u00e9cessaires pour \u00e9laborer le devis.<!--?xml:namespace prefix = \"o\" ns = \"urn:schemas-microsoft-com:office:office\" \/--><\/p>\n","protected":false},"excerpt":{"rendered":"<p>Veuillez remplir les champs ci-dessous afin que nous puissions \u00e9laborer un devis du service (champs obligatoires *). Le service \u00e0 la client\u00e8le prendra contact avec vous si des informations suppl\u00e9mentaires sont n\u00e9cessaires pour \u00e9laborer le devis.<\/p>\n","protected":false},"author":22,"featured_media":0,"parent":0,"menu_order":0,"comment_status":"closed","ping_status":"open","template":"","meta":{"_acf_changed":false,"footnotes":""},"class_list":["post-1613","page","type-page","status-publish","hentry"],"acf":[],"_links":{"self":[{"href":"https:\/\/www.dosimetria.com\/fr\/wp-json\/wp\/v2\/pages\/1613"}],"collection":[{"href":"https:\/\/www.dosimetria.com\/fr\/wp-json\/wp\/v2\/pages"}],"about":[{"href":"https:\/\/www.dosimetria.com\/fr\/wp-json\/wp\/v2\/types\/page"}],"author":[{"embeddable":true,"href":"https:\/\/www.dosimetria.com\/fr\/wp-json\/wp\/v2\/users\/22"}],"replies":[{"embeddable":true,"href":"https:\/\/www.dosimetria.com\/fr\/wp-json\/wp\/v2\/comments?post=1613"}],"version-history":[{"count":0,"href":"https:\/\/www.dosimetria.com\/fr\/wp-json\/wp\/v2\/pages\/1613\/revisions"}],"wp:attachment":[{"href":"https:\/\/www.dosimetria.com\/fr\/wp-json\/wp\/v2\/media?parent=1613"}],"curies":[{"name":"wp","href":"https:\/\/api.w.org\/{rel}","templated":true}]}}