{"id":1619,"date":"2014-04-22T11:09:54","date_gmt":"2014-04-22T09:09:54","guid":{"rendered":"https:\/\/www.dosimetria.com\/?page_id=1619"},"modified":"2014-04-22T11:09:54","modified_gmt":"2014-04-22T09:09:54","slug":"formulaire-de-contact","status":"publish","type":"page","link":"https:\/\/www.dosimetria.com\/fr\/formulaire-de-contact\/","title":{"rendered":"Formulaire de contact"},"content":{"rendered":"<p>Veuillez remplir les champs ci-dessous et nous adresser votre question (champs obligatoires *).<br \/>\nLe service \u00e0 la client\u00e8le aura le plaisir d&#8217;y r\u00e9pondre.<!--?xml:namespace prefix = \"o\" ns = \"urn:schemas-microsoft-com:office:office\" \/--><\/p>\n","protected":false},"excerpt":{"rendered":"<p>Veuillez remplir les champs ci-dessous et nous adresser votre question (champs obligatoires *). Le service \u00e0 la client\u00e8le aura le plaisir d&#8217;y r\u00e9pondre.<\/p>\n","protected":false},"author":22,"featured_media":0,"parent":0,"menu_order":0,"comment_status":"closed","ping_status":"open","template":"","meta":{"_acf_changed":false,"footnotes":""},"class_list":["post-1619","page","type-page","status-publish","hentry"],"acf":[],"_links":{"self":[{"href":"https:\/\/www.dosimetria.com\/fr\/wp-json\/wp\/v2\/pages\/1619"}],"collection":[{"href":"https:\/\/www.dosimetria.com\/fr\/wp-json\/wp\/v2\/pages"}],"about":[{"href":"https:\/\/www.dosimetria.com\/fr\/wp-json\/wp\/v2\/types\/page"}],"author":[{"embeddable":true,"href":"https:\/\/www.dosimetria.com\/fr\/wp-json\/wp\/v2\/users\/22"}],"replies":[{"embeddable":true,"href":"https:\/\/www.dosimetria.com\/fr\/wp-json\/wp\/v2\/comments?post=1619"}],"version-history":[{"count":0,"href":"https:\/\/www.dosimetria.com\/fr\/wp-json\/wp\/v2\/pages\/1619\/revisions"}],"wp:attachment":[{"href":"https:\/\/www.dosimetria.com\/fr\/wp-json\/wp\/v2\/media?parent=1619"}],"curies":[{"name":"wp","href":"https:\/\/api.w.org\/{rel}","templated":true}]}}