{"id":1624,"date":"2014-04-22T11:14:11","date_gmt":"2014-04-22T09:14:11","guid":{"rendered":"https:\/\/www.dosimetria.com\/?page_id=1624"},"modified":"2024-10-01T12:59:35","modified_gmt":"2024-10-01T10:59:35","slug":"mentions-legales","status":"publish","type":"page","link":"https:\/\/www.dosimetria.com\/fr\/mentions-legales\/","title":{"rendered":"Mentions l\u00e9gales"},"content":{"rendered":"<p><strong>Titularit\u00e9 du Site Web et de l&#8217;Application Mobile<\/strong><br \/>\nCENTRO DE DOSIMETR\u00cdA S.L., dont le si\u00e8ge social est situ\u00e9 Calle Llull 51-55 5\u00ba5\u00aa, 08005 Barcelone, Espagne, est le seul propri\u00e9taire du site web www.dosimetria.com et de l&#8217;application mobile, de tous les contenus publi\u00e9s et des signes distinctifs inclus dans ceux-ci.<\/p>\n<p><strong>Droits de Propri\u00e9t\u00e9 Industrielle et Intellectuelle<\/strong><br \/>\nLe site web et l&#8217;application mobile, leurs contenus et les signes distinctifs sont la propri\u00e9t\u00e9 exclusive de CENTRO DE DOSIMETR\u00cdA S.L. et sont prot\u00e9g\u00e9s par les lois relatives \u00e0 la propri\u00e9t\u00e9 industrielle et intellectuelle applicables au niveau national, communautaire et international. Toute forme de reproduction, copie, distribution, communication publique ou modification sans le consentement pr\u00e9alable expr\u00e8s de CENTRO DE DOSIMETR\u00cdA S.L. est interdite. Les infractions sont soumises aux sanctions \u00e9tablies dans le Code p\u00e9nal espagnol.<\/p>\n<p><strong>Utilisation des Cookies<\/strong><br \/>\nNotre site web et notre application mobile utilisent des cookies uniquement pour m\u00e9moriser la langue s\u00e9lectionn\u00e9e par l&#8217;utilisateur lors de sa visite. Cette fonctionnalit\u00e9 facilite la navigation et am\u00e9liore l&#8217;exp\u00e9rience de l&#8217;utilisateur en conservant sa langue pr\u00e9f\u00e9r\u00e9e lors de visites futures.<\/p>\n<p><strong>Exon\u00e9ration de Responsabilit\u00e9<\/strong><br \/>\nCENTRO DE DOSIMETR\u00cdA S.L. n&#8217;est pas responsable de l&#8217;utilisation incorrecte que les visiteurs peuvent faire du contenu du site web et de l&#8217;application mobile. De plus, nous ne garantissons pas l&#8217;exactitude, l&#8217;int\u00e9gralit\u00e9 ou la mise \u00e0 jour des informations publi\u00e9es sur ceux-ci.<\/p>\n<p><strong>Liens vers des Sites Tiers<\/strong><br \/>\nLe site web et l&#8217;application mobile peuvent contenir des liens vers d&#8217;autres sites web qui ne sont pas sous notre contr\u00f4le. CENTRO DE DOSIMETR\u00cdA S.L. n&#8217;est pas responsable du contenu des sites externes accessibles via des liens. Ces liens n&#8217;impliquent ni recommandation ni approbation des contenus de ces sites.<\/p>\n<p><strong>Acceptation des Conditions<\/strong><br \/>\nL&#8217;acc\u00e8s et l&#8217;utilisation de notre site web et de l&#8217;application mobile impliquent l&#8217;acceptation pleine et sans r\u00e9serve de toutes les conditions incluses dans cet Avis L\u00e9gal. CENTRO DE DOSIMETR\u00cdA S.L. se r\u00e9serve le droit de modifier ces conditions \u00e0 tout moment afin de les adapter aux nouvelles l\u00e9gislations ou pratiques du secteur.<\/p>\n","protected":false},"excerpt":{"rendered":"<p>Titularit\u00e9 du Site Web et de l&#8217;Application Mobile CENTRO DE DOSIMETR\u00cdA S.L., dont le si\u00e8ge social est situ\u00e9 Calle Llull 51-55 5\u00ba5\u00aa, 08005 Barcelone, Espagne, est le seul propri\u00e9taire du site web www.dosimetria.com et de l&#8217;application mobile, de tous les contenus publi\u00e9s et des signes distinctifs inclus dans ceux-ci. Droits de Propri\u00e9t\u00e9 Industrielle et Intellectuelle [&hellip;]<\/p>\n","protected":false},"author":22,"featured_media":0,"parent":0,"menu_order":9,"comment_status":"closed","ping_status":"closed","template":"","meta":{"_acf_changed":false,"footnotes":""},"class_list":["post-1624","page","type-page","status-publish","hentry"],"acf":[],"_links":{"self":[{"href":"https:\/\/www.dosimetria.com\/fr\/wp-json\/wp\/v2\/pages\/1624"}],"collection":[{"href":"https:\/\/www.dosimetria.com\/fr\/wp-json\/wp\/v2\/pages"}],"about":[{"href":"https:\/\/www.dosimetria.com\/fr\/wp-json\/wp\/v2\/types\/page"}],"author":[{"embeddable":true,"href":"https:\/\/www.dosimetria.com\/fr\/wp-json\/wp\/v2\/users\/22"}],"replies":[{"embeddable":true,"href":"https:\/\/www.dosimetria.com\/fr\/wp-json\/wp\/v2\/comments?post=1624"}],"version-history":[{"count":1,"href":"https:\/\/www.dosimetria.com\/fr\/wp-json\/wp\/v2\/pages\/1624\/revisions"}],"predecessor-version":[{"id":9194,"href":"https:\/\/www.dosimetria.com\/fr\/wp-json\/wp\/v2\/pages\/1624\/revisions\/9194"}],"wp:attachment":[{"href":"https:\/\/www.dosimetria.com\/fr\/wp-json\/wp\/v2\/media?parent=1624"}],"curies":[{"name":"wp","href":"https:\/\/api.w.org\/{rel}","templated":true}]}}