{"id":1974,"date":"2012-12-11T09:31:00","date_gmt":"2012-12-11T09:31:00","guid":{"rendered":"https:\/\/www.dosimetria.com\/dosimetria\/"},"modified":"2016-06-27T11:48:25","modified_gmt":"2016-06-27T09:48:25","slug":"dosimetria","status":"publish","type":"page","link":"https:\/\/www.dosimetria.com\/fr\/dosimetria\/","title":{"rendered":"Dosim\u00e9trie"},"content":{"rendered":"<p>Dans le cadre des rayonnements ionisants, le terme dose est li\u00e9 \u00e0 diff\u00e9rentes magnitudes, qui apportent une mesure physique li\u00e9e \u00e0 l\u2019effet direct ou potentiel, produit dans la mati\u00e8re irradi\u00e9e. Les magnitudes utilis\u00e9es pour la mesure du risque associ\u00e9 \u00e0 l\u2019exposition aux rayonnements ionisants qui font l\u2019objet de limitation de la quantit\u00e9 permise sont: <em>la dose \u00e9quivalente<\/em> dans un organe, la <em>dose effective<\/em> \u00e9quivalente et la <em>dose \u00e9quivalente environnementale<\/em>.<\/p>\n<p>Le but de la dosim\u00e9trie est d\u2019\u00e9valuer la dose \u00e9quivalente re\u00e7ue \u00e0 partir de l\u2019analyse d\u2019un dosim\u00e8tre attribu\u00e9 \u00e0 telle fin. Les types de dosim\u00e9trie propos\u00e9s par l\u2019entreprise sont:<\/p>\n<ul>\n<li>Dosim\u00e9trie individuelle<\/li>\n<li>Dosim\u00e9trie professionnelle<\/li>\n<li>Dosim\u00e9trie sur mesure<\/li>\n<\/ul>\n","protected":false},"excerpt":{"rendered":"<p>Dans le cadre des rayonnements ionisants, le terme dose est li\u00e9 \u00e0 diff\u00e9rentes magnitudes, qui apportent une mesure physique li\u00e9e \u00e0 l\u2019effet direct ou potentiel, produit dans la mati\u00e8re irradi\u00e9e. Les magnitudes utilis\u00e9es pour la mesure du risque associ\u00e9 \u00e0 l\u2019exposition aux rayonnements ionisants qui font l\u2019objet de limitation de la quantit\u00e9 permise sont: la [&hellip;]<\/p>\n","protected":false},"author":22,"featured_media":0,"parent":0,"menu_order":0,"comment_status":"closed","ping_status":"open","template":"page-imagensuperior.php","meta":{"_acf_changed":false,"footnotes":""},"class_list":["post-1974","page","type-page","status-publish","hentry"],"acf":[],"_links":{"self":[{"href":"https:\/\/www.dosimetria.com\/fr\/wp-json\/wp\/v2\/pages\/1974"}],"collection":[{"href":"https:\/\/www.dosimetria.com\/fr\/wp-json\/wp\/v2\/pages"}],"about":[{"href":"https:\/\/www.dosimetria.com\/fr\/wp-json\/wp\/v2\/types\/page"}],"author":[{"embeddable":true,"href":"https:\/\/www.dosimetria.com\/fr\/wp-json\/wp\/v2\/users\/22"}],"replies":[{"embeddable":true,"href":"https:\/\/www.dosimetria.com\/fr\/wp-json\/wp\/v2\/comments?post=1974"}],"version-history":[{"count":0,"href":"https:\/\/www.dosimetria.com\/fr\/wp-json\/wp\/v2\/pages\/1974\/revisions"}],"wp:attachment":[{"href":"https:\/\/www.dosimetria.com\/fr\/wp-json\/wp\/v2\/media?parent=1974"}],"curies":[{"name":"wp","href":"https:\/\/api.w.org\/{rel}","templated":true}]}}