{"id":1982,"date":"2012-12-11T09:31:41","date_gmt":"2012-12-11T09:31:41","guid":{"rendered":"https:\/\/www.dosimetria.com\/dosimetria\/dosimetria-individual\/"},"modified":"2016-06-27T12:31:33","modified_gmt":"2016-06-27T10:31:33","slug":"dosimetria-individual","status":"publish","type":"page","link":"https:\/\/www.dosimetria.com\/fr\/dosimetria\/dosimetria-individual\/","title":{"rendered":"Dosim\u00e9trie individuelle"},"content":{"rendered":"<p>Ce terme englobe l\u2019estimation de la dose \u00e9quivalente, profonde et superficielle que re\u00e7oit un travailleur expos\u00e9 pendant son activit\u00e9 professionnelle, obtenue gr\u00e2ce \u00e0 la lecture du dosim\u00e8tre attribu\u00e9 et port\u00e9 par ledit travailleur pendant toute sa journ\u00e9e de travail.<\/p>\n<p>Les diff\u00e9rents types de dosim\u00e8tres individuels, class\u00e9s selon leur pose, sont les suivants\u00a0:<\/p>\n<ul>\n<li><em>Dosim\u00e8tres de corps entier<\/em><\/li>\n<li>Dosim\u00e8tres des extr\u00e9mit\u00e9s (poignet et bague)<\/li>\n<li>Dosim\u00e8tres sp\u00e9cifiques pour mesurer d\u2019autres zones ou situations sp\u00e9ciales<\/li>\n<\/ul>\n<p>Le service propos\u00e9 est mensuel et les dosim\u00e8tres attribu\u00e9s sont d\u00fbment \u00e9tiquet\u00e9s, avec les donn\u00e9es de l&#8217;utilisateur et un code barres unique qui permet leur tra\u00e7abilit\u00e9.<\/p>\n<p><!--?xml:namespace prefix = \"o\" ns = \"urn:schemas-microsoft-com:office:office\" \/--><\/p>\n","protected":false},"excerpt":{"rendered":"<p>Ce terme englobe l\u2019estimation de la dose \u00e9quivalente, profonde et superficielle que re\u00e7oit un travailleur expos\u00e9 pendant son activit\u00e9 professionnelle, obtenue gr\u00e2ce \u00e0 la lecture du dosim\u00e8tre attribu\u00e9 et port\u00e9 par ledit travailleur pendant toute sa journ\u00e9e de travail. Les diff\u00e9rents types de dosim\u00e8tres individuels, class\u00e9s selon leur pose, sont les suivants\u00a0: Dosim\u00e8tres de corps [&hellip;]<\/p>\n","protected":false},"author":22,"featured_media":0,"parent":1974,"menu_order":1,"comment_status":"closed","ping_status":"open","template":"page-imagensuperior.php","meta":{"_acf_changed":false,"footnotes":""},"class_list":["post-1982","page","type-page","status-publish","hentry"],"acf":[],"_links":{"self":[{"href":"https:\/\/www.dosimetria.com\/fr\/wp-json\/wp\/v2\/pages\/1982"}],"collection":[{"href":"https:\/\/www.dosimetria.com\/fr\/wp-json\/wp\/v2\/pages"}],"about":[{"href":"https:\/\/www.dosimetria.com\/fr\/wp-json\/wp\/v2\/types\/page"}],"author":[{"embeddable":true,"href":"https:\/\/www.dosimetria.com\/fr\/wp-json\/wp\/v2\/users\/22"}],"replies":[{"embeddable":true,"href":"https:\/\/www.dosimetria.com\/fr\/wp-json\/wp\/v2\/comments?post=1982"}],"version-history":[{"count":0,"href":"https:\/\/www.dosimetria.com\/fr\/wp-json\/wp\/v2\/pages\/1982\/revisions"}],"up":[{"embeddable":true,"href":"https:\/\/www.dosimetria.com\/fr\/wp-json\/wp\/v2\/pages\/1974"}],"wp:attachment":[{"href":"https:\/\/www.dosimetria.com\/fr\/wp-json\/wp\/v2\/media?parent=1982"}],"curies":[{"name":"wp","href":"https:\/\/api.w.org\/{rel}","templated":true}]}}