{"id":1993,"date":"2012-11-06T10:24:59","date_gmt":"2012-11-06T10:24:59","guid":{"rendered":"https:\/\/www.dosimetria.com\/servicio\/"},"modified":"2016-06-27T11:50:30","modified_gmt":"2016-06-27T09:50:30","slug":"servicios-sdp","status":"publish","type":"page","link":"https:\/\/www.dosimetria.com\/fr\/servicios-sdp\/","title":{"rendered":"Service"},"content":{"rendered":"<p>La souscription du SDP comprend les prestations basiques suivantes\u00a0: l&#8217;attribution, la distribution et l\u2019analyse des dosim\u00e8tres\u00a0; l\u2019\u00e9laboration et l\u2019envoi de rapports dosim\u00e9triques\u00a0; la communication des doses aux organismes de r\u00e9gulation.<\/p>\n<p>En qualit\u00e9 de sp\u00e9cialiste en SDP, le <strong>centro de dosimetr\u00eda<\/strong> favorise l\u2019am\u00e9lioration constante de chacune des facettes du service et d\u00e9veloppe des prestations additionnelles et des outils \u00ab\u00a0ad-hoc\u00a0\u00bb <em>(*1)<\/em> \u00a0conformes aux besoins sp\u00e9cifiques de chaque secteur et client.<\/p>\n<p>La brochure de \u00ab\u00a0Bienvenue \u2013 SDP\u00a0\u00bb pr\u00e9sente un r\u00e9sum\u00e9 du service et de ses conditions d\u2019utilisation. (Qu\u2019est-ce qu\u2019un service de dosim\u00e9trie\u00a0? Qu\u2019est-ce qu\u2019un dosim\u00e8tre\u00a0? Quant et comment utiliser les dosim\u00e8tres\u00a0? Comment calculer les doses\u00a0? etc.).<\/p>\n<p><em>\u00a0(*1) <\/em><em>Ad hoc<em> est une locution latine qui signifie litt\u00e9ralement \u00ab pour cela \u00bb. <\/em>Elle fait g\u00e9n\u00e9ralement r\u00e9f\u00e9rence \u00e0 une solution \u00e9labor\u00e9e sp\u00e9cialement pour un probl\u00e8me ou un but pr\u00e9cis et n\u2019est donc pas g\u00e9n\u00e9ralisable ni utilisable \u00e0 d\u2019autres fins.<\/em><\/p>\n","protected":false},"excerpt":{"rendered":"<p>La souscription du SDP comprend les prestations basiques suivantes\u00a0: l&#8217;attribution, la distribution et l\u2019analyse des dosim\u00e8tres\u00a0; l\u2019\u00e9laboration et l\u2019envoi de rapports dosim\u00e9triques\u00a0; la communication des doses aux organismes de r\u00e9gulation. En qualit\u00e9 de sp\u00e9cialiste en SDP, le centro de dosimetr\u00eda favorise l\u2019am\u00e9lioration constante de chacune des facettes du service et d\u00e9veloppe des prestations additionnelles et [&hellip;]<\/p>\n","protected":false},"author":22,"featured_media":0,"parent":0,"menu_order":3,"comment_status":"closed","ping_status":"closed","template":"page-imagensuperior.php","meta":{"_acf_changed":false,"footnotes":""},"class_list":["post-1993","page","type-page","status-publish","hentry"],"acf":[],"_links":{"self":[{"href":"https:\/\/www.dosimetria.com\/fr\/wp-json\/wp\/v2\/pages\/1993"}],"collection":[{"href":"https:\/\/www.dosimetria.com\/fr\/wp-json\/wp\/v2\/pages"}],"about":[{"href":"https:\/\/www.dosimetria.com\/fr\/wp-json\/wp\/v2\/types\/page"}],"author":[{"embeddable":true,"href":"https:\/\/www.dosimetria.com\/fr\/wp-json\/wp\/v2\/users\/22"}],"replies":[{"embeddable":true,"href":"https:\/\/www.dosimetria.com\/fr\/wp-json\/wp\/v2\/comments?post=1993"}],"version-history":[{"count":0,"href":"https:\/\/www.dosimetria.com\/fr\/wp-json\/wp\/v2\/pages\/1993\/revisions"}],"wp:attachment":[{"href":"https:\/\/www.dosimetria.com\/fr\/wp-json\/wp\/v2\/media?parent=1993"}],"curies":[{"name":"wp","href":"https:\/\/api.w.org\/{rel}","templated":true}]}}