{"id":2012,"date":"2012-11-06T10:25:39","date_gmt":"2012-11-06T10:25:39","guid":{"rendered":"https:\/\/www.dosimetria.com\/calidad\/"},"modified":"2016-06-27T11:58:55","modified_gmt":"2016-06-27T09:58:55","slug":"calidad","status":"publish","type":"page","link":"https:\/\/www.dosimetria.com\/fr\/calidad\/","title":{"rendered":"Qualit\u00e9"},"content":{"rendered":"<p>&nbsp;<\/p>\n<p>La mission du <strong>centro de dosimetr\u00eda<\/strong> consiste \u00e0 offrir un service de dosim\u00e9trie personnelle qui couvre les besoins de ses clients, tout en appliquant des valeurs qui prouvent son engagement en faveur de l&#8217;environnement, en \u00e9valuant l&#8217;impact sur la communaut\u00e9, l&#8217;environnement et les personnes impliqu\u00e9es.<\/p>\n<p>Or, pour remplir ces expectatives, le <strong>centro de dosimetr\u00eda<\/strong> e assure la qualit\u00e9 du service par le biais d\u2019une gestion bas\u00e9e sur les approches suivantes\u00a0:<\/p>\n<ul>\n<li>Syst\u00e8me int\u00e9gral de gestion de la qualit\u00e9, de l\u2019environnement et de la s\u00e9curit\u00e9.<\/li>\n<li>Un service qui priorise le client et identifie les besoins standardis\u00e9s et sp\u00e9cifiques.<\/li>\n<li>Application de la gestion par processus, pour assurer l\u2019am\u00e9lioration constante.<\/li>\n<li>Suivi du service, via l\u2019application d\u2019un tableau de mesures des aspects relatifs au service, \u00e0 la qualit\u00e9, etc.<\/li>\n<\/ul>\n","protected":false},"excerpt":{"rendered":"<p>&nbsp; La mission du centro de dosimetr\u00eda consiste \u00e0 offrir un service de dosim\u00e9trie personnelle qui couvre les besoins de ses clients, tout en appliquant des valeurs qui prouvent son engagement en faveur de l&#8217;environnement, en \u00e9valuant l&#8217;impact sur la communaut\u00e9, l&#8217;environnement et les personnes impliqu\u00e9es. Or, pour remplir ces expectatives, le centro de dosimetr\u00eda [&hellip;]<\/p>\n","protected":false},"author":22,"featured_media":0,"parent":0,"menu_order":5,"comment_status":"closed","ping_status":"open","template":"page-imagensuperior.php","meta":{"_acf_changed":false,"footnotes":""},"class_list":["post-2012","page","type-page","status-publish","hentry"],"acf":[],"_links":{"self":[{"href":"https:\/\/www.dosimetria.com\/fr\/wp-json\/wp\/v2\/pages\/2012"}],"collection":[{"href":"https:\/\/www.dosimetria.com\/fr\/wp-json\/wp\/v2\/pages"}],"about":[{"href":"https:\/\/www.dosimetria.com\/fr\/wp-json\/wp\/v2\/types\/page"}],"author":[{"embeddable":true,"href":"https:\/\/www.dosimetria.com\/fr\/wp-json\/wp\/v2\/users\/22"}],"replies":[{"embeddable":true,"href":"https:\/\/www.dosimetria.com\/fr\/wp-json\/wp\/v2\/comments?post=2012"}],"version-history":[{"count":0,"href":"https:\/\/www.dosimetria.com\/fr\/wp-json\/wp\/v2\/pages\/2012\/revisions"}],"wp:attachment":[{"href":"https:\/\/www.dosimetria.com\/fr\/wp-json\/wp\/v2\/media?parent=2012"}],"curies":[{"name":"wp","href":"https:\/\/api.w.org\/{rel}","templated":true}]}}