{"id":2020,"date":"2012-11-06T10:26:18","date_gmt":"2012-11-06T10:26:18","guid":{"rendered":"https:\/\/www.dosimetria.com\/biblioteca\/"},"modified":"2016-06-27T12:00:34","modified_gmt":"2016-06-27T10:00:34","slug":"biblioteca","status":"publish","type":"page","link":"https:\/\/www.dosimetria.com\/fr\/biblioteca\/","title":{"rendered":"Biblioth\u00e8que"},"content":{"rendered":"<p>Cette section vise \u00e0 fournir au lecteur des informations relatives aux documents du secteur, aux normes et sites d\u2019int\u00e9r\u00eat li\u00e9s \u00e0 l\u2019activit\u00e9 de <strong>centro de dosimetr\u00eda<\/strong>.<\/p>\n<p>&nbsp;<\/p>\n","protected":false},"excerpt":{"rendered":"<p>Cette section vise \u00e0 fournir au lecteur des informations relatives aux documents du secteur, aux normes et sites d\u2019int\u00e9r\u00eat li\u00e9s \u00e0 l\u2019activit\u00e9 de centro de dosimetr\u00eda. &nbsp;<\/p>\n","protected":false},"author":22,"featured_media":0,"parent":0,"menu_order":6,"comment_status":"closed","ping_status":"closed","template":"page-imagensuperior.php","meta":{"_acf_changed":false,"footnotes":""},"class_list":["post-2020","page","type-page","status-publish","hentry"],"acf":[],"_links":{"self":[{"href":"https:\/\/www.dosimetria.com\/fr\/wp-json\/wp\/v2\/pages\/2020"}],"collection":[{"href":"https:\/\/www.dosimetria.com\/fr\/wp-json\/wp\/v2\/pages"}],"about":[{"href":"https:\/\/www.dosimetria.com\/fr\/wp-json\/wp\/v2\/types\/page"}],"author":[{"embeddable":true,"href":"https:\/\/www.dosimetria.com\/fr\/wp-json\/wp\/v2\/users\/22"}],"replies":[{"embeddable":true,"href":"https:\/\/www.dosimetria.com\/fr\/wp-json\/wp\/v2\/comments?post=2020"}],"version-history":[{"count":0,"href":"https:\/\/www.dosimetria.com\/fr\/wp-json\/wp\/v2\/pages\/2020\/revisions"}],"wp:attachment":[{"href":"https:\/\/www.dosimetria.com\/fr\/wp-json\/wp\/v2\/media?parent=2020"}],"curies":[{"name":"wp","href":"https:\/\/api.w.org\/{rel}","templated":true}]}}