{"id":2032,"date":"2012-10-25T09:40:35","date_gmt":"2012-10-25T09:40:35","guid":{"rendered":"https:\/\/www.dosimetria.com\/empresa\/"},"modified":"2024-10-03T12:44:53","modified_gmt":"2024-10-03T10:44:53","slug":"empresa","status":"publish","type":"page","link":"https:\/\/www.dosimetria.com\/fr\/empresa\/","title":{"rendered":"Entreprise"},"content":{"rendered":"<p>Le <strong>centro de dosimetr\u00eda<\/strong> fut fond\u00e9 en 1981, afin d\u2019offrir le Service de Dosim\u00e9trie Personnelle (SDP) dans les domaines m\u00e9dical, scientifique et industriel, et contr\u00f4ler les professionnels expos\u00e9s aux rayonnements ionisants.<\/p>\n<p>La <strong>mission du centre de dosim\u00e9trie<\/strong> est d&#8217;offrir le SDP en satisfaisant les besoins des clients, en respectant \u00e0 la fois les exigences sp\u00e9cifi\u00e9es dans le R\u00e8glement sur la protection de la sant\u00e9 contre les risques d\u00e9coulant de l&#8217;exposition aux radiations ionisantes, D\u00e9cret Royal 1029\/2022, du 20 d\u00e9cembre, ainsi que les directives d\u00e9finies par le Conseil de S\u00e9curit\u00e9 Nucl\u00e9aire.<\/p>\n<p>Au fil de ses 30 ans d\u2019existence, l\u2019entreprise a pr\u00e9serv\u00e9 sa strat\u00e9gie de sp\u00e9cialisation en SDP, et a mis\u00e9 sur l\u2019am\u00e9lioration constante dans le domaine de la dosim\u00e9trie personnelle. Les principales valeurs de l\u2019entreprise consistent \u00e0 assurer la qualit\u00e9 des essais, \u00e0 respecter l\u2019environnement et \u00e0 collaborer, dans la mesure du possible, dans le d\u00e9veloppement du secteur de la Protection Radiologique et en g\u00e9n\u00e9ral, \u00e0 s\u2019impliquer en faveur de l\u2019environnement social.<\/p>\n<p style=\"text-align: justify;\">\n","protected":false},"excerpt":{"rendered":"<p>Le centro de dosimetr\u00eda fut fond\u00e9 en 1981, afin d\u2019offrir le Service de Dosim\u00e9trie Personnelle (SDP) dans les domaines m\u00e9dical, scientifique et industriel, et contr\u00f4ler les professionnels expos\u00e9s aux rayonnements ionisants. La mission du centre de dosim\u00e9trie est d&#8217;offrir le SDP en satisfaisant les besoins des clients, en respectant \u00e0 la fois les exigences sp\u00e9cifi\u00e9es [&hellip;]<\/p>\n","protected":false},"author":22,"featured_media":0,"parent":0,"menu_order":1,"comment_status":"closed","ping_status":"closed","template":"page-imagensuperior.php","meta":{"_acf_changed":false,"footnotes":""},"class_list":["post-2032","page","type-page","status-publish","hentry"],"acf":[],"_links":{"self":[{"href":"https:\/\/www.dosimetria.com\/fr\/wp-json\/wp\/v2\/pages\/2032"}],"collection":[{"href":"https:\/\/www.dosimetria.com\/fr\/wp-json\/wp\/v2\/pages"}],"about":[{"href":"https:\/\/www.dosimetria.com\/fr\/wp-json\/wp\/v2\/types\/page"}],"author":[{"embeddable":true,"href":"https:\/\/www.dosimetria.com\/fr\/wp-json\/wp\/v2\/users\/22"}],"replies":[{"embeddable":true,"href":"https:\/\/www.dosimetria.com\/fr\/wp-json\/wp\/v2\/comments?post=2032"}],"version-history":[{"count":1,"href":"https:\/\/www.dosimetria.com\/fr\/wp-json\/wp\/v2\/pages\/2032\/revisions"}],"predecessor-version":[{"id":9213,"href":"https:\/\/www.dosimetria.com\/fr\/wp-json\/wp\/v2\/pages\/2032\/revisions\/9213"}],"wp:attachment":[{"href":"https:\/\/www.dosimetria.com\/fr\/wp-json\/wp\/v2\/media?parent=2032"}],"curies":[{"name":"wp","href":"https:\/\/api.w.org\/{rel}","templated":true}]}}