{"id":2047,"date":"2012-12-11T09:32:22","date_gmt":"2012-12-11T09:32:22","guid":{"rendered":"https:\/\/www.dosimetria.com\/dosimetria\/dosimetria-ocupacional\/"},"modified":"2017-05-11T18:12:08","modified_gmt":"2017-05-11T16:12:08","slug":"dosimetria-ocupacional","status":"publish","type":"page","link":"https:\/\/www.dosimetria.com\/fr\/dosimetria\/dosimetria-ocupacional\/","title":{"rendered":"Dosim\u00e9trie sur le lieu de travail"},"content":{"rendered":"<p>&nbsp;<\/p>\n<p>Ce type de dosim\u00e9trie est utilis\u00e9 pour mesurer les doses dans un milieu et selon l\u2019application, on peut utiliser:<\/p>\n<ul>\n<li><strong>Dosim\u00e9trie de zone:<\/strong> Elle est utilis\u00e9e pour mesurer la dose dans une zone concr\u00e8te. N\u00e9anmoins, aux niveaux pratiques, et d\u00e8s lors que le responsable de la protection radiologique le d\u00e9termine, elle peut \u00eatre utilis\u00e9e pour estimer les doses \u00e9quivalentes personnelles.<\/li>\n<li><strong>Dosim\u00e9trie environnementale:<\/strong> Nous visons ici \u00e0 mesurer l\u2019impact des rayonnements sur l\u2019environnement ou sur un milieu d\u00e9termin\u00e9.<\/li>\n<li><strong>Dosim\u00e9trie du poste de travail:<\/strong> Une autre forme d\u2019estimation des doses \u00e9quivalentes re\u00e7ues par les employ\u00e9s consiste \u00e0 attribuer un dosim\u00e8tre \u00e0 un poste de travail. Ce dosim\u00e8tre est donc partag\u00e9 par tous les travailleurs qui exercent les m\u00eames fonctions ou r\u00e9alisent les m\u00eames t\u00e2ches.<\/li>\n<\/ul>\n<p style=\"text-align: justify;\">\n","protected":false},"excerpt":{"rendered":"<p>&nbsp; Ce type de dosim\u00e9trie est utilis\u00e9 pour mesurer les doses dans un milieu et selon l\u2019application, on peut utiliser: Dosim\u00e9trie de zone: Elle est utilis\u00e9e pour mesurer la dose dans une zone concr\u00e8te. N\u00e9anmoins, aux niveaux pratiques, et d\u00e8s lors que le responsable de la protection radiologique le d\u00e9termine, elle peut \u00eatre utilis\u00e9e pour [&hellip;]<\/p>\n","protected":false},"author":22,"featured_media":0,"parent":1974,"menu_order":2,"comment_status":"closed","ping_status":"open","template":"page-imagensuperior.php","meta":{"_acf_changed":false,"footnotes":""},"class_list":["post-2047","page","type-page","status-publish","hentry"],"acf":[],"_links":{"self":[{"href":"https:\/\/www.dosimetria.com\/fr\/wp-json\/wp\/v2\/pages\/2047"}],"collection":[{"href":"https:\/\/www.dosimetria.com\/fr\/wp-json\/wp\/v2\/pages"}],"about":[{"href":"https:\/\/www.dosimetria.com\/fr\/wp-json\/wp\/v2\/types\/page"}],"author":[{"embeddable":true,"href":"https:\/\/www.dosimetria.com\/fr\/wp-json\/wp\/v2\/users\/22"}],"replies":[{"embeddable":true,"href":"https:\/\/www.dosimetria.com\/fr\/wp-json\/wp\/v2\/comments?post=2047"}],"version-history":[{"count":0,"href":"https:\/\/www.dosimetria.com\/fr\/wp-json\/wp\/v2\/pages\/2047\/revisions"}],"up":[{"embeddable":true,"href":"https:\/\/www.dosimetria.com\/fr\/wp-json\/wp\/v2\/pages\/1974"}],"wp:attachment":[{"href":"https:\/\/www.dosimetria.com\/fr\/wp-json\/wp\/v2\/media?parent=2047"}],"curies":[{"name":"wp","href":"https:\/\/api.w.org\/{rel}","templated":true}]}}