{"id":2055,"date":"2012-12-11T09:32:49","date_gmt":"2012-12-11T09:32:49","guid":{"rendered":"https:\/\/www.dosimetria.com\/dosimetria\/dosimetria-a-medida\/"},"modified":"2014-09-25T14:28:19","modified_gmt":"2014-09-25T12:28:19","slug":"dosimetria-a-medida","status":"publish","type":"page","link":"https:\/\/www.dosimetria.com\/fr\/dosimetria\/dosimetria-a-medida\/","title":{"rendered":"Dosim\u00e9trie sur mesure"},"content":{"rendered":"<p>Depuis ses d\u00e9buts, le <strong>centro de dosimetr\u00eda<\/strong> est une entreprise pionni\u00e8re dans le secteur de la dosim\u00e9trie, tant au niveau national qu\u2019international, en collaborant avec des organisations, des entreprises et des clients du secteur, en faveur du d\u00e9veloppement de la dosim\u00e9trie en tant que tel. C\u2019est pourquoi, outre l\u2019am\u00e9lioration constante dans le service de dosim\u00e9trie personnelle, nous avons centr\u00e9 nos efforts dans la d\u00e9finition et la participation \u00e0 d\u2019autres applications additionnelles.<\/p>\n<p>Dans cette section, nous vous pr\u00e9sentons quelques unes des applications qui se sont av\u00e9r\u00e9es \u00eatre un franc succ\u00e8s et qui s\u2019appliquent actuellement de forme ponctuelle, notamment dans la recherche ou l\u2019implantation d\u2019am\u00e9liorations au sein des entreprises du secteur m\u00e9dical.<\/p>\n<p>&nbsp;<\/p>\n<p>&nbsp;<\/p>\n","protected":false},"excerpt":{"rendered":"<p>Depuis ses d\u00e9buts, le centro de dosimetr\u00eda est une entreprise pionni\u00e8re dans le secteur de la dosim\u00e9trie, tant au niveau national qu\u2019international, en collaborant avec des organisations, des entreprises et des clients du secteur, en faveur du d\u00e9veloppement de la dosim\u00e9trie en tant que tel. C\u2019est pourquoi, outre l\u2019am\u00e9lioration constante dans le service de dosim\u00e9trie [&hellip;]<\/p>\n","protected":false},"author":22,"featured_media":0,"parent":1974,"menu_order":3,"comment_status":"closed","ping_status":"open","template":"","meta":{"_acf_changed":false,"footnotes":""},"class_list":["post-2055","page","type-page","status-publish","hentry"],"acf":[],"_links":{"self":[{"href":"https:\/\/www.dosimetria.com\/fr\/wp-json\/wp\/v2\/pages\/2055"}],"collection":[{"href":"https:\/\/www.dosimetria.com\/fr\/wp-json\/wp\/v2\/pages"}],"about":[{"href":"https:\/\/www.dosimetria.com\/fr\/wp-json\/wp\/v2\/types\/page"}],"author":[{"embeddable":true,"href":"https:\/\/www.dosimetria.com\/fr\/wp-json\/wp\/v2\/users\/22"}],"replies":[{"embeddable":true,"href":"https:\/\/www.dosimetria.com\/fr\/wp-json\/wp\/v2\/comments?post=2055"}],"version-history":[{"count":0,"href":"https:\/\/www.dosimetria.com\/fr\/wp-json\/wp\/v2\/pages\/2055\/revisions"}],"up":[{"embeddable":true,"href":"https:\/\/www.dosimetria.com\/fr\/wp-json\/wp\/v2\/pages\/1974"}],"wp:attachment":[{"href":"https:\/\/www.dosimetria.com\/fr\/wp-json\/wp\/v2\/media?parent=2055"}],"curies":[{"name":"wp","href":"https:\/\/api.w.org\/{rel}","templated":true}]}}