{"id":2064,"date":"2012-10-25T11:32:11","date_gmt":"2012-10-25T11:32:11","guid":{"rendered":"https:\/\/www.dosimetria.com\/dosimetria\/dosimetria-individual\/cuerpo-entero\/"},"modified":"2016-06-27T11:26:00","modified_gmt":"2016-06-27T09:26:00","slug":"cuerpo-entero","status":"publish","type":"page","link":"https:\/\/www.dosimetria.com\/fr\/dosimetria\/dosimetria-individual\/cuerpo-entero\/","title":{"rendered":"Corps entier"},"content":{"rendered":"<p>La surveillance dosim\u00e9trique habituelle est r\u00e9alis\u00e9e au travers des dosim\u00e8tres individuels appel\u00e9s de \u00ab\u00a0corps entier\u00a0\u00bb, calibr\u00e9s en dose \u00e9quivalente personnelle superficielle H<sub>P<\/sub>(0.07) et profonde H<sub>P<\/sub>(10).<\/p>\n<ul>\n<li>Ils sont livr\u00e9s dans un bo\u00eetier en polycarbonate transparent et accompagn\u00e9s d\u2019une pince, pour la mise en place du dosim\u00e8tre.<\/li>\n<li>Ils sont bleus ou jaunes\u00a0; le bleu est utilis\u00e9 pendant les mois pairs et le jaune pendant les mois impairs.<\/li>\n<\/ul>\n<p>Normes \u00e9l\u00e9mentaires d\u2019utilisation\u00a0:<\/p>\n<ul>\n<li>Le dosim\u00e8tre est personnel et incessible.<\/li>\n<li>Il doit \u00eatre port\u00e9 pendant toute la journ\u00e9e de travail et ne pas \u00eatre retir\u00e9 hors du centre de travail.<\/li>\n<li>Il doit \u00eatre plac\u00e9 sur la poitrine, avec la face ant\u00e9rieure pour que le nom de l\u2019utilisateur soit visible.<\/li>\n<li>Si le travailleur porte une protection (tablier plomb\u00e9, etc.), le dosim\u00e8tre doit \u00eatre plac\u00e9 en-dessous.<\/li>\n<\/ul>\n<p style=\"text-align: justify;\">\n","protected":false},"excerpt":{"rendered":"<p>La surveillance dosim\u00e9trique habituelle est r\u00e9alis\u00e9e au travers des dosim\u00e8tres individuels appel\u00e9s de \u00ab\u00a0corps entier\u00a0\u00bb, calibr\u00e9s en dose \u00e9quivalente personnelle superficielle HP(0.07) et profonde HP(10). Ils sont livr\u00e9s dans un bo\u00eetier en polycarbonate transparent et accompagn\u00e9s d\u2019une pince, pour la mise en place du dosim\u00e8tre. Ils sont bleus ou jaunes\u00a0; le bleu est utilis\u00e9 pendant [&hellip;]<\/p>\n","protected":false},"author":22,"featured_media":0,"parent":1982,"menu_order":1,"comment_status":"closed","ping_status":"closed","template":"page-imagensuperior.php","meta":{"_acf_changed":false,"footnotes":""},"class_list":["post-2064","page","type-page","status-publish","hentry"],"acf":[],"_links":{"self":[{"href":"https:\/\/www.dosimetria.com\/fr\/wp-json\/wp\/v2\/pages\/2064"}],"collection":[{"href":"https:\/\/www.dosimetria.com\/fr\/wp-json\/wp\/v2\/pages"}],"about":[{"href":"https:\/\/www.dosimetria.com\/fr\/wp-json\/wp\/v2\/types\/page"}],"author":[{"embeddable":true,"href":"https:\/\/www.dosimetria.com\/fr\/wp-json\/wp\/v2\/users\/22"}],"replies":[{"embeddable":true,"href":"https:\/\/www.dosimetria.com\/fr\/wp-json\/wp\/v2\/comments?post=2064"}],"version-history":[{"count":0,"href":"https:\/\/www.dosimetria.com\/fr\/wp-json\/wp\/v2\/pages\/2064\/revisions"}],"up":[{"embeddable":true,"href":"https:\/\/www.dosimetria.com\/fr\/wp-json\/wp\/v2\/pages\/1982"}],"wp:attachment":[{"href":"https:\/\/www.dosimetria.com\/fr\/wp-json\/wp\/v2\/media?parent=2064"}],"curies":[{"name":"wp","href":"https:\/\/api.w.org\/{rel}","templated":true}]}}